{"id":126,"date":"2022-03-28T12:36:40","date_gmt":"2022-03-28T12:36:40","guid":{"rendered":"https:\/\/w3.ese.ipsantarem.pt\/eseinv2\/?page_id=126"},"modified":"2022-04-04T09:24:32","modified_gmt":"2022-04-04T09:24:32","slug":"professorres","status":"publish","type":"page","link":"https:\/\/w3.ese.ipsantarem.pt\/eseinv2\/professorres\/","title":{"rendered":"Professores"},"content":{"rendered":"\t\t<div data-elementor-type=\"wp-page\" data-elementor-id=\"126\" class=\"elementor elementor-126\">\n\t\t\t\t\t\t<section class=\"elementor-section elementor-top-section elementor-element elementor-element-25f599c elementor-section-boxed elementor-section-height-default elementor-section-height-default\" data-id=\"25f599c\" data-element_type=\"section\" data-e-type=\"section\">\n\t\t\t\t\t\t<div class=\"elementor-container elementor-column-gap-default\">\n\t\t\t\t\t<div class=\"elementor-column elementor-col-100 elementor-top-column elementor-element elementor-element-46462d3\" data-id=\"46462d3\" data-element_type=\"column\" data-e-type=\"column\">\n\t\t\t<div class=\"elementor-widget-wrap elementor-element-populated\">\n\t\t\t\t\t\t<div class=\"elementor-element elementor-element-b5c8479 elementor-widget elementor-widget-image\" data-id=\"b5c8479\" data-element_type=\"widget\" data-e-type=\"widget\" data-widget_type=\"image.default\">\n\t\t\t\t<div class=\"elementor-widget-container\">\n\t\t\t\t\t\t\t\t\t\t\t\t\t\t\t<img fetchpriority=\"high\" decoding=\"async\" width=\"550\" height=\"440\" src=\"https:\/\/w3.ese.ipsantarem.pt\/eseinv2\/wp-content\/uploads\/2022\/03\/img-prof1.png\" class=\"attachment-large size-large wp-image-250\" alt=\"\" srcset=\"https:\/\/w3.ese.ipsantarem.pt\/eseinv2\/wp-content\/uploads\/2022\/03\/img-prof1.png 550w, https:\/\/w3.ese.ipsantarem.pt\/eseinv2\/wp-content\/uploads\/2022\/03\/img-prof1-300x240.png 300w\" sizes=\"(max-width: 550px) 100vw, 550px\" \/>\t\t\t\t\t\t\t\t\t\t\t\t\t\t\t<\/div>\n\t\t\t\t<\/div>\n\t\t\t\t<div class=\"elementor-element elementor-element-bb61efc elementor-widget-divider--view-line_icon elementor-view-default elementor-widget-divider--element-align-center elementor-widget elementor-widget-divider\" data-id=\"bb61efc\" data-element_type=\"widget\" data-e-type=\"widget\" data-widget_type=\"divider.default\">\n\t\t\t\t<div class=\"elementor-widget-container\">\n\t\t\t\t\t\t\t<div class=\"elementor-divider\">\n\t\t\t<span class=\"elementor-divider-separator\">\n\t\t\t\t\t\t\t<div class=\"elementor-icon elementor-divider__element\">\n\t\t\t\t\t<i aria-hidden=\"true\" class=\"fas fa-sort-down\"><\/i><\/div>\n\t\t\t\t\t\t<\/span>\n\t\t<\/div>\n\t\t\t\t\t\t<\/div>\n\t\t\t\t<\/div>\n\t\t\t\t\t<\/div>\n\t\t<\/div>\n\t\t\t\t\t<\/div>\n\t\t<\/section>\n\t\t\t\t<section class=\"elementor-section elementor-top-section elementor-element elementor-element-112da22 elementor-section-boxed elementor-section-height-default elementor-section-height-default\" data-id=\"112da22\" data-element_type=\"section\" data-e-type=\"section\">\n\t\t\t\t\t\t<div class=\"elementor-container elementor-column-gap-default\">\n\t\t\t\t\t<div class=\"elementor-column elementor-col-100 elementor-top-column elementor-element elementor-element-640e108\" data-id=\"640e108\" data-element_type=\"column\" data-e-type=\"column\">\n\t\t\t<div class=\"elementor-widget-wrap elementor-element-populated\">\n\t\t\t\t\t\t<div class=\"elementor-element elementor-element-1264517 elementor-position-top elementor-widget elementor-widget-image-box\" data-id=\"1264517\" data-element_type=\"widget\" data-e-type=\"widget\" data-widget_type=\"image-box.default\">\n\t\t\t\t<div class=\"elementor-widget-container\">\n\t\t\t\t\t<div class=\"elementor-image-box-wrapper\"><figure class=\"elementor-image-box-img\"><img decoding=\"async\" width=\"50\" height=\"60\" src=\"https:\/\/w3.ese.ipsantarem.pt\/eseinv2\/wp-content\/uploads\/2022\/03\/bento.png\" class=\"attachment-full size-full wp-image-251\" alt=\"\" \/><\/figure><div class=\"elementor-image-box-content\"><h3 class=\"elementor-image-box-title\">Bento Cavadas | bento.cavadas@ese.ipsantarem.pt<\/h3><p class=\"elementor-image-box-description\"><ul><dl>\n- PhD in  Education;<br>\n- Degree in Biology and Geology Teaching;<br>\n- Research interests: Science Education; STEAM; Innovation in Education; Innovative Learning Environments; Teacher Education; Textbooks;<br>\n- Interesses de investiga\u00e7\u00e3o: Did\u00e1tica das Ci\u00eancias; STEAM; Inova\u00e7\u00e3o em Educa\u00e7\u00e3o; Ambientes Educativos Inovadores; Forma\u00e7\u00e3o de Professores; Manuais Escolares.<br>\n<br>\n\n\n\n<a href=\"https:\/\/www.researchgate.net\/profile\/Bento_Cavadas\">https:\/\/www.researchgate.net\/profile\/Bento_Cavadas<\/a>\n<\/dl><\/ul><\/p><\/div><\/div>\t\t\t\t<\/div>\n\t\t\t\t<\/div>\n\t\t\t\t\t<\/div>\n\t\t<\/div>\n\t\t\t\t\t<\/div>\n\t\t<\/section>\n\t\t\t\t<section class=\"elementor-section elementor-top-section elementor-element elementor-element-251d1f1 elementor-section-boxed elementor-section-height-default elementor-section-height-default\" data-id=\"251d1f1\" data-element_type=\"section\" data-e-type=\"section\">\n\t\t\t\t\t\t<div class=\"elementor-container elementor-column-gap-default\">\n\t\t\t\t\t<div class=\"elementor-column elementor-col-100 elementor-top-column elementor-element elementor-element-a24bd38\" data-id=\"a24bd38\" data-element_type=\"column\" data-e-type=\"column\">\n\t\t\t<div class=\"elementor-widget-wrap elementor-element-populated\">\n\t\t\t\t\t\t<div class=\"elementor-element elementor-element-51fccc4 elementor-position-top elementor-widget elementor-widget-image-box\" data-id=\"51fccc4\" data-element_type=\"widget\" data-e-type=\"widget\" data-widget_type=\"image-box.default\">\n\t\t\t\t<div class=\"elementor-widget-container\">\n\t\t\t\t\t<div class=\"elementor-image-box-wrapper\"><figure class=\"elementor-image-box-img\"><a href=\"https:\/\/www.researchgate.net\/profile\/Elisabete_Linhares\" rel=\"nofollow\" tabindex=\"-1\"><img decoding=\"async\" width=\"50\" height=\"66\" src=\"https:\/\/w3.ese.ipsantarem.pt\/eseinv2\/wp-content\/uploads\/2022\/03\/elisabete.png\" class=\"attachment-full size-full wp-image-273\" alt=\"\" \/><\/a><\/figure><div class=\"elementor-image-box-content\"><h3 class=\"elementor-image-box-title\"><a href=\"https:\/\/www.researchgate.net\/profile\/Elisabete_Linhares\" rel=\"nofollow\">Elisabete Linhares | elisabete.linhares@ese.ipsantarem.pt<\/a><\/h3><p class=\"elementor-image-box-description\"><ul><dl>- PhD in Science Education;<br>\n- MSc in Marine Ecology;<br>\n- Degree in Biology Teaching;<br>\n- Research interests: Science Education; Promoting students\u2019 Collective Activism; Controversial Issues in the Teaching of Science; Environmental Education; ICT in Education; Inquiry Based Learning; Teacher\u2019s professional development.;<br>\n- Interesses de investiga\u00e7\u00e3o: Did\u00e1tica das Ci\u00eancias; Promo\u00e7\u00e3o do Ativismo Coletivo dos Estudantes; Controv\u00e9rsias Sociocient\u00edficas; Educa\u00e7\u00e3o Ambiental; TIC em Educa\u00e7\u00e3o; Inquiry-Based Learning; Desenvolvimento Profissional dos Professores.<br>\n<br>\n<a href=\"https:\/\/www.researchgate.net\/profile\/Elisabete_Linhares\">https:\/\/www.researchgate.net\/profile\/Elisabete_Linhares<\/a><\/dl><\/ul><\/p><\/div><\/div>\t\t\t\t<\/div>\n\t\t\t\t<\/div>\n\t\t\t\t\t<\/div>\n\t\t<\/div>\n\t\t\t\t\t<\/div>\n\t\t<\/section>\n\t\t\t\t<section class=\"elementor-section elementor-top-section elementor-element elementor-element-909580a elementor-section-boxed elementor-section-height-default elementor-section-height-default\" data-id=\"909580a\" data-element_type=\"section\" data-e-type=\"section\" data-settings=\"{&quot;background_background&quot;:&quot;classic&quot;}\">\n\t\t\t\t\t\t<div class=\"elementor-container elementor-column-gap-default\">\n\t\t\t\t\t<div class=\"elementor-column elementor-col-100 elementor-top-column elementor-element elementor-element-58b7f70\" data-id=\"58b7f70\" data-element_type=\"column\" data-e-type=\"column\">\n\t\t\t<div class=\"elementor-widget-wrap elementor-element-populated\">\n\t\t\t\t\t\t<div class=\"elementor-element elementor-element-7b0f639 elementor-position-top elementor-widget elementor-widget-image-box\" data-id=\"7b0f639\" data-element_type=\"widget\" data-e-type=\"widget\" data-widget_type=\"image-box.default\">\n\t\t\t\t<div class=\"elementor-widget-container\">\n\t\t\t\t\t<div class=\"elementor-image-box-wrapper\"><figure class=\"elementor-image-box-img\"><a href=\"https:\/\/www.researchgate.net\/profile\/Elisabete_Linhares\" rel=\"nofollow\" tabindex=\"-1\"><img loading=\"lazy\" decoding=\"async\" width=\"51\" height=\"65\" src=\"https:\/\/w3.ese.ipsantarem.pt\/eseinv2\/wp-content\/uploads\/2022\/03\/marisa.png\" class=\"attachment-full size-full wp-image-299\" alt=\"\" \/><\/a><\/figure><div class=\"elementor-image-box-content\"><h3 class=\"elementor-image-box-title\"><a href=\"https:\/\/www.researchgate.net\/profile\/Elisabete_Linhares\" rel=\"nofollow\">Marisa Correia | marisa.correia@ese.ipsantarem.pt<\/a><\/h3><p class=\"elementor-image-box-description\"><ul><dl>- PhD in Science Education;<br>\n- Master in Education;<br>\n- Degree in Chemistry and Physics;<br>\n- Research interests: Science Education; STEAM; Innovation in Education; Innovative Learning Environments; ICT in Education; eLearning; Learning Assessment; Environmental Education.;<br>\n- Interesses de investiga\u00e7\u00e3o: Did\u00e1tica das Ci\u00eancias; STEAM; Inova\u00e7\u00e3o em Educa\u00e7\u00e3o; Ambientes Educativos Inovadores; Tecnologias Digitais na Educa\u00e7\u00e3o; Educa\u00e7\u00e3o a Dist\u00e2ncia; Avalia\u00e7\u00e3o das Aprendizagens; Educa\u00e7\u00e3o Ambiental.<br>\n<br>\n<br>\n<a href=\"https:\/\/www.researchgate.net\/profile\/Marisa_Correia\">https:\/\/www.researchgate.net\/profile\/Marisa_Correia<\/a>\n<\/ul><\/dl><\/p><\/div><\/div>\t\t\t\t<\/div>\n\t\t\t\t<\/div>\n\t\t\t\t\t<\/div>\n\t\t<\/div>\n\t\t\t\t\t<\/div>\n\t\t<\/section>\n\t\t\t\t<section class=\"elementor-section elementor-top-section elementor-element elementor-element-9488fa2 elementor-section-boxed elementor-section-height-default elementor-section-height-default\" data-id=\"9488fa2\" data-element_type=\"section\" data-e-type=\"section\">\n\t\t\t\t\t\t<div class=\"elementor-container elementor-column-gap-default\">\n\t\t\t\t\t<div class=\"elementor-column elementor-col-100 elementor-top-column elementor-element elementor-element-6189274\" data-id=\"6189274\" data-element_type=\"column\" data-e-type=\"column\">\n\t\t\t<div class=\"elementor-widget-wrap elementor-element-populated\">\n\t\t\t\t\t\t<div class=\"elementor-element elementor-element-0ed3346 elementor-position-top elementor-widget elementor-widget-image-box\" data-id=\"0ed3346\" data-element_type=\"widget\" data-e-type=\"widget\" data-widget_type=\"image-box.default\">\n\t\t\t\t<div class=\"elementor-widget-container\">\n\t\t\t\t\t<div class=\"elementor-image-box-wrapper\"><figure class=\"elementor-image-box-img\"><a href=\"https:\/\/www.researchgate.net\/profile\/Elisabete_Linhares\" rel=\"nofollow\" tabindex=\"-1\"><img loading=\"lazy\" decoding=\"async\" width=\"47\" height=\"64\" src=\"https:\/\/w3.ese.ipsantarem.pt\/eseinv2\/wp-content\/uploads\/2022\/03\/clara.png\" class=\"attachment-full size-full wp-image-284\" alt=\"\" \/><\/a><\/figure><div class=\"elementor-image-box-content\"><h3 class=\"elementor-image-box-title\"><a href=\"https:\/\/www.researchgate.net\/profile\/Elisabete_Linhares\" rel=\"nofollow\">Maria Clara Martins | clara.martins@ese.ipsantarem.pt<\/a><\/h3><p class=\"elementor-image-box-description\"><ul><dl>- Specialist in Elementary Teacher Education;<br>\n- Master in Mathematics for Teaching;<br>\n- Degree in Mathematics \u2013 Educational branch;<br>\n- Research interests: Mathematics Education; Preservice Teachers Education; Mathematics in the Early Years; Mathematics and Literature for Children; STEAM; Mathematical Games and Manipulatives; ICT in Mathematics Education.;<br>\n- Interesses de investiga\u00e7\u00e3o: Educa\u00e7\u00e3o em Matem\u00e1tica; Forma\u00e7\u00e3o Inicial de Professores; Matem\u00e1tica nos Primeiros Anos; Matem\u00e1tica e Literatura para Crian\u00e7as; STEAM; Jogos Matem\u00e1ticos e Materiais Manipul\u00e1veis; TIC em Educa\u00e7\u00e3o em Matem\u00e1tica.<br>\n<br>\n<a href=\"https:\/\/www.researchgate.net\/profile\/Maria_Martins32\">https:\/\/www.researchgate.net\/profile\/Maria_Martins32<\/a>\n<\/ul><\/dl><\/p><\/div><\/div>\t\t\t\t<\/div>\n\t\t\t\t<\/div>\n\t\t\t\t\t<\/div>\n\t\t<\/div>\n\t\t\t\t\t<\/div>\n\t\t<\/section>\n\t\t\t\t<section class=\"elementor-section elementor-top-section elementor-element elementor-element-cd1442b elementor-section-boxed elementor-section-height-default elementor-section-height-default\" data-id=\"cd1442b\" data-element_type=\"section\" data-e-type=\"section\">\n\t\t\t\t\t\t<div class=\"elementor-container elementor-column-gap-default\">\n\t\t\t\t\t<div class=\"elementor-column elementor-col-100 elementor-top-column elementor-element elementor-element-04a4936\" data-id=\"04a4936\" data-element_type=\"column\" data-e-type=\"column\">\n\t\t\t<div class=\"elementor-widget-wrap elementor-element-populated\">\n\t\t\t\t\t\t<div class=\"elementor-element elementor-element-07d3977 elementor-position-top elementor-widget elementor-widget-image-box\" data-id=\"07d3977\" data-element_type=\"widget\" data-e-type=\"widget\" data-widget_type=\"image-box.default\">\n\t\t\t\t<div class=\"elementor-widget-container\">\n\t\t\t\t\t<div class=\"elementor-image-box-wrapper\"><figure class=\"elementor-image-box-img\"><img loading=\"lazy\" decoding=\"async\" width=\"52\" height=\"65\" src=\"https:\/\/w3.ese.ipsantarem.pt\/eseinv2\/wp-content\/uploads\/2022\/03\/nelson.png\" class=\"attachment-full size-full wp-image-305\" alt=\"\" \/><\/figure><div class=\"elementor-image-box-content\"><h3 class=\"elementor-image-box-title\">Nelson Mestrinho  nelson.mestrinho@ese.ipsantarem.pt<\/h3><p class=\"elementor-image-box-description\"><ul><dl>- MSc in Applied Mathematics;<br>\n- Degree in Mathematics;<br>\n- Research interests: Didactics of Mathematics; Mathematical Modelling; Problem Solving; Interdisciplinary Mathematics Education; Teacher Education;<br>\n- Interesses de investiga\u00e7\u00e3o: Modela\u00e7\u00e3o Matem\u00e1tica; Resolu\u00e7\u00e3o de Problemas; Interdisciplinaridade na Educa\u00e7\u00e3o em Matem\u00e1tica; Forma\u00e7\u00e3o de Professores.<br>\n<br>\n\n<a href=\"https:\/\/www.researchgate.net\/profile\/Nelson_Mestrinho\">https:\/\/www.researchgate.net\/profile\/Nelson_Mestrinho<\/a><\/ul><\/dl><\/p><\/div><\/div>\t\t\t\t<\/div>\n\t\t\t\t<\/div>\n\t\t\t\t\t<\/div>\n\t\t<\/div>\n\t\t\t\t\t<\/div>\n\t\t<\/section>\n\t\t\t\t<section class=\"elementor-section elementor-top-section elementor-element elementor-element-b209d61 elementor-section-boxed elementor-section-height-default elementor-section-height-default\" data-id=\"b209d61\" data-element_type=\"section\" data-e-type=\"section\">\n\t\t\t\t\t\t<div class=\"elementor-container elementor-column-gap-default\">\n\t\t\t\t\t<div class=\"elementor-column elementor-col-100 elementor-top-column elementor-element elementor-element-ec144eb\" data-id=\"ec144eb\" data-element_type=\"column\" data-e-type=\"column\">\n\t\t\t<div class=\"elementor-widget-wrap elementor-element-populated\">\n\t\t\t\t\t\t<div class=\"elementor-element elementor-element-aca4c67 elementor-position-top elementor-widget elementor-widget-image-box\" data-id=\"aca4c67\" data-element_type=\"widget\" data-e-type=\"widget\" data-widget_type=\"image-box.default\">\n\t\t\t\t<div class=\"elementor-widget-container\">\n\t\t\t\t\t<div class=\"elementor-image-box-wrapper\"><figure class=\"elementor-image-box-img\"><img loading=\"lazy\" decoding=\"async\" width=\"54\" height=\"67\" src=\"https:\/\/w3.ese.ipsantarem.pt\/eseinv2\/wp-content\/uploads\/2022\/03\/neusa.png\" class=\"attachment-full size-full wp-image-306\" alt=\"\" \/><\/figure><div class=\"elementor-image-box-content\"><h3 class=\"elementor-image-box-title\">Neusa Branco neusa.branco@ese.ipsantarem.pt <\/h3><p class=\"elementor-image-box-description\"><ul><dl>- PhD in Didactics of Mathematics;<br>\n- Master in Education \u2013 Didactics of Mathematics;<br>\n- Degree in Mathematics Teaching;<br>\n- Research interests: Curricular integration of ICT and Mathematics; Early Algebra; Interdisciplinarity; Mathematics Education; Programming and robotics; Teacher Education;<br>\n- Interesses de investiga\u00e7\u00e3o: Integra\u00e7\u00e3o curricular das TIC e Matem\u00e1tica; \u00c1lgebra dos Primeiros Anos; Interdisciplinaridade; Educa\u00e7\u00e3o em Matem\u00e1tica; Programa\u00e7\u00e3o e Rob\u00f3tica; Forma\u00e7\u00e3o de Professores.<br>\n<br>\n\n<a href=\"https:\/\/www.researchgate.net\/profile\/Neusa_Branco7\">https:\/\/www.researchgate.net\/profile\/Neusa_Branco7<\/a>\n<\/ul><\/dl><\/p><\/div><\/div>\t\t\t\t<\/div>\n\t\t\t\t<\/div>\n\t\t\t\t\t<\/div>\n\t\t<\/div>\n\t\t\t\t\t<\/div>\n\t\t<\/section>\n\t\t\t\t<section class=\"elementor-section elementor-top-section elementor-element elementor-element-c652d62 elementor-section-boxed elementor-section-height-default elementor-section-height-default\" data-id=\"c652d62\" data-element_type=\"section\" data-e-type=\"section\">\n\t\t\t\t\t\t<div class=\"elementor-container elementor-column-gap-default\">\n\t\t\t\t\t<div class=\"elementor-column elementor-col-100 elementor-top-column elementor-element elementor-element-3ae5c0a\" data-id=\"3ae5c0a\" data-element_type=\"column\" data-e-type=\"column\">\n\t\t\t<div class=\"elementor-widget-wrap elementor-element-populated\">\n\t\t\t\t\t\t<div class=\"elementor-element elementor-element-ab0aa1f elementor-position-top elementor-widget elementor-widget-image-box\" data-id=\"ab0aa1f\" data-element_type=\"widget\" data-e-type=\"widget\" data-widget_type=\"image-box.default\">\n\t\t\t\t<div class=\"elementor-widget-container\">\n\t\t\t\t\t<div class=\"elementor-image-box-wrapper\"><figure class=\"elementor-image-box-img\"><img loading=\"lazy\" decoding=\"async\" width=\"49\" height=\"72\" src=\"https:\/\/w3.ese.ipsantarem.pt\/eseinv2\/wp-content\/uploads\/2022\/03\/raquel.png\" class=\"attachment-full size-full wp-image-307\" alt=\"\" \/><\/figure><div class=\"elementor-image-box-content\"><h3 class=\"elementor-image-box-title\">Raquel Santos | raquel.santos@ese.ipsantarem.pt<\/h3><p class=\"elementor-image-box-description\"><ul><dl>- PhD in Didactics of Mathematics;<br>\n- Master in Teaching and Curriculum in Mathematics;<br>\n- Degree in Mathematics \u2013 Educational branch;<br>\n- Research interests: Didactics of Mathematics; Statistical investigation in the early grades; Innovation in Education; ICT in Education; Programming and robotics; Teacher Education;<br>\n- Interesses de investiga\u00e7\u00e3o: Did\u00e1tica da Matem\u00e1tica; Investiga\u00e7\u00e3o Estat\u00edstica nos Primeiros Anos; Inova\u00e7\u00e3o em Educa\u00e7\u00e3o; TIC em Educa\u00e7\u00e3o; Programa\u00e7\u00e3o e Rob\u00f3tica; Forma\u00e7\u00e3o de Professores.<br>\n<br>\n\n<a href=\"https:\/\/www.researchgate.net\/profile\/Raquel_Santos7\">https:\/\/www.researchgate.net\/profile\/Raquel_Santos7<\/a>\n<\/ul><\/dl><\/p><\/div><\/div>\t\t\t\t<\/div>\n\t\t\t\t<\/div>\n\t\t\t\t\t<\/div>\n\t\t<\/div>\n\t\t\t\t\t<\/div>\n\t\t<\/section>\n\t\t\t\t<section class=\"elementor-section elementor-top-section elementor-element elementor-element-b0399ce elementor-section-boxed elementor-section-height-default elementor-section-height-default\" data-id=\"b0399ce\" data-element_type=\"section\" data-e-type=\"section\">\n\t\t\t\t\t\t<div class=\"elementor-container elementor-column-gap-default\">\n\t\t\t\t\t<div class=\"elementor-column elementor-col-100 elementor-top-column elementor-element elementor-element-c1ea3fb\" data-id=\"c1ea3fb\" data-element_type=\"column\" data-e-type=\"column\">\n\t\t\t<div class=\"elementor-widget-wrap elementor-element-populated\">\n\t\t\t\t\t\t<div class=\"elementor-element elementor-element-4fad6d9 elementor-position-top elementor-widget elementor-widget-image-box\" data-id=\"4fad6d9\" data-element_type=\"widget\" data-e-type=\"widget\" data-widget_type=\"image-box.default\">\n\t\t\t\t<div class=\"elementor-widget-container\">\n\t\t\t\t\t<div class=\"elementor-image-box-wrapper\"><figure class=\"elementor-image-box-img\"><img loading=\"lazy\" decoding=\"async\" width=\"51\" height=\"65\" src=\"https:\/\/w3.ese.ipsantarem.pt\/eseinv2\/wp-content\/uploads\/2022\/03\/susana.png\" class=\"attachment-full size-full wp-image-308\" alt=\"\" \/><\/figure><div class=\"elementor-image-box-content\"><h3 class=\"elementor-image-box-title\">Susana Cola\u00e7o  susana.colaco@ese.ipsantarem.pt<\/h3><p class=\"elementor-image-box-description\"><ul><dl>- PhD in Didactics of Mathematics;<br>\n- Master in Mathematics;<br>\n- Degree in Mathematics;<br>\n- Research interests: Didactics of Mathematics; Innovation in Education; Integration of ICT in Mathematics Education, Teacher Education; \n- Interesses de investiga\u00e7\u00e3o: Did\u00e1tica da Matem\u00e1tica; Inova\u00e7\u00e3o em Educa\u00e7\u00e3o; Integra\u00e7\u00e3o das TIC na Educa\u00e7\u00e3o em Matem\u00e1tica; Forma\u00e7\u00e3o de Professores; <br>\n<br>\n\n<a href=\"https:\/\/www.researchgate.net\/profile\/Susana_Colaco27\">https:\/\/www.researchgate.net\/profile\/Susana_Colaco27<\/a>\n<\/ul><\/dl><\/p><\/div><\/div>\t\t\t\t<\/div>\n\t\t\t\t<\/div>\n\t\t\t\t\t<\/div>\n\t\t<\/div>\n\t\t\t\t\t<\/div>\n\t\t<\/section>\n\t\t\t\t<section class=\"elementor-section elementor-top-section elementor-element elementor-element-ae80176 elementor-section-boxed elementor-section-height-default elementor-section-height-default\" data-id=\"ae80176\" data-element_type=\"section\" data-e-type=\"section\">\n\t\t\t\t\t\t<div class=\"elementor-container elementor-column-gap-default\">\n\t\t\t\t\t<div class=\"elementor-column elementor-col-100 elementor-top-column elementor-element elementor-element-6939abe\" data-id=\"6939abe\" data-element_type=\"column\" data-e-type=\"column\">\n\t\t\t<div class=\"elementor-widget-wrap\">\n\t\t\t\t\t\t\t<\/div>\n\t\t<\/div>\n\t\t\t\t\t<\/div>\n\t\t<\/section>\n\t\t\t\t<\/div>\n\t\t","protected":false},"excerpt":{"rendered":"<p>Bento Cavadas | bento.cavadas@ese.ipsantarem.pt &#8211; PhD in Education; &#8211; Degree in Biology and Geology Teaching; &#8211; Research interests: Science Education; STEAM; Innovation in Education; Innovative Learning Environments; Teacher Education; Textbooks; &#8211; Interesses de investiga\u00e7\u00e3o: Did\u00e1tica das Ci\u00eancias; STEAM; Inova\u00e7\u00e3o em Educa\u00e7\u00e3o; Ambientes Educativos Inovadores; Forma\u00e7\u00e3o de Professores; Manuais Escolares. https:\/\/www.researchgate.net\/profile\/Bento_Cavadas Elisabete Linhares | elisabete.linhares@ese.ipsantarem.pt &#8211; [&hellip;]<\/p>\n","protected":false},"author":1,"featured_media":0,"parent":0,"menu_order":0,"comment_status":"closed","ping_status":"closed","template":"","meta":{"_eb_attr":"","footnotes":""},"class_list":["post-126","page","type-page","status-publish","hentry"],"_links":{"self":[{"href":"https:\/\/w3.ese.ipsantarem.pt\/eseinv2\/wp-json\/wp\/v2\/pages\/126","targetHints":{"allow":["GET"]}}],"collection":[{"href":"https:\/\/w3.ese.ipsantarem.pt\/eseinv2\/wp-json\/wp\/v2\/pages"}],"about":[{"href":"https:\/\/w3.ese.ipsantarem.pt\/eseinv2\/wp-json\/wp\/v2\/types\/page"}],"author":[{"embeddable":true,"href":"https:\/\/w3.ese.ipsantarem.pt\/eseinv2\/wp-json\/wp\/v2\/users\/1"}],"replies":[{"embeddable":true,"href":"https:\/\/w3.ese.ipsantarem.pt\/eseinv2\/wp-json\/wp\/v2\/comments?post=126"}],"version-history":[{"count":89,"href":"https:\/\/w3.ese.ipsantarem.pt\/eseinv2\/wp-json\/wp\/v2\/pages\/126\/revisions"}],"predecessor-version":[{"id":1333,"href":"https:\/\/w3.ese.ipsantarem.pt\/eseinv2\/wp-json\/wp\/v2\/pages\/126\/revisions\/1333"}],"wp:attachment":[{"href":"https:\/\/w3.ese.ipsantarem.pt\/eseinv2\/wp-json\/wp\/v2\/media?parent=126"}],"curies":[{"name":"wp","href":"https:\/\/api.w.org\/{rel}","templated":true}]}}