{"id":134,"date":"2022-03-28T12:44:52","date_gmt":"2022-03-28T12:44:52","guid":{"rendered":"https:\/\/w3.ese.ipsantarem.pt\/eseinv2\/?page_id=134"},"modified":"2022-04-01T15:49:38","modified_gmt":"2022-04-01T15:49:38","slug":"active-education-space","status":"publish","type":"page","link":"https:\/\/w3.ese.ipsantarem.pt\/eseinv2\/active-education-space\/","title":{"rendered":"Active Education Space"},"content":{"rendered":"\t\t<div data-elementor-type=\"wp-page\" data-elementor-id=\"134\" class=\"elementor elementor-134\">\n\t\t\t\t\t\t<section class=\"elementor-section elementor-top-section elementor-element elementor-element-0f9e8e8 elementor-section-boxed elementor-section-height-default elementor-section-height-default\" data-id=\"0f9e8e8\" data-element_type=\"section\" data-e-type=\"section\">\n\t\t\t\t\t\t<div class=\"elementor-container elementor-column-gap-default\">\n\t\t\t\t\t<div class=\"elementor-column elementor-col-100 elementor-top-column elementor-element elementor-element-ef3c63c\" data-id=\"ef3c63c\" data-element_type=\"column\" data-e-type=\"column\">\n\t\t\t<div class=\"elementor-widget-wrap elementor-element-populated\">\n\t\t\t\t\t\t<div class=\"elementor-element elementor-element-febc0b6 elementor-widget elementor-widget-image\" data-id=\"febc0b6\" data-element_type=\"widget\" data-e-type=\"widget\" data-widget_type=\"image.default\">\n\t\t\t\t<div class=\"elementor-widget-container\">\n\t\t\t\t\t\t\t\t\t\t\t\t\t\t\t<img fetchpriority=\"high\" decoding=\"async\" width=\"600\" height=\"184\" src=\"https:\/\/w3.ese.ipsantarem.pt\/eseinv2\/wp-content\/uploads\/2022\/03\/AES-logoActive-e1569438225435.png\" class=\"attachment-2048x2048 size-2048x2048 wp-image-177\" alt=\"\" srcset=\"https:\/\/w3.ese.ipsantarem.pt\/eseinv2\/wp-content\/uploads\/2022\/03\/AES-logoActive-e1569438225435.png 600w, https:\/\/w3.ese.ipsantarem.pt\/eseinv2\/wp-content\/uploads\/2022\/03\/AES-logoActive-e1569438225435-300x92.png 300w\" sizes=\"(max-width: 600px) 100vw, 600px\" \/>\t\t\t\t\t\t\t\t\t\t\t\t\t\t\t<\/div>\n\t\t\t\t<\/div>\n\t\t\t\t\t<\/div>\n\t\t<\/div>\n\t\t\t\t\t<\/div>\n\t\t<\/section>\n\t\t\t\t<section class=\"elementor-section elementor-top-section elementor-element elementor-element-6bccd58 elementor-section-boxed elementor-section-height-default elementor-section-height-default\" data-id=\"6bccd58\" data-element_type=\"section\" data-e-type=\"section\">\n\t\t\t\t\t\t<div class=\"elementor-container elementor-column-gap-default\">\n\t\t\t\t\t<div class=\"elementor-column elementor-col-100 elementor-top-column elementor-element elementor-element-884851c\" data-id=\"884851c\" data-element_type=\"column\" data-e-type=\"column\">\n\t\t\t<div class=\"elementor-widget-wrap elementor-element-populated\">\n\t\t\t\t\t\t<div class=\"elementor-element elementor-element-44e705d elementor-widget elementor-widget-heading\" data-id=\"44e705d\" data-element_type=\"widget\" data-e-type=\"widget\" data-widget_type=\"heading.default\">\n\t\t\t\t<div class=\"elementor-widget-container\">\n\t\t\t\t\t<h2 class=\"elementor-heading-title elementor-size-default\">Caracter\u00edsticas<\/h2>\t\t\t\t<\/div>\n\t\t\t\t<\/div>\n\t\t\t\t<div class=\"elementor-element elementor-element-83e3b1e elementor-widget elementor-widget-text-editor\" data-id=\"83e3b1e\" data-element_type=\"widget\" data-e-type=\"widget\" data-widget_type=\"text-editor.default\">\n\t\t\t\t<div class=\"elementor-widget-container\">\n\t\t\t\t\t\t\t\t\t<p>Espa\u00e7o de forma\u00e7\u00e3o para:<\/p><ul><li>Integra\u00e7\u00e3o de pr\u00e1ticas pedag\u00f3gicas inovadoras;<\/li><li>Integra\u00e7\u00e3o de diferentes \u00e1reas de conhecimento cient\u00edfico;<\/li><li>Utiliza\u00e7\u00e3o inovadora da tecnologia;<\/li><li>Integra\u00e7\u00e3o curricular das TIC;<\/li><li>Programa\u00e7\u00e3o e Rob\u00f3tica.<\/li><\/ul><p>Ambiente de aprendizagem ativo para crian\u00e7as e jovens, a partir de metodologias de:<\/p><ul><li>Problem solving;<\/li><li>Flipped learning;<\/li><li>Project-Based Learning;<\/li><li>Inquiry-Based Learning;<\/li><li>Colaborative Learning;<\/li><\/ul>\t\t\t\t\t\t\t\t<\/div>\n\t\t\t\t<\/div>\n\t\t\t\t\t<\/div>\n\t\t<\/div>\n\t\t\t\t\t<\/div>\n\t\t<\/section>\n\t\t\t\t<section class=\"elementor-section elementor-top-section elementor-element elementor-element-83494a1 elementor-section-boxed elementor-section-height-default elementor-section-height-default\" data-id=\"83494a1\" data-element_type=\"section\" data-e-type=\"section\">\n\t\t\t\t\t\t<div class=\"elementor-container elementor-column-gap-default\">\n\t\t\t\t\t<div class=\"elementor-column elementor-col-100 elementor-top-column elementor-element elementor-element-f1241f3\" data-id=\"f1241f3\" data-element_type=\"column\" data-e-type=\"column\">\n\t\t\t<div class=\"elementor-widget-wrap elementor-element-populated\">\n\t\t\t\t\t\t<div class=\"elementor-element elementor-element-1cb617c elementor-widget elementor-widget-heading\" data-id=\"1cb617c\" data-element_type=\"widget\" data-e-type=\"widget\" data-widget_type=\"heading.default\">\n\t\t\t\t<div class=\"elementor-widget-container\">\n\t\t\t\t\t<h2 class=\"elementor-heading-title elementor-size-default\">Espa\u00e7o<\/h2>\t\t\t\t<\/div>\n\t\t\t\t<\/div>\n\t\t\t\t<div class=\"elementor-element elementor-element-d0b6b12 elementor-arrows-position-inside elementor-pagination-position-outside elementor-widget elementor-widget-image-carousel\" data-id=\"d0b6b12\" data-element_type=\"widget\" data-e-type=\"widget\" data-settings=\"{&quot;slides_to_show&quot;:&quot;3&quot;,&quot;navigation&quot;:&quot;both&quot;,&quot;autoplay&quot;:&quot;yes&quot;,&quot;pause_on_hover&quot;:&quot;yes&quot;,&quot;pause_on_interaction&quot;:&quot;yes&quot;,&quot;autoplay_speed&quot;:5000,&quot;infinite&quot;:&quot;yes&quot;,&quot;speed&quot;:500}\" data-widget_type=\"image-carousel.default\">\n\t\t\t\t<div class=\"elementor-widget-container\">\n\t\t\t\t\t\t\t<div class=\"elementor-image-carousel-wrapper swiper\" role=\"region\" aria-roledescription=\"carousel\" aria-label=\"Carrossel de imagens\" dir=\"ltr\">\n\t\t\t<div class=\"elementor-image-carousel swiper-wrapper\" aria-live=\"off\">\n\t\t\t\t\t\t\t\t<div class=\"swiper-slide\" role=\"group\" aria-roledescription=\"slide\" aria-label=\"1 of 4\"><figure class=\"swiper-slide-inner\"><img decoding=\"async\" class=\"swiper-slide-image\" src=\"https:\/\/w3.ese.ipsantarem.pt\/eseinv2\/wp-content\/uploads\/2022\/03\/2.png\" alt=\"2\" \/><\/figure><\/div><div class=\"swiper-slide\" role=\"group\" aria-roledescription=\"slide\" aria-label=\"2 of 4\"><figure class=\"swiper-slide-inner\"><img decoding=\"async\" class=\"swiper-slide-image\" src=\"https:\/\/w3.ese.ipsantarem.pt\/eseinv2\/wp-content\/uploads\/2022\/03\/5.png\" alt=\"5\" \/><\/figure><\/div><div class=\"swiper-slide\" role=\"group\" aria-roledescription=\"slide\" aria-label=\"3 of 4\"><figure class=\"swiper-slide-inner\"><img decoding=\"async\" class=\"swiper-slide-image\" src=\"https:\/\/w3.ese.ipsantarem.pt\/eseinv2\/wp-content\/uploads\/2022\/03\/4.png\" alt=\"4\" \/><\/figure><\/div><div class=\"swiper-slide\" role=\"group\" aria-roledescription=\"slide\" aria-label=\"4 of 4\"><figure class=\"swiper-slide-inner\"><img decoding=\"async\" class=\"swiper-slide-image\" src=\"https:\/\/w3.ese.ipsantarem.pt\/eseinv2\/wp-content\/uploads\/2022\/03\/3.png\" alt=\"3\" \/><\/figure><\/div>\t\t\t<\/div>\n\t\t\t\t\t\t\t\t\t\t\t\t<div class=\"elementor-swiper-button elementor-swiper-button-prev\" role=\"button\" tabindex=\"0\">\n\t\t\t\t\t\t<i aria-hidden=\"true\" class=\"eicon-chevron-left\"><\/i>\t\t\t\t\t<\/div>\n\t\t\t\t\t<div class=\"elementor-swiper-button elementor-swiper-button-next\" role=\"button\" tabindex=\"0\">\n\t\t\t\t\t\t<i aria-hidden=\"true\" class=\"eicon-chevron-right\"><\/i>\t\t\t\t\t<\/div>\n\t\t\t\t\n\t\t\t\t\t\t\t\t\t<div class=\"swiper-pagination\"><\/div>\n\t\t\t\t\t\t\t\t\t<\/div>\n\t\t\t\t\t\t<\/div>\n\t\t\t\t<\/div>\n\t\t\t\t\t<\/div>\n\t\t<\/div>\n\t\t\t\t\t<\/div>\n\t\t<\/section>\n\t\t\t\t<section class=\"elementor-section elementor-top-section elementor-element elementor-element-f0b8b19 elementor-section-boxed elementor-section-height-default elementor-section-height-default\" data-id=\"f0b8b19\" data-element_type=\"section\" data-e-type=\"section\">\n\t\t\t\t\t\t<div class=\"elementor-container elementor-column-gap-default\">\n\t\t\t\t\t<div class=\"elementor-column elementor-col-100 elementor-top-column elementor-element elementor-element-6c9497a\" data-id=\"6c9497a\" data-element_type=\"column\" data-e-type=\"column\">\n\t\t\t<div class=\"elementor-widget-wrap elementor-element-populated\">\n\t\t\t\t\t\t<div class=\"elementor-element elementor-element-170ac45 elementor-widget elementor-widget-text-editor\" data-id=\"170ac45\" data-element_type=\"widget\" data-e-type=\"widget\" data-widget_type=\"text-editor.default\">\n\t\t\t\t<div class=\"elementor-widget-container\">\n\t\t\t\t\t\t\t\t\t<div class=\"elementor-element elementor-element-77b5578 elementor-widget elementor-widget-text-editor\" data-id=\"77b5578\" data-element_type=\"widget\" data-widget_type=\"text-editor.default\"><div class=\"elementor-widget-container\"><div class=\"elementor-text-editor elementor-clearfix\"><p>Organiza\u00e7\u00e3o por zonas flex\u00edveis e adapt\u00e1veis, inspiradas na sala de aula do futuro da European Schoolnet:<\/p><ul><li>Desenvolver;<\/li><li>Investigar;<\/li><li>Partilhar;<\/li><li>Interagir;<\/li><li>Apresentar;<\/li><\/ul><\/div><\/div><\/div>\t\t\t\t\t\t\t\t<\/div>\n\t\t\t\t<\/div>\n\t\t\t\t\t<\/div>\n\t\t<\/div>\n\t\t\t\t\t<\/div>\n\t\t<\/section>\n\t\t\t\t<\/div>\n\t\t","protected":false},"excerpt":{"rendered":"<p>Caracter\u00edsticas Espa\u00e7o de forma\u00e7\u00e3o para: Integra\u00e7\u00e3o de pr\u00e1ticas pedag\u00f3gicas inovadoras; Integra\u00e7\u00e3o de diferentes \u00e1reas de conhecimento cient\u00edfico; Utiliza\u00e7\u00e3o inovadora da tecnologia; Integra\u00e7\u00e3o curricular das TIC; Programa\u00e7\u00e3o e Rob\u00f3tica. Ambiente de aprendizagem ativo para crian\u00e7as e jovens, a partir de metodologias de: Problem solving; Flipped learning; Project-Based Learning; Inquiry-Based Learning; Colaborative Learning; Espa\u00e7o Anterior Seguinte Organiza\u00e7\u00e3o [&hellip;]<\/p>\n","protected":false},"author":1,"featured_media":0,"parent":0,"menu_order":0,"comment_status":"closed","ping_status":"closed","template":"","meta":{"_eb_attr":"","footnotes":""},"class_list":["post-134","page","type-page","status-publish","hentry"],"_links":{"self":[{"href":"https:\/\/w3.ese.ipsantarem.pt\/eseinv2\/wp-json\/wp\/v2\/pages\/134","targetHints":{"allow":["GET"]}}],"collection":[{"href":"https:\/\/w3.ese.ipsantarem.pt\/eseinv2\/wp-json\/wp\/v2\/pages"}],"about":[{"href":"https:\/\/w3.ese.ipsantarem.pt\/eseinv2\/wp-json\/wp\/v2\/types\/page"}],"author":[{"embeddable":true,"href":"https:\/\/w3.ese.ipsantarem.pt\/eseinv2\/wp-json\/wp\/v2\/users\/1"}],"replies":[{"embeddable":true,"href":"https:\/\/w3.ese.ipsantarem.pt\/eseinv2\/wp-json\/wp\/v2\/comments?post=134"}],"version-history":[{"count":31,"href":"https:\/\/w3.ese.ipsantarem.pt\/eseinv2\/wp-json\/wp\/v2\/pages\/134\/revisions"}],"predecessor-version":[{"id":1302,"href":"https:\/\/w3.ese.ipsantarem.pt\/eseinv2\/wp-json\/wp\/v2\/pages\/134\/revisions\/1302"}],"wp:attachment":[{"href":"https:\/\/w3.ese.ipsantarem.pt\/eseinv2\/wp-json\/wp\/v2\/media?parent=134"}],"curies":[{"name":"wp","href":"https:\/\/api.w.org\/{rel}","templated":true}]}}