{"id":143,"date":"2022-03-28T12:48:08","date_gmt":"2022-03-28T12:48:08","guid":{"rendered":"https:\/\/w3.ese.ipsantarem.pt\/eseinv2\/?page_id=143"},"modified":"2022-04-04T13:31:24","modified_gmt":"2022-04-04T13:31:24","slug":"centro-de-recursos","status":"publish","type":"page","link":"https:\/\/w3.ese.ipsantarem.pt\/eseinv2\/centro-de-recursos\/","title":{"rendered":"Centro de Recursos"},"content":{"rendered":"\t\t<div data-elementor-type=\"wp-page\" data-elementor-id=\"143\" class=\"elementor elementor-143\">\n\t\t\t\t\t\t<section class=\"elementor-section elementor-top-section elementor-element elementor-element-48a11101 elementor-section-boxed elementor-section-height-default elementor-section-height-default\" data-id=\"48a11101\" data-element_type=\"section\" data-e-type=\"section\" data-settings=\"{&quot;background_background&quot;:&quot;classic&quot;}\">\n\t\t\t\t\t\t<div class=\"elementor-container elementor-column-gap-default\">\n\t\t\t\t\t<div class=\"elementor-column elementor-col-100 elementor-top-column elementor-element elementor-element-142a525\" data-id=\"142a525\" data-element_type=\"column\" data-e-type=\"column\">\n\t\t\t<div class=\"elementor-widget-wrap elementor-element-populated\">\n\t\t\t\t\t\t<div class=\"elementor-element elementor-element-afb127f elementor-widget elementor-widget-image\" data-id=\"afb127f\" data-element_type=\"widget\" data-e-type=\"widget\" data-widget_type=\"image.default\">\n\t\t\t\t<div class=\"elementor-widget-container\">\n\t\t\t\t\t\t\t\t\t\t\t\t\t\t\t<img decoding=\"async\" width=\"300\" height=\"152\" src=\"https:\/\/w3.ese.ipsantarem.pt\/eseinv2\/wp-content\/uploads\/2022\/04\/recursos-300x152.png\" class=\"attachment-medium size-medium wp-image-1361\" alt=\"\" srcset=\"https:\/\/w3.ese.ipsantarem.pt\/eseinv2\/wp-content\/uploads\/2022\/04\/recursos-300x152.png 300w, https:\/\/w3.ese.ipsantarem.pt\/eseinv2\/wp-content\/uploads\/2022\/04\/recursos.png 364w\" sizes=\"(max-width: 300px) 100vw, 300px\" \/>\t\t\t\t\t\t\t\t\t\t\t\t\t\t\t<\/div>\n\t\t\t\t<\/div>\n\t\t\t\t\t<\/div>\n\t\t<\/div>\n\t\t\t\t\t<\/div>\n\t\t<\/section>\n\t\t\t\t<section class=\"elementor-section elementor-top-section elementor-element elementor-element-6f6fc16 elementor-section-boxed elementor-section-height-default elementor-section-height-default\" data-id=\"6f6fc16\" data-element_type=\"section\" data-e-type=\"section\">\n\t\t\t\t\t\t<div class=\"elementor-container elementor-column-gap-default\">\n\t\t\t\t\t<div class=\"elementor-column elementor-col-100 elementor-top-column elementor-element elementor-element-053027d\" data-id=\"053027d\" data-element_type=\"column\" data-e-type=\"column\">\n\t\t\t<div class=\"elementor-widget-wrap elementor-element-populated\">\n\t\t\t\t\t\t<div class=\"elementor-element elementor-element-6e22834 elementor-widget elementor-widget-heading\" data-id=\"6e22834\" data-element_type=\"widget\" data-e-type=\"widget\" data-widget_type=\"heading.default\">\n\t\t\t\t<div class=\"elementor-widget-container\">\n\t\t\t\t\t<h3 class=\"elementor-heading-title elementor-size-default\">Caracter\u00edsticas<\/h3>\t\t\t\t<\/div>\n\t\t\t\t<\/div>\n\t\t\t\t\t<\/div>\n\t\t<\/div>\n\t\t\t\t\t<\/div>\n\t\t<\/section>\n\t\t\t\t<section class=\"elementor-section elementor-top-section elementor-element elementor-element-f535c38 elementor-section-boxed elementor-section-height-default elementor-section-height-default\" data-id=\"f535c38\" data-element_type=\"section\" data-e-type=\"section\">\n\t\t\t\t\t\t<div class=\"elementor-container elementor-column-gap-default\">\n\t\t\t\t\t<div class=\"elementor-column elementor-col-100 elementor-top-column elementor-element elementor-element-02bb663\" data-id=\"02bb663\" data-element_type=\"column\" data-e-type=\"column\">\n\t\t\t<div class=\"elementor-widget-wrap elementor-element-populated\">\n\t\t\t\t\t\t<div class=\"elementor-element elementor-element-c767aee elementor-widget elementor-widget-text-editor\" data-id=\"c767aee\" data-element_type=\"widget\" data-e-type=\"widget\" data-widget_type=\"text-editor.default\">\n\t\t\t\t<div class=\"elementor-widget-container\">\n\t\t\t\t\t\t\t\t\t<ul>\n \t<li class=\"elementor-icon-list-item\"><i class=\"fa fa-dot-circle-o\" aria-hidden=\"true\"><\/i> <span class=\"elementor-icon-list-text\">Espa\u00e7o de estudo individual ou de trabalho colaborativo;<\/span><\/li>\n \t<li class=\"elementor-icon-list-item\"><i class=\"fa fa-dot-circle-o\" aria-hidden=\"true\"><\/i> <span class=\"elementor-icon-list-text\">Espa\u00e7o de extens\u00e3o \u00e0 comunidade;<\/span><\/li>\n\n \t<li class=\"elementor-icon-list-item\"><i class=\"fa fa-dot-circle-o\" aria-hidden=\"true\"><\/i> <span class=\"elementor-icon-list-text\">Espa\u00e7o de experimenta\u00e7\u00e3o de pr\u00e1ticas pedag\u00f3gicas inovadoras;<\/span><\/li>\n \t<li class=\"elementor-icon-list-item\"><i class=\"fa fa-dot-circle-o\" aria-hidden=\"true\"><\/i> <span class=\"elementor-icon-list-text\">Integra\u00e7\u00e3o de diferentes \u00e1reas de conhecimento cient\u00edfico;<\/span><\/li>\n \t<li class=\"elementor-icon-list-item\"><i class=\"fa fa-dot-circle-o\" aria-hidden=\"true\"><\/i> <span class=\"elementor-icon-list-text\">Elabora\u00e7\u00e3o de recursos digitais.<\/span><\/li>\n<\/ul>\t\t\t\t\t\t\t\t<\/div>\n\t\t\t\t<\/div>\n\t\t\t\t\t<\/div>\n\t\t<\/div>\n\t\t\t\t\t<\/div>\n\t\t<\/section>\n\t\t\t\t<section class=\"elementor-section elementor-top-section elementor-element elementor-element-5bcee0d elementor-section-boxed elementor-section-height-default elementor-section-height-default\" data-id=\"5bcee0d\" data-element_type=\"section\" data-e-type=\"section\">\n\t\t\t\t\t\t<div class=\"elementor-container elementor-column-gap-default\">\n\t\t\t\t\t<div class=\"elementor-column elementor-col-100 elementor-top-column elementor-element elementor-element-b29bc4b\" data-id=\"b29bc4b\" data-element_type=\"column\" data-e-type=\"column\">\n\t\t\t<div class=\"elementor-widget-wrap elementor-element-populated\">\n\t\t\t\t\t\t<div class=\"elementor-element elementor-element-59cb7b6 elementor-widget elementor-widget-heading\" data-id=\"59cb7b6\" data-element_type=\"widget\" data-e-type=\"widget\" data-widget_type=\"heading.default\">\n\t\t\t\t<div class=\"elementor-widget-container\">\n\t\t\t\t\t<h3 class=\"elementor-heading-title elementor-size-default\">Espa\u00e7o<\/h3>\t\t\t\t<\/div>\n\t\t\t\t<\/div>\n\t\t\t\t\t<\/div>\n\t\t<\/div>\n\t\t\t\t\t<\/div>\n\t\t<\/section>\n\t\t\t\t<section class=\"elementor-section elementor-top-section elementor-element elementor-element-4058866 elementor-section-content-middle envato-kit-141 elementor-section-height-min-height elementor-section-boxed elementor-section-height-default elementor-section-items-middle\" data-id=\"4058866\" data-element_type=\"section\" data-e-type=\"section\" data-settings=\"{&quot;background_background&quot;:&quot;classic&quot;}\">\n\t\t\t\t\t\t\t<div class=\"elementor-background-overlay\"><\/div>\n\t\t\t\t\t\t\t<div class=\"elementor-container elementor-column-gap-wide\">\n\t\t\t\t\t<div class=\"elementor-column elementor-col-100 elementor-top-column elementor-element elementor-element-19a0a6a1\" data-id=\"19a0a6a1\" data-element_type=\"column\" data-e-type=\"column\">\n\t\t\t<div class=\"elementor-widget-wrap elementor-element-populated\">\n\t\t\t\t\t\t<div class=\"elementor-element elementor-element-67b02831 elementor-arrows-position-inside elementor-pagination-position-outside elementor-widget elementor-widget-image-carousel\" data-id=\"67b02831\" data-element_type=\"widget\" data-e-type=\"widget\" data-settings=\"{&quot;slides_to_show&quot;:&quot;2&quot;,&quot;slides_to_scroll&quot;:&quot;1&quot;,&quot;image_spacing_custom&quot;:{&quot;unit&quot;:&quot;px&quot;,&quot;size&quot;:5,&quot;sizes&quot;:[]},&quot;navigation&quot;:&quot;both&quot;,&quot;autoplay&quot;:&quot;yes&quot;,&quot;pause_on_hover&quot;:&quot;yes&quot;,&quot;pause_on_interaction&quot;:&quot;yes&quot;,&quot;autoplay_speed&quot;:5000,&quot;infinite&quot;:&quot;yes&quot;,&quot;speed&quot;:500,&quot;image_spacing_custom_tablet&quot;:{&quot;unit&quot;:&quot;px&quot;,&quot;size&quot;:&quot;&quot;,&quot;sizes&quot;:[]},&quot;image_spacing_custom_mobile&quot;:{&quot;unit&quot;:&quot;px&quot;,&quot;size&quot;:&quot;&quot;,&quot;sizes&quot;:[]}}\" data-widget_type=\"image-carousel.default\">\n\t\t\t\t<div class=\"elementor-widget-container\">\n\t\t\t\t\t\t\t<div class=\"elementor-image-carousel-wrapper swiper\" role=\"region\" aria-roledescription=\"carousel\" aria-label=\"Carrossel de imagens\" dir=\"ltr\">\n\t\t\t<div class=\"elementor-image-carousel swiper-wrapper\" aria-live=\"off\">\n\t\t\t\t\t\t\t\t<div class=\"swiper-slide\" role=\"group\" aria-roledescription=\"slide\" aria-label=\"1 of 6\"><a data-elementor-open-lightbox=\"yes\" data-elementor-lightbox-slideshow=\"67b02831\" data-elementor-lightbox-title=\"IMG_9236\" data-e-action-hash=\"#elementor-action%3Aaction%3Dlightbox%26settings%3DeyJpZCI6MTM2MywidXJsIjoiaHR0cHM6XC9cL3czLmVzZS5pcHNhbnRhcmVtLnB0XC9lc2VpbnYyXC93cC1jb250ZW50XC91cGxvYWRzXC8yMDIyXC8wNFwvSU1HXzkyMzYucG5nIiwic2xpZGVzaG93IjoiNjdiMDI4MzEifQ%3D%3D\" href=\"https:\/\/w3.ese.ipsantarem.pt\/eseinv2\/wp-content\/uploads\/2022\/04\/IMG_9236.png\"><figure class=\"swiper-slide-inner\"><img decoding=\"async\" class=\"swiper-slide-image\" src=\"https:\/\/w3.ese.ipsantarem.pt\/eseinv2\/wp-content\/uploads\/2022\/04\/IMG_9236.png\" alt=\"IMG_9236\" \/><\/figure><\/a><\/div><div class=\"swiper-slide\" role=\"group\" aria-roledescription=\"slide\" aria-label=\"2 of 6\"><a data-elementor-open-lightbox=\"yes\" data-elementor-lightbox-slideshow=\"67b02831\" data-elementor-lightbox-title=\"IMG_9241\" data-e-action-hash=\"#elementor-action%3Aaction%3Dlightbox%26settings%3DeyJpZCI6MTM2NCwidXJsIjoiaHR0cHM6XC9cL3czLmVzZS5pcHNhbnRhcmVtLnB0XC9lc2VpbnYyXC93cC1jb250ZW50XC91cGxvYWRzXC8yMDIyXC8wNFwvSU1HXzkyNDEucG5nIiwic2xpZGVzaG93IjoiNjdiMDI4MzEifQ%3D%3D\" href=\"https:\/\/w3.ese.ipsantarem.pt\/eseinv2\/wp-content\/uploads\/2022\/04\/IMG_9241.png\"><figure class=\"swiper-slide-inner\"><img decoding=\"async\" class=\"swiper-slide-image\" src=\"https:\/\/w3.ese.ipsantarem.pt\/eseinv2\/wp-content\/uploads\/2022\/04\/IMG_9241.png\" alt=\"IMG_9241\" \/><\/figure><\/a><\/div><div class=\"swiper-slide\" role=\"group\" aria-roledescription=\"slide\" aria-label=\"3 of 6\"><a data-elementor-open-lightbox=\"yes\" data-elementor-lightbox-slideshow=\"67b02831\" data-elementor-lightbox-title=\"IMG_9278\" data-e-action-hash=\"#elementor-action%3Aaction%3Dlightbox%26settings%3DeyJpZCI6MTM2NSwidXJsIjoiaHR0cHM6XC9cL3czLmVzZS5pcHNhbnRhcmVtLnB0XC9lc2VpbnYyXC93cC1jb250ZW50XC91cGxvYWRzXC8yMDIyXC8wNFwvSU1HXzkyNzgucG5nIiwic2xpZGVzaG93IjoiNjdiMDI4MzEifQ%3D%3D\" href=\"https:\/\/w3.ese.ipsantarem.pt\/eseinv2\/wp-content\/uploads\/2022\/04\/IMG_9278.png\"><figure class=\"swiper-slide-inner\"><img decoding=\"async\" class=\"swiper-slide-image\" src=\"https:\/\/w3.ese.ipsantarem.pt\/eseinv2\/wp-content\/uploads\/2022\/04\/IMG_9278.png\" alt=\"IMG_9278\" \/><\/figure><\/a><\/div><div class=\"swiper-slide\" role=\"group\" aria-roledescription=\"slide\" aria-label=\"4 of 6\"><a data-elementor-open-lightbox=\"yes\" data-elementor-lightbox-slideshow=\"67b02831\" data-elementor-lightbox-title=\"IMG_9279\" data-e-action-hash=\"#elementor-action%3Aaction%3Dlightbox%26settings%3DeyJpZCI6MTM2NiwidXJsIjoiaHR0cHM6XC9cL3czLmVzZS5pcHNhbnRhcmVtLnB0XC9lc2VpbnYyXC93cC1jb250ZW50XC91cGxvYWRzXC8yMDIyXC8wNFwvSU1HXzkyNzkucG5nIiwic2xpZGVzaG93IjoiNjdiMDI4MzEifQ%3D%3D\" href=\"https:\/\/w3.ese.ipsantarem.pt\/eseinv2\/wp-content\/uploads\/2022\/04\/IMG_9279.png\"><figure class=\"swiper-slide-inner\"><img decoding=\"async\" class=\"swiper-slide-image\" src=\"https:\/\/w3.ese.ipsantarem.pt\/eseinv2\/wp-content\/uploads\/2022\/04\/IMG_9279.png\" alt=\"IMG_9279\" \/><\/figure><\/a><\/div><div class=\"swiper-slide\" role=\"group\" aria-roledescription=\"slide\" aria-label=\"5 of 6\"><a data-elementor-open-lightbox=\"yes\" data-elementor-lightbox-slideshow=\"67b02831\" data-elementor-lightbox-title=\"IMG_9283\" data-e-action-hash=\"#elementor-action%3Aaction%3Dlightbox%26settings%3DeyJpZCI6MTM2NywidXJsIjoiaHR0cHM6XC9cL3czLmVzZS5pcHNhbnRhcmVtLnB0XC9lc2VpbnYyXC93cC1jb250ZW50XC91cGxvYWRzXC8yMDIyXC8wNFwvSU1HXzkyODMucG5nIiwic2xpZGVzaG93IjoiNjdiMDI4MzEifQ%3D%3D\" href=\"https:\/\/w3.ese.ipsantarem.pt\/eseinv2\/wp-content\/uploads\/2022\/04\/IMG_9283.png\"><figure class=\"swiper-slide-inner\"><img decoding=\"async\" class=\"swiper-slide-image\" src=\"https:\/\/w3.ese.ipsantarem.pt\/eseinv2\/wp-content\/uploads\/2022\/04\/IMG_9283.png\" alt=\"IMG_9283\" \/><\/figure><\/a><\/div><div class=\"swiper-slide\" role=\"group\" aria-roledescription=\"slide\" aria-label=\"6 of 6\"><a data-elementor-open-lightbox=\"yes\" data-elementor-lightbox-slideshow=\"67b02831\" data-elementor-lightbox-title=\"IMG_9285\" data-e-action-hash=\"#elementor-action%3Aaction%3Dlightbox%26settings%3DeyJpZCI6MTM2OCwidXJsIjoiaHR0cHM6XC9cL3czLmVzZS5pcHNhbnRhcmVtLnB0XC9lc2VpbnYyXC93cC1jb250ZW50XC91cGxvYWRzXC8yMDIyXC8wNFwvSU1HXzkyODUucG5nIiwic2xpZGVzaG93IjoiNjdiMDI4MzEifQ%3D%3D\" href=\"https:\/\/w3.ese.ipsantarem.pt\/eseinv2\/wp-content\/uploads\/2022\/04\/IMG_9285.png\"><figure class=\"swiper-slide-inner\"><img decoding=\"async\" class=\"swiper-slide-image\" src=\"https:\/\/w3.ese.ipsantarem.pt\/eseinv2\/wp-content\/uploads\/2022\/04\/IMG_9285.png\" alt=\"IMG_9285\" \/><\/figure><\/a><\/div>\t\t\t<\/div>\n\t\t\t\t\t\t\t\t\t\t\t\t<div class=\"elementor-swiper-button elementor-swiper-button-prev\" role=\"button\" tabindex=\"0\">\n\t\t\t\t\t\t<i aria-hidden=\"true\" class=\"eicon-chevron-left\"><\/i>\t\t\t\t\t<\/div>\n\t\t\t\t\t<div class=\"elementor-swiper-button elementor-swiper-button-next\" role=\"button\" tabindex=\"0\">\n\t\t\t\t\t\t<i aria-hidden=\"true\" class=\"eicon-chevron-right\"><\/i>\t\t\t\t\t<\/div>\n\t\t\t\t\n\t\t\t\t\t\t\t\t\t<div class=\"swiper-pagination\"><\/div>\n\t\t\t\t\t\t\t\t\t<\/div>\n\t\t\t\t\t\t<\/div>\n\t\t\t\t<\/div>\n\t\t\t\t\t<\/div>\n\t\t<\/div>\n\t\t\t\t\t<\/div>\n\t\t<\/section>\n\t\t\t\t<\/div>\n\t\t","protected":false},"excerpt":{"rendered":"<p>Caracter\u00edsticas Espa\u00e7o de estudo individual ou de trabalho colaborativo; Espa\u00e7o de extens\u00e3o \u00e0 comunidade; Espa\u00e7o de experimenta\u00e7\u00e3o de pr\u00e1ticas pedag\u00f3gicas inovadoras; Integra\u00e7\u00e3o de diferentes \u00e1reas de conhecimento cient\u00edfico; Elabora\u00e7\u00e3o de recursos digitais. Espa\u00e7o Anterior Seguinte<\/p>\n","protected":false},"author":1,"featured_media":0,"parent":0,"menu_order":0,"comment_status":"closed","ping_status":"closed","template":"","meta":{"_eb_attr":"","footnotes":""},"class_list":["post-143","page","type-page","status-publish","hentry"],"_links":{"self":[{"href":"https:\/\/w3.ese.ipsantarem.pt\/eseinv2\/wp-json\/wp\/v2\/pages\/143","targetHints":{"allow":["GET"]}}],"collection":[{"href":"https:\/\/w3.ese.ipsantarem.pt\/eseinv2\/wp-json\/wp\/v2\/pages"}],"about":[{"href":"https:\/\/w3.ese.ipsantarem.pt\/eseinv2\/wp-json\/wp\/v2\/types\/page"}],"author":[{"embeddable":true,"href":"https:\/\/w3.ese.ipsantarem.pt\/eseinv2\/wp-json\/wp\/v2\/users\/1"}],"replies":[{"embeddable":true,"href":"https:\/\/w3.ese.ipsantarem.pt\/eseinv2\/wp-json\/wp\/v2\/comments?post=143"}],"version-history":[{"count":13,"href":"https:\/\/w3.ese.ipsantarem.pt\/eseinv2\/wp-json\/wp\/v2\/pages\/143\/revisions"}],"predecessor-version":[{"id":1374,"href":"https:\/\/w3.ese.ipsantarem.pt\/eseinv2\/wp-json\/wp\/v2\/pages\/143\/revisions\/1374"}],"wp:attachment":[{"href":"https:\/\/w3.ese.ipsantarem.pt\/eseinv2\/wp-json\/wp\/v2\/media?parent=143"}],"curies":[{"name":"wp","href":"https:\/\/api.w.org\/{rel}","templated":true}]}}