{"id":83,"date":"2022-03-28T10:56:26","date_gmt":"2022-03-28T10:56:26","guid":{"rendered":"https:\/\/w3.ese.ipsantarem.pt\/eseinv2\/?page_id=83"},"modified":"2023-03-22T11:51:04","modified_gmt":"2023-03-22T11:51:04","slug":"cenarios-interativos","status":"publish","type":"page","link":"https:\/\/w3.ese.ipsantarem.pt\/eseinv2\/cenarios-interativos\/","title":{"rendered":"Cen\u00e1rios de aprendizagem"},"content":{"rendered":"\t\t<div data-elementor-type=\"wp-page\" data-elementor-id=\"83\" class=\"elementor elementor-83\">\n\t\t\t\t\t\t<section class=\"elementor-section elementor-top-section elementor-element elementor-element-75aea17 elementor-section-boxed elementor-section-height-default elementor-section-height-default\" data-id=\"75aea17\" data-element_type=\"section\" data-e-type=\"section\">\n\t\t\t\t\t\t<div class=\"elementor-container elementor-column-gap-default\">\n\t\t\t\t\t<div class=\"elementor-column elementor-col-100 elementor-top-column elementor-element elementor-element-182a794\" data-id=\"182a794\" data-element_type=\"column\" data-e-type=\"column\">\n\t\t\t<div class=\"elementor-widget-wrap elementor-element-populated\">\n\t\t\t\t\t\t<div class=\"elementor-element elementor-element-400bf25 elementor-widget elementor-widget-heading\" data-id=\"400bf25\" data-element_type=\"widget\" data-e-type=\"widget\" data-widget_type=\"heading.default\">\n\t\t\t\t<div class=\"elementor-widget-container\">\n\t\t\t\t\t<h5 class=\"elementor-heading-title elementor-size-default\">Cen\u00e1rios de aprendizagem<\/h5>\t\t\t\t<\/div>\n\t\t\t\t<\/div>\n\t\t\t\t\t<\/div>\n\t\t<\/div>\n\t\t\t\t\t<\/div>\n\t\t<\/section>\n\t\t\t\t<section class=\"elementor-section elementor-top-section elementor-element elementor-element-7eb6a53 elementor-section-boxed elementor-section-height-default elementor-section-height-default\" data-id=\"7eb6a53\" data-element_type=\"section\" data-e-type=\"section\">\n\t\t\t\t\t\t<div class=\"elementor-container elementor-column-gap-default\">\n\t\t\t\t\t<div class=\"elementor-column elementor-col-100 elementor-top-column elementor-element elementor-element-3c24fc4\" data-id=\"3c24fc4\" data-element_type=\"column\" data-e-type=\"column\">\n\t\t\t<div class=\"elementor-widget-wrap elementor-element-populated\">\n\t\t\t\t\t\t<div class=\"elementor-element elementor-element-0a16234 elementor-widget elementor-widget-eael-adv-accordion\" data-id=\"0a16234\" data-element_type=\"widget\" data-e-type=\"widget\" data-widget_type=\"eael-adv-accordion.default\">\n\t\t\t\t<div class=\"elementor-widget-container\">\n\t\t\t\t\t            <div class=\"eael-adv-accordion\" id=\"eael-adv-accordion-0a16234\" data-scroll-on-click=\"no\" data-scroll-speed=\"300\" data-accordion-id=\"0a16234\" data-accordion-type=\"accordion\" data-toogle-speed=\"300\">\n            <div class=\"eael-accordion-list\">\n\t\t\t\t\t<div id=\"mapva-metodologias-ativas-para-vacinao-ativa\" class=\"elementor-tab-title eael-accordion-header\" tabindex=\"0\" data-tab=\"1\" aria-controls=\"elementor-tab-content-1051\"><span class=\"eael-advanced-accordion-icon-closed\"><i aria-hidden=\"true\" class=\"fa-accordion-icon fas fa-plus\"><\/i><\/span><span class=\"eael-advanced-accordion-icon-opened\"><i aria-hidden=\"true\" class=\"fa-accordion-icon fas fa-minus\"><\/i><\/span><span class=\"eael-accordion-tab-title\">MApVA (Metodologias Ativas para Vacina\u00e7\u00e3o Ativa)<\/span><i aria-hidden=\"true\" class=\"fa-toggle fas fa-angle-right\"><\/i><\/div><div id=\"elementor-tab-content-1051\" class=\"eael-accordion-content clearfix\" data-tab=\"1\" aria-labelledby=\"mapva-metodologias-ativas-para-vacinao-ativa\"><p>Rolo, In\u00eas; Bastos, Jos\u00e9; Calado, Manuel; Cavadas, Bento<\/p><p><a href=\"https:\/\/repositorio.ipsantarem.pt\/handle\/10400.15\/3911\"><img fetchpriority=\"high\" decoding=\"async\" class=\"alignnone size-full wp-image-1435\" src=\"https:\/\/w3.ese.ipsantarem.pt\/eseinv2\/wp-content\/uploads\/2022\/04\/3.png\" alt=\"\" width=\"207\" height=\"288\" \/><\/a><\/p><\/div>\n\t\t\t\t\t<\/div><div class=\"eael-accordion-list\">\n\t\t\t\t\t<div id=\"artec-aventura-com-rochas-e-tecnologia\" class=\"elementor-tab-title eael-accordion-header\" tabindex=\"0\" data-tab=\"2\" aria-controls=\"elementor-tab-content-1052\"><span class=\"eael-advanced-accordion-icon-closed\"><i aria-hidden=\"true\" class=\"fa-accordion-icon fas fa-plus\"><\/i><\/span><span class=\"eael-advanced-accordion-icon-opened\"><i aria-hidden=\"true\" class=\"fa-accordion-icon fas fa-minus\"><\/i><\/span><span class=\"eael-accordion-tab-title\">ARTec - Aventura com rochas e tecnologia<\/span><i aria-hidden=\"true\" class=\"fa-toggle fas fa-angle-right\"><\/i><\/div><div id=\"elementor-tab-content-1052\" class=\"eael-accordion-content clearfix\" data-tab=\"2\" aria-labelledby=\"artec-aventura-com-rochas-e-tecnologia\"><p>Cust\u00f3dio, Elisabete; Nunes, Paulo; Antunes, Rafael<\/p><p><a href=\"https:\/\/repositorio.ipsantarem.pt\/handle\/10400.15\/2570\"><img decoding=\"async\" class=\"alignnone size-full wp-image-1431\" src=\"https:\/\/w3.ese.ipsantarem.pt\/eseinv2\/wp-content\/uploads\/2022\/04\/1.png\" alt=\"\" width=\"207\" height=\"288\" \/><\/a><\/p><\/div>\n\t\t\t\t\t<\/div><div class=\"eael-accordion-list\">\n\t\t\t\t\t<div id=\"cenrio-de-aprendizagem-construo-de-um-ambiente-em-minecraft\" class=\"elementor-tab-title eael-accordion-header\" tabindex=\"0\" data-tab=\"3\" aria-controls=\"elementor-tab-content-1053\"><span class=\"eael-advanced-accordion-icon-closed\"><i aria-hidden=\"true\" class=\"fa-accordion-icon fas fa-plus\"><\/i><\/span><span class=\"eael-advanced-accordion-icon-opened\"><i aria-hidden=\"true\" class=\"fa-accordion-icon fas fa-minus\"><\/i><\/span><span class=\"eael-accordion-tab-title\">Cen\u00e1rio de Aprendizagem: constru\u00e7\u00e3o de um ambiente em Minecraft<\/span><i aria-hidden=\"true\" class=\"fa-toggle fas fa-angle-right\"><\/i><\/div><div id=\"elementor-tab-content-1053\" class=\"eael-accordion-content clearfix\" data-tab=\"3\" aria-labelledby=\"cenrio-de-aprendizagem-construo-de-um-ambiente-em-minecraft\"><p>Jos\u00e9, M\u00e1rio; Lopes, N\u00e1dia; Cavadas, Bento; Correia, Marisa<\/p><p><a href=\"https:\/\/repositorio.ipsantarem.pt\/handle\/10400.15\/2541\"><img decoding=\"async\" class=\"alignnone size-full wp-image-1462\" src=\"https:\/\/w3.ese.ipsantarem.pt\/eseinv2\/wp-content\/uploads\/2022\/04\/2.png\" alt=\"\" width=\"207\" height=\"288\" \/><\/a><\/p><\/div>\n\t\t\t\t\t<\/div><\/div>\t\t\t\t<\/div>\n\t\t\t\t<\/div>\n\t\t\t\t\t<\/div>\n\t\t<\/div>\n\t\t\t\t\t<\/div>\n\t\t<\/section>\n\t\t\t\t<\/div>\n\t\t","protected":false},"excerpt":{"rendered":"<p>Cen\u00e1rios de aprendizagem MApVA (Metodologias Ativas para Vacina\u00e7\u00e3o Ativa) Rolo, In\u00eas; Bastos, Jos\u00e9; Calado, Manuel; Cavadas, Bento ARTec &#8211; Aventura com rochas e tecnologia Cust\u00f3dio, Elisabete; Nunes, Paulo; Antunes, Rafael Cen\u00e1rio de Aprendizagem: constru\u00e7\u00e3o de um ambiente em Minecraft Jos\u00e9, M\u00e1rio; Lopes, N\u00e1dia; Cavadas, Bento; Correia, Marisa<\/p>\n","protected":false},"author":1,"featured_media":0,"parent":0,"menu_order":0,"comment_status":"closed","ping_status":"closed","template":"","meta":{"_eb_attr":"","footnotes":""},"class_list":["post-83","page","type-page","status-publish","hentry"],"_links":{"self":[{"href":"https:\/\/w3.ese.ipsantarem.pt\/eseinv2\/wp-json\/wp\/v2\/pages\/83","targetHints":{"allow":["GET"]}}],"collection":[{"href":"https:\/\/w3.ese.ipsantarem.pt\/eseinv2\/wp-json\/wp\/v2\/pages"}],"about":[{"href":"https:\/\/w3.ese.ipsantarem.pt\/eseinv2\/wp-json\/wp\/v2\/types\/page"}],"author":[{"embeddable":true,"href":"https:\/\/w3.ese.ipsantarem.pt\/eseinv2\/wp-json\/wp\/v2\/users\/1"}],"replies":[{"embeddable":true,"href":"https:\/\/w3.ese.ipsantarem.pt\/eseinv2\/wp-json\/wp\/v2\/comments?post=83"}],"version-history":[{"count":29,"href":"https:\/\/w3.ese.ipsantarem.pt\/eseinv2\/wp-json\/wp\/v2\/pages\/83\/revisions"}],"predecessor-version":[{"id":2025,"href":"https:\/\/w3.ese.ipsantarem.pt\/eseinv2\/wp-json\/wp\/v2\/pages\/83\/revisions\/2025"}],"wp:attachment":[{"href":"https:\/\/w3.ese.ipsantarem.pt\/eseinv2\/wp-json\/wp\/v2\/media?parent=83"}],"curies":[{"name":"wp","href":"https:\/\/api.w.org\/{rel}","templated":true}]}}