{"id":36,"date":"2022-02-10T09:21:51","date_gmt":"2022-02-10T09:21:51","guid":{"rendered":"https:\/\/w3.ese.ipsantarem.pt\/gipe2\/?page_id=36"},"modified":"2022-05-12T11:10:38","modified_gmt":"2022-05-12T11:10:38","slug":"sobre-nos","status":"publish","type":"page","link":"https:\/\/w3.ese.ipsantarem.pt\/gipe2\/sobre-nos\/","title":{"rendered":"Sobre n\u00f3s"},"content":{"rendered":"\t\t<div data-elementor-type=\"wp-page\" data-elementor-id=\"36\" class=\"elementor elementor-36\">\n\t\t\t\t\t\t\t\t\t<section class=\"elementor-section elementor-top-section elementor-element elementor-element-1296ece elementor-section-boxed elementor-section-height-default elementor-section-height-default\" data-id=\"1296ece\" data-element_type=\"section\" data-settings=\"{&quot;background_background&quot;:&quot;classic&quot;}\">\n\t\t\t\t\t\t<div class=\"elementor-container elementor-column-gap-default\">\n\t\t\t\t\t<div class=\"elementor-column elementor-col-100 elementor-top-column elementor-element elementor-element-85e8315\" data-id=\"85e8315\" data-element_type=\"column\">\n\t\t\t<div class=\"elementor-widget-wrap elementor-element-populated\">\n\t\t\t\t\t\t\t\t<div class=\"elementor-element elementor-element-a205126 elementor-widget elementor-widget-text-editor\" data-id=\"a205126\" data-element_type=\"widget\" data-widget_type=\"text-editor.default\">\n\t\t\t\t<div class=\"elementor-widget-container\">\n\t\t\t<style>\/*! elementor - v3.18.0 - 20-12-2023 *\/\n.elementor-widget-text-editor.elementor-drop-cap-view-stacked .elementor-drop-cap{background-color:#69727d;color:#fff}.elementor-widget-text-editor.elementor-drop-cap-view-framed .elementor-drop-cap{color:#69727d;border:3px solid;background-color:transparent}.elementor-widget-text-editor:not(.elementor-drop-cap-view-default) .elementor-drop-cap{margin-top:8px}.elementor-widget-text-editor:not(.elementor-drop-cap-view-default) .elementor-drop-cap-letter{width:1em;height:1em}.elementor-widget-text-editor .elementor-drop-cap{float:left;text-align:center;line-height:1;font-size:50px}.elementor-widget-text-editor .elementor-drop-cap-letter{display:inline-block}<\/style>\t\t\t\t<p><strong>BEM-VINDO AO GIPE!<\/strong><\/p><p>Durante a perman\u00eancia no ensino superior \/IPS, poder\u00e1 experi\u00eancia quest\u00f5es \/desafios emocionais e cognitivos, pessoais, familiares e com o grupo de colegas, que podem ter algum impacto no trabalho e no desempenho acad\u00e9mico. O GIPE oferece um espa\u00e7o confidencial para explorar e pensar sobre essas quest\u00f5es \/ desafios, sem ser julgado, e para ajudar a desenvolver formas de ultrapassar as dificuldades que se possam colocar.<br \/><br \/>No GIPE pretendemos assegurar:<\/p><ul><li>o seu bem-estar e sa\u00fade psicol\u00f3gicos;<\/li><li>a sua plena inclus\u00e3o, independentemente do teu perfil, proveni\u00eancia, condi\u00e7\u00e3o f\u00edsica e mental;<\/li><li>as melhores condi\u00e7\u00f5es de aprendizagem, autonomiza\u00e7\u00e3o e sucesso pessoais e profissionais.<\/li><\/ul><p>Se est\u00e1 connosco pela primeira vez, queremos que saiba que \u00e9 a nossa prioridade, estamos aqui para\u00a0 o(a) apoiar na sua integra\u00e7\u00e3o e adapta\u00e7\u00e3o, e na trajet\u00f3ria socio-pessoal, acad\u00e9mica e pr\u00e9-profissional. Estamos aqui para todos.<\/p>\t\t\t\t\t\t<\/div>\n\t\t\t\t<\/div>\n\t\t\t\t\t<\/div>\n\t\t<\/div>\n\t\t\t\t\t\t\t<\/div>\n\t\t<\/section>\n\t\t\t\t<section class=\"elementor-section elementor-top-section elementor-element elementor-element-c3851bf elementor-section-boxed elementor-section-height-default elementor-section-height-default\" data-id=\"c3851bf\" data-element_type=\"section\">\n\t\t\t\t\t\t<div class=\"elementor-container elementor-column-gap-default\">\n\t\t\t\t\t<div class=\"elementor-column elementor-col-100 elementor-top-column elementor-element elementor-element-ca33cb6\" data-id=\"ca33cb6\" data-element_type=\"column\">\n\t\t\t<div class=\"elementor-widget-wrap elementor-element-populated\">\n\t\t\t\t\t\t\t\t<div class=\"elementor-element elementor-element-243c8ca elementor-widget elementor-widget-eael-adv-accordion\" data-id=\"243c8ca\" data-element_type=\"widget\" data-widget_type=\"eael-adv-accordion.default\">\n\t\t\t\t<div class=\"elementor-widget-container\">\n\t\t\t        <div class=\"eael-adv-accordion\" id=\"eael-adv-accordion-243c8ca\" data-scroll-on-click=\"no\" data-scroll-speed=\"300\" data-accordion-id=\"243c8ca\" data-accordion-type=\"accordion\" data-toogle-speed=\"300\">\n    <div class=\"eael-accordion-list\">\n                <div id=\"quem-somos\" class=\"elementor-tab-title eael-accordion-header\" tabindex=\"0\" data-tab=\"1\" aria-controls=\"elementor-tab-content-3791\"><span class=\"eael-advanced-accordion-icon-closed\"><i aria-hidden=\"true\" class=\"fa-accordion-icon fas fa-plus\"><\/i><\/span><span class=\"eael-advanced-accordion-icon-opened\"><i aria-hidden=\"true\" class=\"fa-accordion-icon fas fa-minus\"><\/i><\/span><span class=\"eael-accordion-tab-title\">Quem somos<\/span><i aria-hidden=\"true\" class=\"fa-toggle fas fa-angle-right\"><\/i><\/div><div id=\"elementor-tab-content-3791\" class=\"eael-accordion-content clearfix\" data-tab=\"1\" aria-labelledby=\"quem-somos\"><p>O\u00a0<strong>GIPE<\/strong>\u00a0foi criado em Janeiro de 2016, como um novo servi\u00e7o da ESES (Escola Superior de Educa\u00e7\u00e3o de Santar\u00e9m).<\/p><p>A equipa \u00e9 apenas constitu\u00edda pela sua respons\u00e1vel, Gracinda Hamido.\u00a0<\/p><p>Psic\u00f3loga e docente da ESES desde 1989. Licenciada em Psicologia Cl\u00ednica (1981), Mestre em Psicologia Pedag\u00f3gica (1996), Doutorada em Psicologia da Educa\u00e7\u00e3o (2005).<br \/>Especialista pela OPP (Ordem dos Psic\u00f3logos Portugueses) em:<br \/>\u2013 Psicologia Cl\u00ednica e da Sa\u00fade, e em<br \/>\u2013 Psicologia da Educa\u00e7\u00e3o (Especialidade Avan\u00e7ada em Necessidades educativas especiais).<br \/>Integra, na Ordem dos Psic\u00f3logos, a plataforma \/grupo de trabalho de Psic\u00f3logos em Contexto de Ensino Superior.<br \/>Atrav\u00e9s da sua atual respons\u00e1vel, o GIPE integra a\u00a0<a href=\"http:\/\/resapes.pt\/\">Rede de Servi\u00e7os de Apoio Psicol\u00f3gico no Ensino Superior<\/a>\u00a0(RESAPES).<\/p><\/div>\n                <\/div><div class=\"eael-accordion-list\">\n                <div id=\"o-que-oferecemos\" class=\"elementor-tab-title eael-accordion-header\" tabindex=\"0\" data-tab=\"2\" aria-controls=\"elementor-tab-content-3792\"><span class=\"eael-advanced-accordion-icon-closed\"><i aria-hidden=\"true\" class=\"fa-accordion-icon fas fa-plus\"><\/i><\/span><span class=\"eael-advanced-accordion-icon-opened\"><i aria-hidden=\"true\" class=\"fa-accordion-icon fas fa-minus\"><\/i><\/span><span class=\"eael-accordion-tab-title\">O que oferecemos<\/span><i aria-hidden=\"true\" class=\"fa-toggle fas fa-angle-right\"><\/i><\/div><div id=\"elementor-tab-content-3792\" class=\"eael-accordion-content clearfix\" data-tab=\"2\" aria-labelledby=\"o-que-oferecemos\"><p><strong>A NOSSA MISS\u00c3O PRINCIPAL \u00c9 A DE DISPONIBILIZAR APOIO E ACONSELHAMENTO PSICOL\u00d3GICO A TODOS OS ESTUDANTES.<\/strong><\/p><p>Preocupamo-nos com o acolhimento e facilita\u00e7\u00e3o da integra\u00e7\u00e3o e da adapta\u00e7\u00e3o \u00e0s mudan\u00e7as\/transi\u00e7\u00f5es vitais decorrentes da entrada no ensino superior.<\/p><p>Proporcionamos atendimento e acompanhamento psicol\u00f3gicos e\/ou encaminhamento individuais e grupais.<\/p><p>&#8211; Sess\u00f5es individuais de apoio e aconselhamento psicol\u00f3gicos<\/p><p>\u2013 Grupos de reflex\u00e3o e apoio tem\u00e1ticos<\/p><p>\u2013 Articula\u00e7\u00e3o com docentes visando adequar os processos de acompanhamento de aulas e avalia\u00e7\u00e3o<\/p><p>\u2013 Informa\u00e7\u00e3o e orienta\u00e7\u00e3o para todos os estudantes, nos planos emocional, comportamental, relacional, motivacional.<\/p><p>\u2013 Orienta\u00e7\u00e3o e supervis\u00e3o de trabalhos acad\u00e9micos na \u00e1rea cient\u00edfica da Psicologia,<\/p><p>\u2013 Est\u00edmulo e acompanhamento \u00e0 participa\u00e7\u00e3o em projetos de investiga\u00e7\u00e3o&amp;desenvolvimento, e de extens\u00e3o \u00e0 comunidade em que o GIPE esteja envolvido.<\/p><\/div>\n                <\/div><div class=\"eael-accordion-list\">\n                <div id=\"onde-estamos\" class=\"elementor-tab-title eael-accordion-header\" tabindex=\"0\" data-tab=\"3\" aria-controls=\"elementor-tab-content-3793\"><span class=\"eael-advanced-accordion-icon-closed\"><i aria-hidden=\"true\" class=\"fa-accordion-icon fas fa-plus\"><\/i><\/span><span class=\"eael-advanced-accordion-icon-opened\"><i aria-hidden=\"true\" class=\"fa-accordion-icon fas fa-minus\"><\/i><\/span><span class=\"eael-accordion-tab-title\">Onde estamos<\/span><i aria-hidden=\"true\" class=\"fa-toggle fas fa-angle-right\"><\/i><\/div><div id=\"elementor-tab-content-3793\" class=\"eael-accordion-content clearfix\" data-tab=\"3\" aria-labelledby=\"onde-estamos\"><iframe style=\"border: 0;\" src=\"https:\/\/www.google.com\/maps\/embed?pb=!1m18!1m12!1m3!1d3090.9000983086385!2d-8.690964284767608!3d39.222434579521796!2m3!1f0!2f0!3f0!3m2!1i1024!2i768!4f13.1!3m3!1m2!1s0xd18ee4240990c49%3A0x3442ba700f8215b2!2sEscola+Superior+de+Educacao+de+Santarem!5e0!3m2!1spt-PT!2spt!4v1494112969445\" width=\"100%\" height=\"450\" frameborder=\"0\" allowfullscreen=\"allowfullscreen\" data-mce-fragment=\"1\"><\/iframe>\n<br>\n<br>\nPode encontrar-nos na <a href=\"https:\/\/w3.ese.ipsantarem.pt\/pe\/\" target=\"_blank\"><b>Escola Superior de Educa\u00e7\u00e3o do IPSantar\u00e9m, bloco B1<\/a> (bloco da Secretaria, Dire\u00e7\u00e3o, etc), piso 2 , \u00faltimo Gabinete do lado direito<\/b>.<br>\n<br>\n<span style=\"color: #2f839f;\"><strong>DESDE MAR\u00c7O de 2020<\/strong><\/span>\n\n<span style=\"color: #2f839f;\">Estamos ao alcance de um clique. Contacte-nos enviando um email para <strong>gipe@ese.ipsantarem.pt<\/strong>\u00a0 e assim abrir\u00e1 um canal de comunica\u00e7\u00e3o e poder\u00e1 encontrar-nos, ainda que n\u00e3o presencialmente!<\/span><\/div>\n                <\/div><\/div>\t\t<\/div>\n\t\t\t\t<\/div>\n\t\t\t\t\t<\/div>\n\t\t<\/div>\n\t\t\t\t\t\t\t<\/div>\n\t\t<\/section>\n\t\t\t\t\t\t\t<\/div>\n\t\t","protected":false},"excerpt":{"rendered":"<p>BEM-VINDO AO GIPE! Durante a perman\u00eancia no ensino superior \/IPS, poder\u00e1 experi\u00eancia quest\u00f5es \/desafios emocionais e cognitivos, pessoais, familiares e com o grupo de colegas, que podem ter algum impacto no trabalho e no desempenho acad\u00e9mico. O GIPE oferece um espa\u00e7o confidencial para explorar e pensar sobre essas quest\u00f5es \/ desafios, sem ser julgado, e [&hellip;]<\/p>\n","protected":false},"author":1,"featured_media":0,"parent":0,"menu_order":0,"comment_status":"closed","ping_status":"closed","template":"","meta":{"_eb_attr":"","footnotes":""},"class_list":["post-36","page","type-page","status-publish","hentry"],"_links":{"self":[{"href":"https:\/\/w3.ese.ipsantarem.pt\/gipe2\/wp-json\/wp\/v2\/pages\/36"}],"collection":[{"href":"https:\/\/w3.ese.ipsantarem.pt\/gipe2\/wp-json\/wp\/v2\/pages"}],"about":[{"href":"https:\/\/w3.ese.ipsantarem.pt\/gipe2\/wp-json\/wp\/v2\/types\/page"}],"author":[{"embeddable":true,"href":"https:\/\/w3.ese.ipsantarem.pt\/gipe2\/wp-json\/wp\/v2\/users\/1"}],"replies":[{"embeddable":true,"href":"https:\/\/w3.ese.ipsantarem.pt\/gipe2\/wp-json\/wp\/v2\/comments?post=36"}],"version-history":[{"count":100,"href":"https:\/\/w3.ese.ipsantarem.pt\/gipe2\/wp-json\/wp\/v2\/pages\/36\/revisions"}],"predecessor-version":[{"id":1299,"href":"https:\/\/w3.ese.ipsantarem.pt\/gipe2\/wp-json\/wp\/v2\/pages\/36\/revisions\/1299"}],"wp:attachment":[{"href":"https:\/\/w3.ese.ipsantarem.pt\/gipe2\/wp-json\/wp\/v2\/media?parent=36"}],"curies":[{"name":"wp","href":"https:\/\/api.w.org\/{rel}","templated":true}]}}