{"id":40,"date":"2022-02-10T09:21:52","date_gmt":"2022-02-10T09:21:52","guid":{"rendered":"https:\/\/w3.ese.ipsantarem.pt\/gipe2\/?page_id=40"},"modified":"2022-05-10T09:02:52","modified_gmt":"2022-05-10T09:02:52","slug":"contactos","status":"publish","type":"page","link":"https:\/\/w3.ese.ipsantarem.pt\/gipe2\/contactos\/","title":{"rendered":"Contactos"},"content":{"rendered":"\t\t<div data-elementor-type=\"wp-page\" data-elementor-id=\"40\" class=\"elementor elementor-40\">\n\t\t\t\t\t\t\t\t\t<section class=\"elementor-section elementor-top-section elementor-element elementor-element-f7300cc elementor-section-boxed elementor-section-height-default elementor-section-height-default\" data-id=\"f7300cc\" data-element_type=\"section\">\n\t\t\t\t\t\t<div class=\"elementor-container elementor-column-gap-default\">\n\t\t\t\t\t<div class=\"elementor-column elementor-col-100 elementor-top-column elementor-element elementor-element-a521579\" data-id=\"a521579\" data-element_type=\"column\">\n\t\t\t<div class=\"elementor-widget-wrap elementor-element-populated\">\n\t\t\t\t\t\t\t\t<div class=\"elementor-element elementor-element-3db3ebb elementor-widget elementor-widget-heading\" data-id=\"3db3ebb\" data-element_type=\"widget\" data-widget_type=\"heading.default\">\n\t\t\t\t<div class=\"elementor-widget-container\">\n\t\t\t<style>\/*! elementor - v3.18.0 - 20-12-2023 *\/\n.elementor-heading-title{padding:0;margin:0;line-height:1}.elementor-widget-heading .elementor-heading-title[class*=elementor-size-]>a{color:inherit;font-size:inherit;line-height:inherit}.elementor-widget-heading .elementor-heading-title.elementor-size-small{font-size:15px}.elementor-widget-heading .elementor-heading-title.elementor-size-medium{font-size:19px}.elementor-widget-heading .elementor-heading-title.elementor-size-large{font-size:29px}.elementor-widget-heading .elementor-heading-title.elementor-size-xl{font-size:39px}.elementor-widget-heading .elementor-heading-title.elementor-size-xxl{font-size:59px}<\/style><h5 class=\"elementor-heading-title elementor-size-default\">Contactos<\/h5>\t\t<\/div>\n\t\t\t\t<\/div>\n\t\t\t\t\t<\/div>\n\t\t<\/div>\n\t\t\t\t\t\t\t<\/div>\n\t\t<\/section>\n\t\t\t\t<section class=\"elementor-section elementor-top-section elementor-element elementor-element-47a8c54 elementor-section-boxed elementor-section-height-default elementor-section-height-default\" data-id=\"47a8c54\" data-element_type=\"section\">\n\t\t\t\t\t\t<div class=\"elementor-container elementor-column-gap-default\">\n\t\t\t\t\t<div class=\"elementor-column elementor-col-100 elementor-top-column elementor-element elementor-element-a105c4c\" data-id=\"a105c4c\" data-element_type=\"column\">\n\t\t\t<div class=\"elementor-widget-wrap elementor-element-populated\">\n\t\t\t\t\t\t\t\t<div class=\"elementor-element elementor-element-b62f7fc elementor-widget elementor-widget-text-editor\" data-id=\"b62f7fc\" data-element_type=\"widget\" data-widget_type=\"text-editor.default\">\n\t\t\t\t<div class=\"elementor-widget-container\">\n\t\t\t<style>\/*! elementor - v3.18.0 - 20-12-2023 *\/\n.elementor-widget-text-editor.elementor-drop-cap-view-stacked .elementor-drop-cap{background-color:#69727d;color:#fff}.elementor-widget-text-editor.elementor-drop-cap-view-framed .elementor-drop-cap{color:#69727d;border:3px solid;background-color:transparent}.elementor-widget-text-editor:not(.elementor-drop-cap-view-default) .elementor-drop-cap{margin-top:8px}.elementor-widget-text-editor:not(.elementor-drop-cap-view-default) .elementor-drop-cap-letter{width:1em;height:1em}.elementor-widget-text-editor .elementor-drop-cap{float:left;text-align:center;line-height:1;font-size:50px}.elementor-widget-text-editor .elementor-drop-cap-letter{display:inline-block}<\/style>\t\t\t\t<p>Desde Mar\u00e7o de 2020 <strong>os atendimentos<\/strong> ser\u00e3o realizados\u00a0 <strong><em>online<\/em><\/strong>.\u00a0<\/p><p>Por uma quest\u00e3o de gest\u00e3o da nossa agenda de atendimentos, sugerimos que\u00a0utilize preferencialmente a modalidade de <b>contacto via email para:\u00a0gipe@ese.ipsantarem.pt<\/b><\/p><p>Caso queira\u00a0\u00a0agendar um atendimento, <strong>identifique essa inten\u00e7\u00e3o<\/strong> na mensagem. No texto da mensagem identifique\u00a0<strong>o seu n\u00famero de aluno(a)\u00a0<\/strong>e um <strong>contacto telef\u00f3nico<\/strong> para agilizar a resposta.\u00a0A estes pedidos de agendamento ser\u00e1 dada <strong>prioridade<\/strong> <strong>de resposta<\/strong>.\u00a0<\/p><p>Todas as mensagens ser\u00e3o acedidas<b> apenas <\/b>por pessoas <b>autorizadas <\/b>para o fazer<b>. <\/b>Toda a informa\u00e7\u00e3o ser\u00e1 sempre processada em conformidade com as<b> regras de confidencialidade e o c\u00f3digo \u00e9tico-deontol\u00f3gico dos Psic\u00f3logos.<\/b><\/p>\t\t\t\t\t\t<\/div>\n\t\t\t\t<\/div>\n\t\t\t\t\t<\/div>\n\t\t<\/div>\n\t\t\t\t\t\t\t<\/div>\n\t\t<\/section>\n\t\t\t\t\t\t\t<\/div>\n\t\t","protected":false},"excerpt":{"rendered":"<p>Contactos Desde Mar\u00e7o de 2020 os atendimentos ser\u00e3o realizados\u00a0 online.\u00a0 Por uma quest\u00e3o de gest\u00e3o da nossa agenda de atendimentos, sugerimos que\u00a0utilize preferencialmente a modalidade de contacto via email para:\u00a0gipe@ese.ipsantarem.pt Caso queira\u00a0\u00a0agendar um atendimento, identifique essa inten\u00e7\u00e3o na mensagem. No texto da mensagem identifique\u00a0o seu n\u00famero de aluno(a)\u00a0e um contacto telef\u00f3nico para agilizar a resposta.\u00a0A [&hellip;]<\/p>\n","protected":false},"author":1,"featured_media":0,"parent":0,"menu_order":0,"comment_status":"closed","ping_status":"closed","template":"","meta":{"_eb_attr":"","footnotes":""},"class_list":["post-40","page","type-page","status-publish","hentry"],"_links":{"self":[{"href":"https:\/\/w3.ese.ipsantarem.pt\/gipe2\/wp-json\/wp\/v2\/pages\/40"}],"collection":[{"href":"https:\/\/w3.ese.ipsantarem.pt\/gipe2\/wp-json\/wp\/v2\/pages"}],"about":[{"href":"https:\/\/w3.ese.ipsantarem.pt\/gipe2\/wp-json\/wp\/v2\/types\/page"}],"author":[{"embeddable":true,"href":"https:\/\/w3.ese.ipsantarem.pt\/gipe2\/wp-json\/wp\/v2\/users\/1"}],"replies":[{"embeddable":true,"href":"https:\/\/w3.ese.ipsantarem.pt\/gipe2\/wp-json\/wp\/v2\/comments?post=40"}],"version-history":[{"count":34,"href":"https:\/\/w3.ese.ipsantarem.pt\/gipe2\/wp-json\/wp\/v2\/pages\/40\/revisions"}],"predecessor-version":[{"id":1281,"href":"https:\/\/w3.ese.ipsantarem.pt\/gipe2\/wp-json\/wp\/v2\/pages\/40\/revisions\/1281"}],"wp:attachment":[{"href":"https:\/\/w3.ese.ipsantarem.pt\/gipe2\/wp-json\/wp\/v2\/media?parent=40"}],"curies":[{"name":"wp","href":"https:\/\/api.w.org\/{rel}","templated":true}]}}