{"id":41,"date":"2022-02-10T09:21:52","date_gmt":"2022-02-10T09:21:52","guid":{"rendered":"https:\/\/w3.ese.ipsantarem.pt\/gipe2\/?page_id=41"},"modified":"2022-04-14T14:40:55","modified_gmt":"2022-04-14T14:40:55","slug":"faqs","status":"publish","type":"page","link":"https:\/\/w3.ese.ipsantarem.pt\/gipe2\/faqs\/","title":{"rendered":"FAQs"},"content":{"rendered":"\t\t<div data-elementor-type=\"wp-page\" data-elementor-id=\"41\" class=\"elementor elementor-41\">\n\t\t\t\t\t\t\t\t\t<section class=\"elementor-section elementor-top-section elementor-element elementor-element-1b57aaf elementor-section-boxed elementor-section-height-default elementor-section-height-default\" data-id=\"1b57aaf\" data-element_type=\"section\">\n\t\t\t\t\t\t<div class=\"elementor-container elementor-column-gap-default\">\n\t\t\t\t\t<div class=\"elementor-column elementor-col-100 elementor-top-column elementor-element elementor-element-2f193eb\" data-id=\"2f193eb\" data-element_type=\"column\">\n\t\t\t<div class=\"elementor-widget-wrap elementor-element-populated\">\n\t\t\t\t\t\t\t\t<section class=\"elementor-section elementor-inner-section elementor-element elementor-element-174c1fc3 elementor-section-boxed elementor-section-height-default elementor-section-height-default\" data-id=\"174c1fc3\" data-element_type=\"section\">\n\t\t\t\t\t\t<div class=\"elementor-container elementor-column-gap-default\">\n\t\t\t\t\t<div class=\"elementor-column elementor-col-33 elementor-inner-column elementor-element elementor-element-3734d96f\" data-id=\"3734d96f\" data-element_type=\"column\">\n\t\t\t<div class=\"elementor-widget-wrap elementor-element-populated\">\n\t\t\t\t\t\t\t\t<div class=\"elementor-element elementor-element-b4c2591 elementor-widget-divider--view-line elementor-widget elementor-widget-divider\" data-id=\"b4c2591\" data-element_type=\"widget\" data-widget_type=\"divider.default\">\n\t\t\t\t<div class=\"elementor-widget-container\">\n\t\t\t<style>\/*! elementor - v3.18.0 - 20-12-2023 *\/\n.elementor-widget-divider{--divider-border-style:none;--divider-border-width:1px;--divider-color:#0c0d0e;--divider-icon-size:20px;--divider-element-spacing:10px;--divider-pattern-height:24px;--divider-pattern-size:20px;--divider-pattern-url:none;--divider-pattern-repeat:repeat-x}.elementor-widget-divider .elementor-divider{display:flex}.elementor-widget-divider .elementor-divider__text{font-size:15px;line-height:1;max-width:95%}.elementor-widget-divider .elementor-divider__element{margin:0 var(--divider-element-spacing);flex-shrink:0}.elementor-widget-divider .elementor-icon{font-size:var(--divider-icon-size)}.elementor-widget-divider .elementor-divider-separator{display:flex;margin:0;direction:ltr}.elementor-widget-divider--view-line_icon .elementor-divider-separator,.elementor-widget-divider--view-line_text .elementor-divider-separator{align-items:center}.elementor-widget-divider--view-line_icon .elementor-divider-separator:after,.elementor-widget-divider--view-line_icon .elementor-divider-separator:before,.elementor-widget-divider--view-line_text .elementor-divider-separator:after,.elementor-widget-divider--view-line_text .elementor-divider-separator:before{display:block;content:\"\";border-bottom:0;flex-grow:1;border-top:var(--divider-border-width) var(--divider-border-style) var(--divider-color)}.elementor-widget-divider--element-align-left .elementor-divider .elementor-divider-separator>.elementor-divider__svg:first-of-type{flex-grow:0;flex-shrink:100}.elementor-widget-divider--element-align-left .elementor-divider-separator:before{content:none}.elementor-widget-divider--element-align-left .elementor-divider__element{margin-left:0}.elementor-widget-divider--element-align-right .elementor-divider .elementor-divider-separator>.elementor-divider__svg:last-of-type{flex-grow:0;flex-shrink:100}.elementor-widget-divider--element-align-right .elementor-divider-separator:after{content:none}.elementor-widget-divider--element-align-right .elementor-divider__element{margin-right:0}.elementor-widget-divider:not(.elementor-widget-divider--view-line_text):not(.elementor-widget-divider--view-line_icon) .elementor-divider-separator{border-top:var(--divider-border-width) var(--divider-border-style) var(--divider-color)}.elementor-widget-divider--separator-type-pattern{--divider-border-style:none}.elementor-widget-divider--separator-type-pattern.elementor-widget-divider--view-line .elementor-divider-separator,.elementor-widget-divider--separator-type-pattern:not(.elementor-widget-divider--view-line) .elementor-divider-separator:after,.elementor-widget-divider--separator-type-pattern:not(.elementor-widget-divider--view-line) .elementor-divider-separator:before,.elementor-widget-divider--separator-type-pattern:not([class*=elementor-widget-divider--view]) .elementor-divider-separator{width:100%;min-height:var(--divider-pattern-height);-webkit-mask-size:var(--divider-pattern-size) 100%;mask-size:var(--divider-pattern-size) 100%;-webkit-mask-repeat:var(--divider-pattern-repeat);mask-repeat:var(--divider-pattern-repeat);background-color:var(--divider-color);-webkit-mask-image:var(--divider-pattern-url);mask-image:var(--divider-pattern-url)}.elementor-widget-divider--no-spacing{--divider-pattern-size:auto}.elementor-widget-divider--bg-round{--divider-pattern-repeat:round}.rtl .elementor-widget-divider .elementor-divider__text{direction:rtl}.e-con-inner>.elementor-widget-divider,.e-con>.elementor-widget-divider{width:var(--container-widget-width,100%);--flex-grow:var(--container-widget-flex-grow)}<\/style>\t\t<div class=\"elementor-divider\">\n\t\t\t<span class=\"elementor-divider-separator\">\n\t\t\t\t\t\t<\/span>\n\t\t<\/div>\n\t\t\t\t<\/div>\n\t\t\t\t<\/div>\n\t\t\t\t\t<\/div>\n\t\t<\/div>\n\t\t\t\t<div class=\"elementor-column elementor-col-33 elementor-inner-column elementor-element elementor-element-1bb3d834\" data-id=\"1bb3d834\" data-element_type=\"column\">\n\t\t\t<div class=\"elementor-widget-wrap elementor-element-populated\">\n\t\t\t\t\t\t\t\t<div class=\"elementor-element elementor-element-6fd9d73c elementor-widget elementor-widget-heading\" data-id=\"6fd9d73c\" data-element_type=\"widget\" data-widget_type=\"heading.default\">\n\t\t\t\t<div class=\"elementor-widget-container\">\n\t\t\t<style>\/*! elementor - v3.18.0 - 20-12-2023 *\/\n.elementor-heading-title{padding:0;margin:0;line-height:1}.elementor-widget-heading .elementor-heading-title[class*=elementor-size-]>a{color:inherit;font-size:inherit;line-height:inherit}.elementor-widget-heading .elementor-heading-title.elementor-size-small{font-size:15px}.elementor-widget-heading .elementor-heading-title.elementor-size-medium{font-size:19px}.elementor-widget-heading .elementor-heading-title.elementor-size-large{font-size:29px}.elementor-widget-heading .elementor-heading-title.elementor-size-xl{font-size:39px}.elementor-widget-heading .elementor-heading-title.elementor-size-xxl{font-size:59px}<\/style><h3 class=\"elementor-heading-title elementor-size-default\">Perguntas frequentes<\/h3>\t\t<\/div>\n\t\t\t\t<\/div>\n\t\t\t\t\t<\/div>\n\t\t<\/div>\n\t\t\t\t<div class=\"elementor-column elementor-col-33 elementor-inner-column elementor-element elementor-element-77898947\" data-id=\"77898947\" data-element_type=\"column\">\n\t\t\t<div class=\"elementor-widget-wrap elementor-element-populated\">\n\t\t\t\t\t\t\t\t<div class=\"elementor-element elementor-element-791bf66e elementor-widget-divider--view-line elementor-widget elementor-widget-divider\" data-id=\"791bf66e\" data-element_type=\"widget\" data-widget_type=\"divider.default\">\n\t\t\t\t<div class=\"elementor-widget-container\">\n\t\t\t\t\t<div class=\"elementor-divider\">\n\t\t\t<span class=\"elementor-divider-separator\">\n\t\t\t\t\t\t<\/span>\n\t\t<\/div>\n\t\t\t\t<\/div>\n\t\t\t\t<\/div>\n\t\t\t\t\t<\/div>\n\t\t<\/div>\n\t\t\t\t\t\t\t<\/div>\n\t\t<\/section>\n\t\t\t\t\t<\/div>\n\t\t<\/div>\n\t\t\t\t\t\t\t<\/div>\n\t\t<\/section>\n\t\t\t\t<section class=\"elementor-section elementor-top-section elementor-element elementor-element-2cd95fa elementor-section-boxed elementor-section-height-default elementor-section-height-default\" data-id=\"2cd95fa\" data-element_type=\"section\">\n\t\t\t\t\t\t<div class=\"elementor-container elementor-column-gap-default\">\n\t\t\t\t\t<div class=\"elementor-column elementor-col-100 elementor-top-column elementor-element elementor-element-18cdc50\" data-id=\"18cdc50\" data-element_type=\"column\">\n\t\t\t<div class=\"elementor-widget-wrap elementor-element-populated\">\n\t\t\t\t\t\t\t\t<div class=\"elementor-element elementor-element-a89976a elementor-widget elementor-widget-eael-adv-accordion\" data-id=\"a89976a\" data-element_type=\"widget\" data-widget_type=\"eael-adv-accordion.default\">\n\t\t\t\t<div class=\"elementor-widget-container\">\n\t\t\t        <div class=\"eael-adv-accordion\" id=\"eael-adv-accordion-a89976a\" data-scroll-on-click=\"no\" data-scroll-speed=\"300\" data-accordion-id=\"a89976a\" data-accordion-type=\"accordion\" data-toogle-speed=\"300\">\n    <div class=\"eael-accordion-list\">\n                <div id=\"como-posso-ajudar-quem-percebo-que-no-se-encontra-bem\" class=\"elementor-tab-title eael-accordion-header\" tabindex=\"0\" data-tab=\"1\" aria-controls=\"elementor-tab-content-1761\"><span class=\"eael-advanced-accordion-icon-closed\"><i aria-hidden=\"true\" class=\"fa-accordion-icon fas fa-plus\"><\/i><\/span><span class=\"eael-advanced-accordion-icon-opened\"><i aria-hidden=\"true\" class=\"fa-accordion-icon fas fa-minus\"><\/i><\/span><span class=\"eael-accordion-tab-title\">Como posso ajudar quem percebo que n\u00e3o se encontra bem?<\/span><i aria-hidden=\"true\" class=\"fa-toggle fas fa-angle-right\"><\/i><\/div><div id=\"elementor-tab-content-1761\" class=\"eael-accordion-content clearfix\" data-tab=\"1\" aria-labelledby=\"como-posso-ajudar-quem-percebo-que-no-se-encontra-bem\"><p>O Apoio Psicol\u00f3gico requer o envolvimento e a motiva\u00e7\u00e3o da pessoa que o procura para que possa ser \u00fatil. Por esta raz\u00e3o, a marca\u00e7\u00e3o das consultas \u00e9 necessariamente feita pelo pr\u00f3prio.<br \/>Caso se sinta preocupado com uma pessoa que conhe\u00e7a e imagine que essa pessoa poderia beneficiar de Apoio Psicol\u00f3gico, poder\u00e1 tentar sensibiliz\u00e1-la nesse sentido. Se sentir essa necessidade, contacte-nos para que possamos apoi\u00e1-lo nessa sensibiliza\u00e7\u00e3o.<br \/>Poder\u00e1 igualmente tentar percorrer algumas informa\u00e7\u00f5es que encontra no menu \u201cRecursos\u201d, como forma de se informar e ajudar a clarificar algumas situa\u00e7\u00f5es com que possa deparar-se.<\/p><\/div>\n                <\/div><div class=\"eael-accordion-list\">\n                <div id=\"como-posso-marcar-um-atendimento\" class=\"elementor-tab-title eael-accordion-header\" tabindex=\"0\" data-tab=\"2\" aria-controls=\"elementor-tab-content-1762\"><span class=\"eael-advanced-accordion-icon-closed\"><i aria-hidden=\"true\" class=\"fa-accordion-icon fas fa-plus\"><\/i><\/span><span class=\"eael-advanced-accordion-icon-opened\"><i aria-hidden=\"true\" class=\"fa-accordion-icon fas fa-minus\"><\/i><\/span><span class=\"eael-accordion-tab-title\">Como posso marcar um atendimento?<\/span><i aria-hidden=\"true\" class=\"fa-toggle fas fa-angle-right\"><\/i><\/div><div id=\"elementor-tab-content-1762\" class=\"eael-accordion-content clearfix\" data-tab=\"2\" aria-labelledby=\"como-posso-marcar-um-atendimento\"><p>A marca\u00e7\u00e3o de atendimento \u00e9 feita pelo pr\u00f3prio, atrav\u00e9s da p\u00e1gina <b><a href=\"https:\/\/w3.ese.ipsantarem.pt\/gipe2\/contactos\/\">contactos<\/a>.<\/b><\/p><\/div>\n                <\/div><div class=\"eael-accordion-list\">\n                <div id=\"o-apoio-psicolgico-s-para-quem-est-doente\" class=\"elementor-tab-title eael-accordion-header\" tabindex=\"0\" data-tab=\"3\" aria-controls=\"elementor-tab-content-1763\"><span class=\"eael-advanced-accordion-icon-closed\"><i aria-hidden=\"true\" class=\"fa-accordion-icon fas fa-plus\"><\/i><\/span><span class=\"eael-advanced-accordion-icon-opened\"><i aria-hidden=\"true\" class=\"fa-accordion-icon fas fa-minus\"><\/i><\/span><span class=\"eael-accordion-tab-title\">O apoio psicol\u00f3gico \u00e9 s\u00f3 para quem est\u00e1 \"doente\"?<\/span><i aria-hidden=\"true\" class=\"fa-toggle fas fa-angle-right\"><\/i><\/div><div id=\"elementor-tab-content-1763\" class=\"eael-accordion-content clearfix\" data-tab=\"3\" aria-labelledby=\"o-apoio-psicolgico-s-para-quem-est-doente\"><p>Doen\u00e7a \u00e9 um conjunto de sinais e sintomas espec\u00edficos que afetam um ser vivo, alterando o seu estado normal de sa\u00fade. O voc\u00e1bulo \u00e9 de origem latina, em que \u201cdolentia\u201d significa \u201cdor, padecimento\u201d. Neste sentido geral, em que doen\u00e7a \u00e9 a fal\u00eancia ou aus\u00eancia de sa\u00fade (f\u00edsica e\/ou mental e\/ou social) implicando sofrimento, a resposta \u00e0 quest\u00e3o \u00e9 SIM.<br \/>Mas a resposta tamb\u00e9m \u00e9 N\u00c3O, pois o apoio psicol\u00f3gico n\u00e3o se destina APENAS a quem est\u00e1 \u201cdoente\u201d, mas destina-se TAMB\u00c9M a quem sinta necessidade de refletir sobre e melhorar a sua sa\u00fade mental e qualidade de vida, e essa pessoa n\u00e3o est\u00e1 necessariamente \u201cdoente\u201d. Pesquise o conceito de \u201csa\u00fade\u201d e de \u201csa\u00fade mental\u201d na OMS, por exemplo.<\/p><\/div>\n                <\/div><div class=\"eael-accordion-list\">\n                <div id=\"o-que-acontecer-na-primeira-consulta\" class=\"elementor-tab-title eael-accordion-header\" tabindex=\"0\" data-tab=\"4\" aria-controls=\"elementor-tab-content-1764\"><span class=\"eael-advanced-accordion-icon-closed\"><i aria-hidden=\"true\" class=\"fa-accordion-icon fas fa-plus\"><\/i><\/span><span class=\"eael-advanced-accordion-icon-opened\"><i aria-hidden=\"true\" class=\"fa-accordion-icon fas fa-minus\"><\/i><\/span><span class=\"eael-accordion-tab-title\">O que acontecer\u00e1 na primeira consulta?<\/span><i aria-hidden=\"true\" class=\"fa-toggle fas fa-angle-right\"><\/i><\/div><div id=\"elementor-tab-content-1764\" class=\"eael-accordion-content clearfix\" data-tab=\"4\" aria-labelledby=\"o-que-acontecer-na-primeira-consulta\"><p>Durante a primeira consulta ser-lhe-\u00e1 pedido que fale dos motivos que o levaram a procurar o GIPE.\u00a0Estabelecer\u00e1 em conjunto com o Psic\u00f3logo um primeiro \u2018ponto de situa\u00e7\u00e3o\u2019, assim como um primeiro plano de a\u00e7\u00e3o\/interven\u00e7\u00e3o.<\/p><\/div>\n                <\/div><div class=\"eael-accordion-list\">\n                <div id=\"o-que-apoio-psicolgico\" class=\"elementor-tab-title eael-accordion-header\" tabindex=\"0\" data-tab=\"5\" aria-controls=\"elementor-tab-content-1765\"><span class=\"eael-advanced-accordion-icon-closed\"><i aria-hidden=\"true\" class=\"fa-accordion-icon fas fa-plus\"><\/i><\/span><span class=\"eael-advanced-accordion-icon-opened\"><i aria-hidden=\"true\" class=\"fa-accordion-icon fas fa-minus\"><\/i><\/span><span class=\"eael-accordion-tab-title\">O que \u00e9 \"apoio psicol\u00f3gico\"?<\/span><i aria-hidden=\"true\" class=\"fa-toggle fas fa-angle-right\"><\/i><\/div><div id=\"elementor-tab-content-1765\" class=\"eael-accordion-content clearfix\" data-tab=\"5\" aria-labelledby=\"o-que-apoio-psicolgico\"><p>O objetivo do Apoio Psicol\u00f3gico \u00e9 promover o bem-estar psicol\u00f3gico de todas as pessoas que a ele recorrem. O psic\u00f3logo trabalha em conjunto com a pessoa que o procura, apoiando-a na constru\u00e7\u00e3o de formas mais aut\u00f3nomas e satisfat\u00f3rias de gerir os seus desafios ou dificuldades. Para pedir qualquer informa\u00e7\u00e3o adicional, por favor contacte o GIPE.<\/p><\/div>\n                <\/div><div class=\"eael-accordion-list\">\n                <div id=\"o-que-dito-na-consulta-confidencial\" class=\"elementor-tab-title eael-accordion-header\" tabindex=\"0\" data-tab=\"6\" aria-controls=\"elementor-tab-content-1766\"><span class=\"eael-advanced-accordion-icon-closed\"><i aria-hidden=\"true\" class=\"fa-accordion-icon fas fa-plus\"><\/i><\/span><span class=\"eael-advanced-accordion-icon-opened\"><i aria-hidden=\"true\" class=\"fa-accordion-icon fas fa-minus\"><\/i><\/span><span class=\"eael-accordion-tab-title\">O que \u00e9 dito na consulta \u00e9 confidencial?<\/span><i aria-hidden=\"true\" class=\"fa-toggle fas fa-angle-right\"><\/i><\/div><div id=\"elementor-tab-content-1766\" class=\"eael-accordion-content clearfix\" data-tab=\"6\" aria-labelledby=\"o-que-dito-na-consulta-confidencial\"><p>Sim. A consulta de Apoio Psicol\u00f3gico funciona de acordo com as normas \u00e9ticas e deontol\u00f3gicas da Psicologia, nomeadamente no que diz respeito \u00e0 privacidade e confidencialidade.<\/p><\/div>\n                <\/div><div class=\"eael-accordion-list\">\n                <div id=\"o-que-uma-perturbao-mental\" class=\"elementor-tab-title eael-accordion-header\" tabindex=\"0\" data-tab=\"7\" aria-controls=\"elementor-tab-content-1767\"><span class=\"eael-advanced-accordion-icon-closed\"><i aria-hidden=\"true\" class=\"fa-accordion-icon fas fa-plus\"><\/i><\/span><span class=\"eael-advanced-accordion-icon-opened\"><i aria-hidden=\"true\" class=\"fa-accordion-icon fas fa-minus\"><\/i><\/span><span class=\"eael-accordion-tab-title\">O que \u00e9 uma perturba\u00e7\u00e3o mental?<\/span><i aria-hidden=\"true\" class=\"fa-toggle fas fa-angle-right\"><\/i><\/div><div id=\"elementor-tab-content-1767\" class=\"eael-accordion-content clearfix\" data-tab=\"7\" aria-labelledby=\"o-que-uma-perturbao-mental\"><p>Todas as formas de sofrimento pessoal podem traduzir um problema a necessitar de avalia\u00e7\u00e3o e tratamento. Os problemas de sa\u00fade mental podem incluir altera\u00e7\u00f5es do pensamento, do humor, da energia e\/ou do comportamento, traduzindo-se em sinais e sintomas. Quando adquirem intensidade elevada ou persistem no tempo, aliadas ao sofrimento e\/ou disfun\u00e7\u00e3o, podem ser diagnosticadas como uma perturba\u00e7\u00e3o mental. Nestas incluem-se, entre outras, as perturba\u00e7\u00f5es de ansiedade, do humor (depress\u00e3o, perturba\u00e7\u00e3o bipolar), perturba\u00e7\u00e3o obsessivo-compulsiva, as psicoses, a esquizofrenia.<\/p><\/div>\n                <\/div><\/div>\t\t<\/div>\n\t\t\t\t<\/div>\n\t\t\t\t\t<\/div>\n\t\t<\/div>\n\t\t\t\t\t\t\t<\/div>\n\t\t<\/section>\n\t\t\t\t\t\t\t<\/div>\n\t\t","protected":false},"excerpt":{"rendered":"<p>Perguntas frequentes Como posso ajudar quem percebo que n\u00e3o se encontra bem? O Apoio Psicol\u00f3gico requer o envolvimento e a motiva\u00e7\u00e3o da pessoa que o procura para que possa ser \u00fatil. Por esta raz\u00e3o, a marca\u00e7\u00e3o das consultas \u00e9 necessariamente feita pelo pr\u00f3prio.Caso se sinta preocupado com uma pessoa que conhe\u00e7a e imagine que essa [&hellip;]<\/p>\n","protected":false},"author":1,"featured_media":0,"parent":0,"menu_order":0,"comment_status":"closed","ping_status":"closed","template":"","meta":{"_eb_attr":"","footnotes":""},"class_list":["post-41","page","type-page","status-publish","hentry"],"_links":{"self":[{"href":"https:\/\/w3.ese.ipsantarem.pt\/gipe2\/wp-json\/wp\/v2\/pages\/41"}],"collection":[{"href":"https:\/\/w3.ese.ipsantarem.pt\/gipe2\/wp-json\/wp\/v2\/pages"}],"about":[{"href":"https:\/\/w3.ese.ipsantarem.pt\/gipe2\/wp-json\/wp\/v2\/types\/page"}],"author":[{"embeddable":true,"href":"https:\/\/w3.ese.ipsantarem.pt\/gipe2\/wp-json\/wp\/v2\/users\/1"}],"replies":[{"embeddable":true,"href":"https:\/\/w3.ese.ipsantarem.pt\/gipe2\/wp-json\/wp\/v2\/comments?post=41"}],"version-history":[{"count":76,"href":"https:\/\/w3.ese.ipsantarem.pt\/gipe2\/wp-json\/wp\/v2\/pages\/41\/revisions"}],"predecessor-version":[{"id":1199,"href":"https:\/\/w3.ese.ipsantarem.pt\/gipe2\/wp-json\/wp\/v2\/pages\/41\/revisions\/1199"}],"wp:attachment":[{"href":"https:\/\/w3.ese.ipsantarem.pt\/gipe2\/wp-json\/wp\/v2\/media?parent=41"}],"curies":[{"name":"wp","href":"https:\/\/api.w.org\/{rel}","templated":true}]}}