{"id":532,"date":"2022-02-17T11:35:55","date_gmt":"2022-02-17T11:35:55","guid":{"rendered":"https:\/\/w3.ese.ipsantarem.pt\/gipe2\/?page_id=532"},"modified":"2022-04-14T14:37:04","modified_gmt":"2022-04-14T14:37:04","slug":"info-links-uteis","status":"publish","type":"page","link":"https:\/\/w3.ese.ipsantarem.pt\/gipe2\/info-links-uteis\/","title":{"rendered":"Informa\u00e7\u00e3o &#038; Links \u00dateis"},"content":{"rendered":"\t\t<div data-elementor-type=\"wp-page\" data-elementor-id=\"532\" class=\"elementor elementor-532\">\n\t\t\t\t\t\t\t\t\t<section class=\"elementor-section elementor-top-section elementor-element elementor-element-b4c3ef2 elementor-section-boxed elementor-section-height-default elementor-section-height-default\" data-id=\"b4c3ef2\" data-element_type=\"section\">\n\t\t\t\t\t\t<div class=\"elementor-container elementor-column-gap-default\">\n\t\t\t\t\t<div class=\"elementor-column elementor-col-100 elementor-top-column elementor-element elementor-element-8391dbb\" data-id=\"8391dbb\" data-element_type=\"column\">\n\t\t\t<div class=\"elementor-widget-wrap elementor-element-populated\">\n\t\t\t\t\t\t\t\t<div class=\"elementor-element elementor-element-ed878bf elementor-widget elementor-widget-text-editor\" data-id=\"ed878bf\" data-element_type=\"widget\" data-widget_type=\"text-editor.default\">\n\t\t\t\t<div class=\"elementor-widget-container\">\n\t\t\t<style>\/*! elementor - v3.18.0 - 20-12-2023 *\/\n.elementor-widget-text-editor.elementor-drop-cap-view-stacked .elementor-drop-cap{background-color:#69727d;color:#fff}.elementor-widget-text-editor.elementor-drop-cap-view-framed .elementor-drop-cap{color:#69727d;border:3px solid;background-color:transparent}.elementor-widget-text-editor:not(.elementor-drop-cap-view-default) .elementor-drop-cap{margin-top:8px}.elementor-widget-text-editor:not(.elementor-drop-cap-view-default) .elementor-drop-cap-letter{width:1em;height:1em}.elementor-widget-text-editor .elementor-drop-cap{float:left;text-align:center;line-height:1;font-size:50px}.elementor-widget-text-editor .elementor-drop-cap-letter{display:inline-block}<\/style>\t\t\t\t<h5>Informa\u00e7\u00f5es &amp; Links \u00dateis<\/h5>\t\t\t\t\t\t<\/div>\n\t\t\t\t<\/div>\n\t\t\t\t\t<\/div>\n\t\t<\/div>\n\t\t\t\t\t\t\t<\/div>\n\t\t<\/section>\n\t\t\t\t<section class=\"elementor-section elementor-top-section elementor-element elementor-element-29e821d elementor-section-boxed elementor-section-height-default elementor-section-height-default\" data-id=\"29e821d\" data-element_type=\"section\">\n\t\t\t\t\t\t<div class=\"elementor-container elementor-column-gap-default\">\n\t\t\t\t\t<div class=\"elementor-column elementor-col-100 elementor-top-column elementor-element elementor-element-ca9d512\" data-id=\"ca9d512\" data-element_type=\"column\">\n\t\t\t<div class=\"elementor-widget-wrap elementor-element-populated\">\n\t\t\t\t\t\t\t\t<div class=\"elementor-element elementor-element-f357e9f elementor-widget elementor-widget-text-editor\" data-id=\"f357e9f\" data-element_type=\"widget\" data-widget_type=\"text-editor.default\">\n\t\t\t\t<div class=\"elementor-widget-container\">\n\t\t\t\t\t\t\t<p>\u00c9 normal que os estudantes procurem apoio psicol\u00f3gico para falar das mais diversas quest\u00f5es pessoais e circunst\u00e2ncias vitais. <strong>Sinta-se livre de contactar o GIPE sobre estas quest\u00f5es<\/strong>:<\/p><p><strong>[ansiedade e depress\u00e3o]<\/strong><\/p><p><strong>[quest\u00f5es ligadas a fam\u00edlia]<\/strong><\/p><p><strong>[desafios relacionados com a aprendizagem e o desempenho acad\u00e9mico]<\/strong><\/p><p><strong>[quest\u00f5es relacionais e ligadas \u00e0 auto-estima, identidade, imagem corporal, sexualidade]<\/strong><\/p><p><strong>[quest\u00f5es relacionadas com doen\u00e7a f\u00edsica, sono, alimenta\u00e7\u00e3o, stress]<\/strong><\/p><p><strong>[quest\u00f5es ligadas a consumos de subst\u00e2ncias psicoativas]<\/strong> \u03c8<\/p>\t\t\t\t\t\t<\/div>\n\t\t\t\t<\/div>\n\t\t\t\t\t<\/div>\n\t\t<\/div>\n\t\t\t\t\t\t\t<\/div>\n\t\t<\/section>\n\t\t\t\t<section class=\"elementor-section elementor-top-section elementor-element elementor-element-d385bcc elementor-section-boxed elementor-section-height-default elementor-section-height-default\" data-id=\"d385bcc\" data-element_type=\"section\">\n\t\t\t\t\t\t<div class=\"elementor-container elementor-column-gap-default\">\n\t\t\t\t\t<div class=\"elementor-column elementor-col-100 elementor-top-column elementor-element elementor-element-29d0a1e\" data-id=\"29d0a1e\" data-element_type=\"column\">\n\t\t\t<div class=\"elementor-widget-wrap elementor-element-populated\">\n\t\t\t\t\t\t\t\t<div class=\"elementor-element elementor-element-15abf2c elementor-widget-divider--view-line_text elementor-widget-divider--element-align-center elementor-widget elementor-widget-divider\" data-id=\"15abf2c\" data-element_type=\"widget\" data-widget_type=\"divider.default\">\n\t\t\t\t<div class=\"elementor-widget-container\">\n\t\t\t<style>\/*! elementor - v3.18.0 - 20-12-2023 *\/\n.elementor-widget-divider{--divider-border-style:none;--divider-border-width:1px;--divider-color:#0c0d0e;--divider-icon-size:20px;--divider-element-spacing:10px;--divider-pattern-height:24px;--divider-pattern-size:20px;--divider-pattern-url:none;--divider-pattern-repeat:repeat-x}.elementor-widget-divider .elementor-divider{display:flex}.elementor-widget-divider .elementor-divider__text{font-size:15px;line-height:1;max-width:95%}.elementor-widget-divider .elementor-divider__element{margin:0 var(--divider-element-spacing);flex-shrink:0}.elementor-widget-divider .elementor-icon{font-size:var(--divider-icon-size)}.elementor-widget-divider .elementor-divider-separator{display:flex;margin:0;direction:ltr}.elementor-widget-divider--view-line_icon .elementor-divider-separator,.elementor-widget-divider--view-line_text .elementor-divider-separator{align-items:center}.elementor-widget-divider--view-line_icon .elementor-divider-separator:after,.elementor-widget-divider--view-line_icon .elementor-divider-separator:before,.elementor-widget-divider--view-line_text .elementor-divider-separator:after,.elementor-widget-divider--view-line_text .elementor-divider-separator:before{display:block;content:\"\";border-bottom:0;flex-grow:1;border-top:var(--divider-border-width) var(--divider-border-style) var(--divider-color)}.elementor-widget-divider--element-align-left .elementor-divider .elementor-divider-separator>.elementor-divider__svg:first-of-type{flex-grow:0;flex-shrink:100}.elementor-widget-divider--element-align-left .elementor-divider-separator:before{content:none}.elementor-widget-divider--element-align-left .elementor-divider__element{margin-left:0}.elementor-widget-divider--element-align-right .elementor-divider .elementor-divider-separator>.elementor-divider__svg:last-of-type{flex-grow:0;flex-shrink:100}.elementor-widget-divider--element-align-right .elementor-divider-separator:after{content:none}.elementor-widget-divider--element-align-right .elementor-divider__element{margin-right:0}.elementor-widget-divider:not(.elementor-widget-divider--view-line_text):not(.elementor-widget-divider--view-line_icon) .elementor-divider-separator{border-top:var(--divider-border-width) var(--divider-border-style) var(--divider-color)}.elementor-widget-divider--separator-type-pattern{--divider-border-style:none}.elementor-widget-divider--separator-type-pattern.elementor-widget-divider--view-line .elementor-divider-separator,.elementor-widget-divider--separator-type-pattern:not(.elementor-widget-divider--view-line) .elementor-divider-separator:after,.elementor-widget-divider--separator-type-pattern:not(.elementor-widget-divider--view-line) .elementor-divider-separator:before,.elementor-widget-divider--separator-type-pattern:not([class*=elementor-widget-divider--view]) .elementor-divider-separator{width:100%;min-height:var(--divider-pattern-height);-webkit-mask-size:var(--divider-pattern-size) 100%;mask-size:var(--divider-pattern-size) 100%;-webkit-mask-repeat:var(--divider-pattern-repeat);mask-repeat:var(--divider-pattern-repeat);background-color:var(--divider-color);-webkit-mask-image:var(--divider-pattern-url);mask-image:var(--divider-pattern-url)}.elementor-widget-divider--no-spacing{--divider-pattern-size:auto}.elementor-widget-divider--bg-round{--divider-pattern-repeat:round}.rtl .elementor-widget-divider .elementor-divider__text{direction:rtl}.e-con-inner>.elementor-widget-divider,.e-con>.elementor-widget-divider{width:var(--container-widget-width,100%);--flex-grow:var(--container-widget-flex-grow)}<\/style>\t\t<div class=\"elementor-divider\">\n\t\t\t<span class=\"elementor-divider-separator\">\n\t\t\t\t\t\t\t<span class=\"elementor-divider__text elementor-divider__element\">\n\t\t\t\t\u03c8\t\t\t\t<\/span>\n\t\t\t\t\t\t<\/span>\n\t\t<\/div>\n\t\t\t\t<\/div>\n\t\t\t\t<\/div>\n\t\t\t\t\t<\/div>\n\t\t<\/div>\n\t\t\t\t\t\t\t<\/div>\n\t\t<\/section>\n\t\t\t\t<section class=\"elementor-section elementor-top-section elementor-element elementor-element-9abb1d0 elementor-section-boxed elementor-section-height-default elementor-section-height-default\" data-id=\"9abb1d0\" data-element_type=\"section\">\n\t\t\t\t\t\t<div class=\"elementor-container elementor-column-gap-default\">\n\t\t\t\t\t<div class=\"elementor-column elementor-col-100 elementor-top-column elementor-element elementor-element-3a19ec9\" data-id=\"3a19ec9\" data-element_type=\"column\">\n\t\t\t<div class=\"elementor-widget-wrap elementor-element-populated\">\n\t\t\t\t\t\t\t\t<div class=\"elementor-element elementor-element-294a8e5 elementor-widget elementor-widget-text-editor\" data-id=\"294a8e5\" data-element_type=\"widget\" data-widget_type=\"text-editor.default\">\n\t\t\t\t<div class=\"elementor-widget-container\">\n\t\t\t\t\t\t\t<p><strong>Entretanto, aqui ficam algumas informa\u00e7\u00f5es (documentos e links) acerca de v\u00e1rios t\u00f3picos que, a experi\u00eancia indica, s\u00e3o do interesse comum de v\u00e1rios estudantes (jovens e adultos) no ensino superior.<\/strong><\/p>\t\t\t\t\t\t<\/div>\n\t\t\t\t<\/div>\n\t\t\t\t\t<\/div>\n\t\t<\/div>\n\t\t\t\t\t\t\t<\/div>\n\t\t<\/section>\n\t\t\t\t<section class=\"elementor-section elementor-top-section elementor-element elementor-element-b712743 elementor-section-boxed elementor-section-height-default elementor-section-height-default\" data-id=\"b712743\" data-element_type=\"section\">\n\t\t\t\t\t\t<div class=\"elementor-container elementor-column-gap-default\">\n\t\t\t\t\t<div class=\"elementor-column elementor-col-100 elementor-top-column elementor-element elementor-element-404d4f5\" data-id=\"404d4f5\" data-element_type=\"column\">\n\t\t\t<div class=\"elementor-widget-wrap elementor-element-populated\">\n\t\t\t\t\t\t\t\t<div class=\"elementor-element elementor-element-0a8c679 elementor-widget elementor-widget-eael-adv-accordion\" data-id=\"0a8c679\" data-element_type=\"widget\" data-widget_type=\"eael-adv-accordion.default\">\n\t\t\t\t<div class=\"elementor-widget-container\">\n\t\t\t        <div class=\"eael-adv-accordion\" id=\"eael-adv-accordion-0a8c679\" data-scroll-on-click=\"no\" data-scroll-speed=\"300\" data-accordion-id=\"0a8c679\" data-accordion-type=\"accordion\" data-toogle-speed=\"300\">\n    <div class=\"eael-accordion-list\">\n                <div id=\"apoio-psicolgico-e-sade-mental\" class=\"elementor-tab-title eael-accordion-header\" tabindex=\"0\" data-tab=\"1\" aria-controls=\"elementor-tab-content-1101\"><span class=\"eael-advanced-accordion-icon-closed\"><i aria-hidden=\"true\" class=\"fa-accordion-icon fas fa-plus\"><\/i><\/span><span class=\"eael-advanced-accordion-icon-opened\"><i aria-hidden=\"true\" class=\"fa-accordion-icon fas fa-minus\"><\/i><\/span><span class=\"eael-accordion-tab-title\">Apoio psicol\u00f3gico e Sa\u00fade mental<\/span><i aria-hidden=\"true\" class=\"fa-toggle fas fa-angle-right\"><\/i><\/div><div id=\"elementor-tab-content-1101\" class=\"eael-accordion-content clearfix\" data-tab=\"1\" aria-labelledby=\"apoio-psicolgico-e-sade-mental\"><p>[<strong><a href=\"https:\/\/www.ordemdospsicologos.pt\/pt\">site da Ordem dos Psic\u00f3logos Portugueses<\/a><\/strong>, onde pode encontrar informa\u00e7\u00f5es sobre a interven\u00e7\u00e3o dos Psic\u00f3logos, informa\u00e7\u00e3o sobre v\u00e1rias \u00e1reas da Sa\u00fade mental, e verificar a qualifica\u00e7\u00e3o apropriada dos profissionais].<\/p><p>\u00a0[<strong><a href=\"http:\/\/felizmente.esenfc.pt\/felizmente\/index.php?id=11417\">site de Educa\u00e7\u00e3o e sensibiliza\u00e7\u00e3o para a sa\u00fade mental<\/a> <\/strong>desenvolvido na Escola Superior de Enfermagem de Coimbra. Cont\u00e9m informa\u00e7\u00f5es e orienta\u00e7\u00f5es importantes]<\/p><p>\u00a0[<a href=\"https:\/\/www.manifestamente.org\/blog\/category\/auto-ajuda\"><strong>Associa\u00e7\u00e3o sem fins lucrativos que se descreve como \u201c\u2026 uma iniciativa cidad\u00e3 pela Sa\u00fade Mental<\/strong> <\/a>empenhada em:<br \/>FALAR, inspirando as pessoas a falar sobre sa\u00fade mental;<br \/>JUNTAR, convocando n\u00e3o apenas t\u00e9cnicos de sa\u00fade mas toda a sociedade para a mesa de discuss\u00e3o sobre sa\u00fade mental;<br \/>FAZER, encontrando solu\u00e7\u00f5es criativas para melhorar a sa\u00fade mental de todos n\u00f3s e encorajar outros a fazer o mesmo.]<\/p><\/div>\n                <\/div><div class=\"eael-accordion-list\">\n                <div id=\"mtodos-de-estudo\" class=\"elementor-tab-title eael-accordion-header\" tabindex=\"0\" data-tab=\"2\" aria-controls=\"elementor-tab-content-1102\"><span class=\"eael-advanced-accordion-icon-closed\"><i aria-hidden=\"true\" class=\"fa-accordion-icon fas fa-plus\"><\/i><\/span><span class=\"eael-advanced-accordion-icon-opened\"><i aria-hidden=\"true\" class=\"fa-accordion-icon fas fa-minus\"><\/i><\/span><span class=\"eael-accordion-tab-title\">M\u00e9todos de estudo<\/span><i aria-hidden=\"true\" class=\"fa-toggle fas fa-angle-right\"><\/i><\/div><div id=\"elementor-tab-content-1102\" class=\"eael-accordion-content clearfix\" data-tab=\"2\" aria-labelledby=\"mtodos-de-estudo\"><p>Brevemente&#8230;<\/p><\/div>\n                <\/div><div class=\"eael-accordion-list\">\n                <div id=\"nees-necessidades-educativas-especficas\" class=\"elementor-tab-title eael-accordion-header\" tabindex=\"0\" data-tab=\"3\" aria-controls=\"elementor-tab-content-1103\"><span class=\"eael-advanced-accordion-icon-closed\"><i aria-hidden=\"true\" class=\"fa-accordion-icon fas fa-plus\"><\/i><\/span><span class=\"eael-advanced-accordion-icon-opened\"><i aria-hidden=\"true\" class=\"fa-accordion-icon fas fa-minus\"><\/i><\/span><span class=\"eael-accordion-tab-title\">NEEs - necessidades educativas espec\u00edficas<\/span><i aria-hidden=\"true\" class=\"fa-toggle fas fa-angle-right\"><\/i><\/div><div id=\"elementor-tab-content-1103\" class=\"eael-accordion-content clearfix\" data-tab=\"3\" aria-labelledby=\"nees-necessidades-educativas-especficas\"><p><a href=\"http:\/\/redenee.ulisboa.pt\"><strong>http:\/\/redenee.ulisboa.pt<\/strong><\/a>\u00a0 [videos, documentos, legisla\u00e7\u00e3o]<\/p><\/div>\n                <\/div><div class=\"eael-accordion-list\">\n                <div id=\"deficincias-fiscas-sensoriais\" class=\"elementor-tab-title eael-accordion-header\" tabindex=\"0\" data-tab=\"4\" aria-controls=\"elementor-tab-content-1104\"><span class=\"eael-advanced-accordion-icon-closed\"><i aria-hidden=\"true\" class=\"fa-accordion-icon fas fa-plus\"><\/i><\/span><span class=\"eael-advanced-accordion-icon-opened\"><i aria-hidden=\"true\" class=\"fa-accordion-icon fas fa-minus\"><\/i><\/span><span class=\"eael-accordion-tab-title\">Defici\u00eancias  fis\u00edcas sensoriais<\/span><i aria-hidden=\"true\" class=\"fa-toggle fas fa-angle-right\"><\/i><\/div><div id=\"elementor-tab-content-1104\" class=\"eael-accordion-content clearfix\" data-tab=\"4\" aria-labelledby=\"deficincias-fiscas-sensoriais\"><p>&#8211; Links BAES (Biblioteca Acesso Aberto, t\u00edtulos adaptados em braille, \u00e1udio e texto).<\/p><p>&#8211; Links LGP (l\u00edngua gestual Portuguesa)<\/p><\/div>\n                <\/div><div class=\"eael-accordion-list\">\n                <div id=\"outros-recursos\" class=\"elementor-tab-title eael-accordion-header\" tabindex=\"0\" data-tab=\"5\" aria-controls=\"elementor-tab-content-1105\"><span class=\"eael-advanced-accordion-icon-closed\"><i aria-hidden=\"true\" class=\"fa-accordion-icon fas fa-plus\"><\/i><\/span><span class=\"eael-advanced-accordion-icon-opened\"><i aria-hidden=\"true\" class=\"fa-accordion-icon fas fa-minus\"><\/i><\/span><span class=\"eael-accordion-tab-title\">Outros recursos<\/span><i aria-hidden=\"true\" class=\"fa-toggle fas fa-angle-right\"><\/i><\/div><div id=\"elementor-tab-content-1105\" class=\"eael-accordion-content clearfix\" data-tab=\"5\" aria-labelledby=\"outros-recursos\"><p>Brevemente.<\/p><\/div>\n                <\/div><\/div>\t\t<\/div>\n\t\t\t\t<\/div>\n\t\t\t\t\t<\/div>\n\t\t<\/div>\n\t\t\t\t\t\t\t<\/div>\n\t\t<\/section>\n\t\t\t\t\t\t\t<\/div>\n\t\t","protected":false},"excerpt":{"rendered":"<p>Informa\u00e7\u00f5es &amp; Links \u00dateis \u00c9 normal que os estudantes procurem apoio psicol\u00f3gico para falar das mais diversas quest\u00f5es pessoais e circunst\u00e2ncias vitais. Sinta-se livre de contactar o GIPE sobre estas quest\u00f5es: [ansiedade e depress\u00e3o] [quest\u00f5es ligadas a fam\u00edlia] [desafios relacionados com a aprendizagem e o desempenho acad\u00e9mico] [quest\u00f5es relacionais e ligadas \u00e0 auto-estima, identidade, imagem [&hellip;]<\/p>\n","protected":false},"author":1,"featured_media":0,"parent":0,"menu_order":0,"comment_status":"closed","ping_status":"closed","template":"","meta":{"_eb_attr":"","footnotes":""},"class_list":["post-532","page","type-page","status-publish","hentry"],"_links":{"self":[{"href":"https:\/\/w3.ese.ipsantarem.pt\/gipe2\/wp-json\/wp\/v2\/pages\/532"}],"collection":[{"href":"https:\/\/w3.ese.ipsantarem.pt\/gipe2\/wp-json\/wp\/v2\/pages"}],"about":[{"href":"https:\/\/w3.ese.ipsantarem.pt\/gipe2\/wp-json\/wp\/v2\/types\/page"}],"author":[{"embeddable":true,"href":"https:\/\/w3.ese.ipsantarem.pt\/gipe2\/wp-json\/wp\/v2\/users\/1"}],"replies":[{"embeddable":true,"href":"https:\/\/w3.ese.ipsantarem.pt\/gipe2\/wp-json\/wp\/v2\/comments?post=532"}],"version-history":[{"count":69,"href":"https:\/\/w3.ese.ipsantarem.pt\/gipe2\/wp-json\/wp\/v2\/pages\/532\/revisions"}],"predecessor-version":[{"id":1190,"href":"https:\/\/w3.ese.ipsantarem.pt\/gipe2\/wp-json\/wp\/v2\/pages\/532\/revisions\/1190"}],"wp:attachment":[{"href":"https:\/\/w3.ese.ipsantarem.pt\/gipe2\/wp-json\/wp\/v2\/media?parent=532"}],"curies":[{"name":"wp","href":"https:\/\/api.w.org\/{rel}","templated":true}]}}