{"id":10,"date":"2018-09-17T14:19:10","date_gmt":"2018-09-17T14:19:10","guid":{"rendered":"http:\/\/w3.ese.ipsantarem.pt\/literaciadigital\/?page_id=10"},"modified":"2018-12-10T18:47:54","modified_gmt":"2018-12-10T18:47:54","slug":"sobre","status":"publish","type":"page","link":"https:\/\/w3.ese.ipsantarem.pt\/literaciadigital\/sobre\/","title":{"rendered":"Sobre a forma\u00e7\u00e3o"},"content":{"rendered":"<header class=\"entry-header\">\n<h1 class=\"entry-title\">Sobre a forma\u00e7\u00e3o<\/h1>\n<\/header>\n<div class=\"entry-content\">\n<p><strong>Sobre o forma\u00e7\u00e3o<\/strong><\/p>\n<p>O curso de Forma\u00e7\u00e3o destina-se a jovens com defici\u00eancia intelectual com um grau de incapacidade at\u00e9 igual e superior a 60%. \u00c9 um programa inovador e solid\u00e1rio, cuja caracter\u00edstica mais relevante \u00e9 o facto de ser o primeiro modelo de educa\u00e7\u00e3o inclusivo em contexto de ensino superior para defici\u00eancia intelectual. Isto, faz com que seja um modelo de refer\u00eancia e de forma\u00e7\u00e3o para outras experi\u00eancias, sendo a principal caracter\u00edstica a inclus\u00e3o social e laboral a partir do ambiente de forma\u00e7\u00e3o superior da Escola Superior de Educa\u00e7\u00e3o de Santar\u00e9m.<\/p>\n<p><strong>Objetivos fundamentais do diploma:<\/strong><\/p>\n<ul>\n<li>habilitar jovens capazes de trabalhar em diferentes contextos laborais de esfera p\u00fablica e privada;<\/li>\n<li>capacitar ferramentas de adapta\u00e7\u00e3o a diferentes culturas empresariais;<\/li>\n<li>possibilitar que estes dominem os diferentes assuntos do programa de forma\u00e7\u00e3o;<\/li>\n<li>fomentar a igualdade para que estes se aceitem entre outros;<\/li>\n<li>mostrar que esta iniciativa proporciona os meios para que eles saibam como trabalhar em equipa, sejam capazes de refletir sobre a sua pr\u00e1tica e se mostrem implicados de uma forma respons\u00e1vel com as atividades em contexto de trabalho.<\/li>\n<\/ul>\n<p><strong>Sa\u00eddas Profissionais<\/strong><\/p>\n<p>Os estudantes graduados atrav\u00e9s deste programa t\u00eam como sa\u00eddas profissionais as seguintes op\u00e7\u00f5es:<\/p>\n<ul>\n<li>Administra\u00e7\u00e3o p\u00fablica<\/li>\n<li>Ag\u00eancias de viagem<\/li>\n<li>Centros especiais de emprego<\/li>\n<li>Centros profissionais<\/li>\n<li>Cl\u00ednicas odontol\u00f3gicas<\/li>\n<li>Escolas<\/li>\n<li>Empresas de Telecomunica\u00e7\u00f5es<\/li>\n<li>Seguros<\/li>\n<li>Servi\u00e7os auxiliares<\/li>\n<\/ul>\n<p>Em termos de ocupa\u00e7\u00f5es profissionais os graduados atuam maioritariamente em:<\/p>\n<ul>\n<li>Assistente de educa\u00e7\u00e3o ambiental<\/li>\n<li>Assistente Administrativo<\/li>\n<li>Assistente de \u00f3tica<\/li>\n<li>Assistente de cl\u00ednica dental<\/li>\n<li>Assistente do centro comercial<\/li>\n<li>Assistente escolar<\/li>\n<li>Assistente de vendas de autom\u00f3veis<\/li>\n<\/ul>\n<\/div>\n","protected":false},"excerpt":{"rendered":"<p>Sobre a forma\u00e7\u00e3o Sobre o forma\u00e7\u00e3o O curso de Forma\u00e7\u00e3o destina-se a jovens com defici\u00eancia intelectual com um grau de incapacidade at\u00e9 igual e superior a 60%. \u00c9 um programa inovador e solid\u00e1rio, cuja caracter\u00edstica mais relevante \u00e9 o facto de ser o primeiro modelo de educa\u00e7\u00e3o inclusivo em contexto [&hellip;]<\/p>\n","protected":false},"author":1,"featured_media":685,"parent":0,"menu_order":0,"comment_status":"closed","ping_status":"closed","template":"","meta":[],"_links":{"self":[{"href":"https:\/\/w3.ese.ipsantarem.pt\/literaciadigital\/wp-json\/wp\/v2\/pages\/10"}],"collection":[{"href":"https:\/\/w3.ese.ipsantarem.pt\/literaciadigital\/wp-json\/wp\/v2\/pages"}],"about":[{"href":"https:\/\/w3.ese.ipsantarem.pt\/literaciadigital\/wp-json\/wp\/v2\/types\/page"}],"author":[{"embeddable":true,"href":"https:\/\/w3.ese.ipsantarem.pt\/literaciadigital\/wp-json\/wp\/v2\/users\/1"}],"replies":[{"embeddable":true,"href":"https:\/\/w3.ese.ipsantarem.pt\/literaciadigital\/wp-json\/wp\/v2\/comments?post=10"}],"version-history":[{"count":2,"href":"https:\/\/w3.ese.ipsantarem.pt\/literaciadigital\/wp-json\/wp\/v2\/pages\/10\/revisions"}],"predecessor-version":[{"id":48,"href":"https:\/\/w3.ese.ipsantarem.pt\/literaciadigital\/wp-json\/wp\/v2\/pages\/10\/revisions\/48"}],"wp:featuredmedia":[{"embeddable":true,"href":"https:\/\/w3.ese.ipsantarem.pt\/literaciadigital\/wp-json\/wp\/v2\/media\/685"}],"wp:attachment":[{"href":"https:\/\/w3.ese.ipsantarem.pt\/literaciadigital\/wp-json\/wp\/v2\/media?parent=10"}],"curies":[{"name":"wp","href":"https:\/\/api.w.org\/{rel}","templated":true}]}}