{"id":11,"date":"2018-09-17T14:19:10","date_gmt":"2018-09-17T14:19:10","guid":{"rendered":"http:\/\/w3.ese.ipsantarem.pt\/literaciadigital\/?page_id=11"},"modified":"2023-04-11T15:32:17","modified_gmt":"2023-04-11T15:32:17","slug":"contactos","status":"publish","type":"page","link":"https:\/\/w3.ese.ipsantarem.pt\/literaciadigital\/contactos\/","title":{"rendered":"Contactos"},"content":{"rendered":"\t\t<div data-elementor-type=\"wp-post\" data-elementor-id=\"11\" class=\"elementor elementor-11\" data-elementor-settings=\"[]\">\n\t\t\t\t\t\t<div class=\"elementor-inner\">\n\t\t\t\t\t\t\t<div class=\"elementor-section-wrap\">\n\t\t\t\t\t\t\t<section class=\"elementor-section elementor-top-section elementor-element elementor-element-32b4e749 elementor-section-boxed elementor-section-height-default elementor-section-height-default\" data-id=\"32b4e749\" data-element_type=\"section\">\n\t\t\t\t\t\t<div class=\"elementor-container elementor-column-gap-default\">\n\t\t\t\t\t\t\t<div class=\"elementor-row\">\n\t\t\t\t\t<div class=\"elementor-column elementor-col-100 elementor-top-column elementor-element elementor-element-4bb10a89\" data-id=\"4bb10a89\" data-element_type=\"column\">\n\t\t\t<div class=\"elementor-column-wrap elementor-element-populated\">\n\t\t\t\t\t\t\t<div class=\"elementor-widget-wrap\">\n\t\t\t\t\t\t<div class=\"elementor-element elementor-element-7ba8bdd0 elementor-widget elementor-widget-text-editor\" data-id=\"7ba8bdd0\" data-element_type=\"widget\" data-widget_type=\"text-editor.default\">\n\t\t\t\t<div class=\"elementor-widget-container\">\n\t\t\t\t\t\t\t\t<div class=\"elementor-text-editor elementor-clearfix\">\n\t\t\t\t<p><span style=\"font-size: inherit;\">Escola Superior de Educa\u00e7\u00e3o de Santar\u00e9m<\/span><\/p><p>Complexo Andaluz, Apartado 131 \u2013 2001-902 Santar\u00e9m \u2013 Portugal<\/p><p><span>Tel:\u00a0<\/span>+351 243 309 180<\/p><p><a href=\"mailto:geral@ese.ipsantarem.pt\" rel=\"noopener\" target=\"_blank\"><span>geral@ese.ipsantarem.pt<\/span><\/a><\/p><p><span><a href=\"mailto:literacia.digital@ese.ipsantarem.pt\" target=\"_blank\" rel=\"noopener\">literacia.digital@ese.<wbr \/>ipsantarem.pt<\/a>\u00a0<\/span><\/p>\t\t\t\t\t<\/div>\n\t\t\t\t\t\t<\/div>\n\t\t\t\t<\/div>\n\t\t\t\t<div class=\"elementor-element elementor-element-1fc9a07 elementor-view-default elementor-widget elementor-widget-icon\" data-id=\"1fc9a07\" data-element_type=\"widget\" data-widget_type=\"icon.default\">\n\t\t\t\t<div class=\"elementor-widget-container\">\n\t\t\t\t\t<div class=\"elementor-icon-wrapper\">\n\t\t\t<a class=\"elementor-icon\" href=\"https:\/\/www.facebook.com\/literaciadigitalpmt\/\">\n\t\t\t<i aria-hidden=\"true\" class=\"fab fa-facebook\"><\/i>\t\t\t<\/a>\n\t\t<\/div>\n\t\t\t\t<\/div>\n\t\t\t\t<\/div>\n\t\t\t\t\t\t<\/div>\n\t\t\t\t\t<\/div>\n\t\t<\/div>\n\t\t\t\t\t\t\t\t<\/div>\n\t\t\t\t\t<\/div>\n\t\t<\/section>\n\t\t\t\t<section class=\"elementor-section elementor-top-section elementor-element elementor-element-62cc4b0 elementor-section-boxed elementor-section-height-default elementor-section-height-default\" data-id=\"62cc4b0\" data-element_type=\"section\">\n\t\t\t\t\t\t<div class=\"elementor-container elementor-column-gap-default\">\n\t\t\t\t\t\t\t<div class=\"elementor-row\">\n\t\t\t\t\t<div class=\"elementor-column elementor-col-100 elementor-top-column elementor-element elementor-element-53eebde\" data-id=\"53eebde\" data-element_type=\"column\">\n\t\t\t<div class=\"elementor-column-wrap elementor-element-populated\">\n\t\t\t\t\t\t\t<div class=\"elementor-widget-wrap\">\n\t\t\t\t\t\t<div class=\"elementor-element elementor-element-4330ae3 elementor-widget elementor-widget-image\" data-id=\"4330ae3\" data-element_type=\"widget\" data-widget_type=\"image.default\">\n\t\t\t\t<div class=\"elementor-widget-container\">\n\t\t\t\t\t\t\t\t<div class=\"elementor-image\">\n\t\t\t\t\t\t\t\t\t\t\t\t<img width=\"720\" height=\"376\" src=\"https:\/\/w3.ese.ipsantarem.pt\/literaciadigital\/wp-content\/uploads\/2023\/04\/fb5fe09d-ac9f-4805-8db1-f07b313fd6a1.png\" class=\"attachment-large size-large\" alt=\"\" loading=\"lazy\" srcset=\"https:\/\/w3.ese.ipsantarem.pt\/literaciadigital\/wp-content\/uploads\/2023\/04\/fb5fe09d-ac9f-4805-8db1-f07b313fd6a1.png 720w, https:\/\/w3.ese.ipsantarem.pt\/literaciadigital\/wp-content\/uploads\/2023\/04\/fb5fe09d-ac9f-4805-8db1-f07b313fd6a1-300x157.png 300w\" sizes=\"(max-width: 720px) 100vw, 720px\" \/>\t\t\t\t\t\t\t\t\t\t\t\t\t\t<\/div>\n\t\t\t\t\t\t<\/div>\n\t\t\t\t<\/div>\n\t\t\t\t\t\t<\/div>\n\t\t\t\t\t<\/div>\n\t\t<\/div>\n\t\t\t\t\t\t\t\t<\/div>\n\t\t\t\t\t<\/div>\n\t\t<\/section>\n\t\t\t\t<section class=\"elementor-section elementor-top-section elementor-element elementor-element-0382ff7 elementor-section-boxed elementor-section-height-default elementor-section-height-default\" data-id=\"0382ff7\" data-element_type=\"section\">\n\t\t\t\t\t\t<div class=\"elementor-container elementor-column-gap-default\">\n\t\t\t\t\t\t\t<div class=\"elementor-row\">\n\t\t\t\t\t<div class=\"elementor-column elementor-col-100 elementor-top-column elementor-element elementor-element-71566e5\" data-id=\"71566e5\" data-element_type=\"column\">\n\t\t\t<div class=\"elementor-column-wrap elementor-element-populated\">\n\t\t\t\t\t\t\t<div class=\"elementor-widget-wrap\">\n\t\t\t\t\t\t<div class=\"elementor-element elementor-element-0f30538 elementor-widget elementor-widget-spacer\" data-id=\"0f30538\" data-element_type=\"widget\" data-widget_type=\"spacer.default\">\n\t\t\t\t<div class=\"elementor-widget-container\">\n\t\t\t\t\t<div class=\"elementor-spacer\">\n\t\t\t<div class=\"elementor-spacer-inner\"><\/div>\n\t\t<\/div>\n\t\t\t\t<\/div>\n\t\t\t\t<\/div>\n\t\t\t\t\t\t<\/div>\n\t\t\t\t\t<\/div>\n\t\t<\/div>\n\t\t\t\t\t\t\t\t<\/div>\n\t\t\t\t\t<\/div>\n\t\t<\/section>\n\t\t\t\t\t\t<\/div>\n\t\t\t\t\t\t<\/div>\n\t\t\t\t\t<\/div>\n\t\t","protected":false},"excerpt":{"rendered":"<p>Escola Superior de Educa\u00e7\u00e3o de Santar\u00e9m Complexo Andaluz, Apartado 131 \u2013 2001-902 Santar\u00e9m \u2013 Portugal Tel:\u00a0+351 243 309 180 geral@ese.ipsantarem.pt literacia.digital@ese.ipsantarem.pt\u00a0<\/p>\n","protected":false},"author":1,"featured_media":2158,"parent":0,"menu_order":0,"comment_status":"closed","ping_status":"closed","template":"","meta":[],"_links":{"self":[{"href":"https:\/\/w3.ese.ipsantarem.pt\/literaciadigital\/wp-json\/wp\/v2\/pages\/11"}],"collection":[{"href":"https:\/\/w3.ese.ipsantarem.pt\/literaciadigital\/wp-json\/wp\/v2\/pages"}],"about":[{"href":"https:\/\/w3.ese.ipsantarem.pt\/literaciadigital\/wp-json\/wp\/v2\/types\/page"}],"author":[{"embeddable":true,"href":"https:\/\/w3.ese.ipsantarem.pt\/literaciadigital\/wp-json\/wp\/v2\/users\/1"}],"replies":[{"embeddable":true,"href":"https:\/\/w3.ese.ipsantarem.pt\/literaciadigital\/wp-json\/wp\/v2\/comments?post=11"}],"version-history":[{"count":14,"href":"https:\/\/w3.ese.ipsantarem.pt\/literaciadigital\/wp-json\/wp\/v2\/pages\/11\/revisions"}],"predecessor-version":[{"id":2197,"href":"https:\/\/w3.ese.ipsantarem.pt\/literaciadigital\/wp-json\/wp\/v2\/pages\/11\/revisions\/2197"}],"wp:featuredmedia":[{"embeddable":true,"href":"https:\/\/w3.ese.ipsantarem.pt\/literaciadigital\/wp-json\/wp\/v2\/media\/2158"}],"wp:attachment":[{"href":"https:\/\/w3.ese.ipsantarem.pt\/literaciadigital\/wp-json\/wp\/v2\/media?parent=11"}],"curies":[{"name":"wp","href":"https:\/\/api.w.org\/{rel}","templated":true}]}}