{"id":1673,"date":"2019-07-17T12:59:07","date_gmt":"2019-07-17T12:59:07","guid":{"rendered":"http:\/\/w3.ese.ipsantarem.pt\/literaciadigital\/?page_id=1673"},"modified":"2023-04-11T14:03:36","modified_gmt":"2023-04-11T14:03:36","slug":"documentos-3","status":"publish","type":"page","link":"https:\/\/w3.ese.ipsantarem.pt\/literaciadigital\/documentos-3\/","title":{"rendered":"Documentos"},"content":{"rendered":"\n<p>Parecer da Secretaria-Geral da Educa\u00e7\u00e3o e Ci\u00eancia sobre a Forma\u00e7\u00e3o em \u201cLiteracia Digital para o Mercado de Trabalho, conclus\u00f5es e propostas n\u00ba25, p\u00e1gina 68 (2019).  <a href=\"https:\/\/w3.ese.ipsantarem.pt\/literaciadigital\/wp-content\/uploads\/2019\/07\/Inf-G24-de-2019.pdf\" target=\"_blank\" rel=\"noreferrer noopener\">Link<\/a><\/p>\n\n\n\n<p>Selo \u201c<strong>uma a\u00e7\u00e3o INCoDe.2030<\/strong>\u201d a indiv\u00edduos, organiza\u00e7\u00f5es e entidades p\u00fablicas e privadas, que contribuam para a capacita\u00e7\u00e3o das compet\u00eancias digitais no nosso pa\u00eds. <a href=\"http:\/\/w3.ese.ipsantarem.pt\/literaciadigital\/wp-content\/uploads\/2019\/07\/Selo-InCode2030.pdf\">Link<\/a><\/p>\n\n\n\n<p>Carta de Compromisso &#8211; Movimento Escola de Afetos, Escola de Sucesso. <a href=\"http:\/\/w3.ese.ipsantarem.pt\/literaciadigital\/wp-content\/uploads\/2019\/07\/Carta-de-Compromisso.pdf\" target=\"_blank\" rel=\"noreferrer noopener\" aria-label=\"Link (opens in a new tab)\">Link<\/a><\/p>\n\n\n\n<p>ET2020 Working Group on Higher Education. (2019). <em>Inclusion in higher education \u2013 Promoting life changing opportunities for people of under-represented groups<\/em>. Policy conclusions from the PLA in Brussels, 11-12 April 2019. <a href=\"http:\/\/w3.ese.ipsantarem.pt\/literaciadigital\/wp-content\/uploads\/2020\/04\/PLA-Social-Inclusion_Policy-Conclusions-1.pdf\" target=\"_blank\" rel=\"noreferrer noopener\" aria-label=\"Link  (opens in a new tab)\">Link <\/a><\/p>\n","protected":false},"excerpt":{"rendered":"<p>Parecer da Secretaria-Geral da Educa\u00e7\u00e3o e Ci\u00eancia sobre a Forma\u00e7\u00e3o em \u201cLiteracia Digital para o Mercado de Trabalho, conclus\u00f5es e propostas n\u00ba25, p\u00e1gina 68 (2019). Link Selo \u201cuma a\u00e7\u00e3o INCoDe.2030\u201d a indiv\u00edduos, organiza\u00e7\u00f5es e entidades p\u00fablicas e privadas, que contribuam para a capacita\u00e7\u00e3o das compet\u00eancias digitais no nosso pa\u00eds. Link [&hellip;]<\/p>\n","protected":false},"author":1,"featured_media":0,"parent":0,"menu_order":0,"comment_status":"closed","ping_status":"closed","template":"","meta":[],"_links":{"self":[{"href":"https:\/\/w3.ese.ipsantarem.pt\/literaciadigital\/wp-json\/wp\/v2\/pages\/1673"}],"collection":[{"href":"https:\/\/w3.ese.ipsantarem.pt\/literaciadigital\/wp-json\/wp\/v2\/pages"}],"about":[{"href":"https:\/\/w3.ese.ipsantarem.pt\/literaciadigital\/wp-json\/wp\/v2\/types\/page"}],"author":[{"embeddable":true,"href":"https:\/\/w3.ese.ipsantarem.pt\/literaciadigital\/wp-json\/wp\/v2\/users\/1"}],"replies":[{"embeddable":true,"href":"https:\/\/w3.ese.ipsantarem.pt\/literaciadigital\/wp-json\/wp\/v2\/comments?post=1673"}],"version-history":[{"count":7,"href":"https:\/\/w3.ese.ipsantarem.pt\/literaciadigital\/wp-json\/wp\/v2\/pages\/1673\/revisions"}],"predecessor-version":[{"id":2125,"href":"https:\/\/w3.ese.ipsantarem.pt\/literaciadigital\/wp-json\/wp\/v2\/pages\/1673\/revisions\/2125"}],"wp:attachment":[{"href":"https:\/\/w3.ese.ipsantarem.pt\/literaciadigital\/wp-json\/wp\/v2\/media?parent=1673"}],"curies":[{"name":"wp","href":"https:\/\/api.w.org\/{rel}","templated":true}]}}