{"id":1696,"date":"2019-08-19T13:42:59","date_gmt":"2019-08-19T13:42:59","guid":{"rendered":"http:\/\/w3.ese.ipsantarem.pt\/literaciadigital\/?page_id=1696"},"modified":"2019-08-19T14:42:02","modified_gmt":"2019-08-19T14:42:02","slug":"estudantes","status":"publish","type":"page","link":"https:\/\/w3.ese.ipsantarem.pt\/literaciadigital\/estudantes\/","title":{"rendered":"Estudantes"},"content":{"rendered":"\t\t<div data-elementor-type=\"wp-post\" data-elementor-id=\"1696\" class=\"elementor elementor-1696\" data-elementor-settings=\"[]\">\n\t\t\t\t\t\t<div class=\"elementor-inner\">\n\t\t\t\t\t\t\t<div class=\"elementor-section-wrap\">\n\t\t\t\t\t\t\t<section class=\"elementor-section elementor-top-section elementor-element elementor-element-a53a28e elementor-section-boxed elementor-section-height-default elementor-section-height-default\" data-id=\"a53a28e\" data-element_type=\"section\">\n\t\t\t\t\t\t<div class=\"elementor-container elementor-column-gap-default\">\n\t\t\t\t\t\t\t<div class=\"elementor-row\">\n\t\t\t\t\t<div class=\"elementor-column elementor-col-100 elementor-top-column elementor-element elementor-element-d3ef8d7\" data-id=\"d3ef8d7\" data-element_type=\"column\">\n\t\t\t<div class=\"elementor-column-wrap elementor-element-populated\">\n\t\t\t\t\t\t\t<div class=\"elementor-widget-wrap\">\n\t\t\t\t\t\t<div class=\"elementor-element elementor-element-0ec3eac elementor-widget elementor-widget-spacer\" data-id=\"0ec3eac\" data-element_type=\"widget\" data-widget_type=\"spacer.default\">\n\t\t\t\t<div class=\"elementor-widget-container\">\n\t\t\t\t\t<div class=\"elementor-spacer\">\n\t\t\t<div class=\"elementor-spacer-inner\"><\/div>\n\t\t<\/div>\n\t\t\t\t<\/div>\n\t\t\t\t<\/div>\n\t\t\t\t\t\t<\/div>\n\t\t\t\t\t<\/div>\n\t\t<\/div>\n\t\t\t\t\t\t\t\t<\/div>\n\t\t\t\t\t<\/div>\n\t\t<\/section>\n\t\t\t\t<section class=\"elementor-section elementor-top-section elementor-element elementor-element-749b1bd elementor-section-boxed elementor-section-height-default elementor-section-height-default\" data-id=\"749b1bd\" data-element_type=\"section\">\n\t\t\t\t\t\t<div class=\"elementor-container elementor-column-gap-default\">\n\t\t\t\t\t\t\t<div class=\"elementor-row\">\n\t\t\t\t\t<div class=\"elementor-column elementor-col-100 elementor-top-column elementor-element elementor-element-4f3a74c\" data-id=\"4f3a74c\" data-element_type=\"column\">\n\t\t\t<div class=\"elementor-column-wrap elementor-element-populated\">\n\t\t\t\t\t\t\t<div class=\"elementor-widget-wrap\">\n\t\t\t\t\t\t<div class=\"elementor-element elementor-element-1bd9a84 elementor-widget elementor-widget-heading\" data-id=\"1bd9a84\" data-element_type=\"widget\" data-widget_type=\"heading.default\">\n\t\t\t\t<div class=\"elementor-widget-container\">\n\t\t\t<h2 class=\"elementor-heading-title elementor-size-default\">Alunos do Ano Letivo 2018-2020<\/h2>\t\t<\/div>\n\t\t\t\t<\/div>\n\t\t\t\t\t\t<\/div>\n\t\t\t\t\t<\/div>\n\t\t<\/div>\n\t\t\t\t\t\t\t\t<\/div>\n\t\t\t\t\t<\/div>\n\t\t<\/section>\n\t\t\t\t<section class=\"elementor-section elementor-top-section elementor-element elementor-element-410a7a3 elementor-section-boxed elementor-section-height-default elementor-section-height-default\" data-id=\"410a7a3\" data-element_type=\"section\">\n\t\t\t\t\t\t<div class=\"elementor-container elementor-column-gap-default\">\n\t\t\t\t\t\t\t<div class=\"elementor-row\">\n\t\t\t\t\t<div class=\"elementor-column elementor-col-100 elementor-top-column elementor-element elementor-element-b0a525a\" data-id=\"b0a525a\" data-element_type=\"column\">\n\t\t\t<div class=\"elementor-column-wrap elementor-element-populated\">\n\t\t\t\t\t\t\t<div class=\"elementor-widget-wrap\">\n\t\t\t\t\t\t<div class=\"elementor-element elementor-element-910ec0c elementor-widget elementor-widget-image-gallery\" data-id=\"910ec0c\" data-element_type=\"widget\" data-widget_type=\"image-gallery.default\">\n\t\t\t\t<div class=\"elementor-widget-container\">\n\t\t\t\t\t<div class=\"elementor-image-gallery\">\n\t\t\t\n\t\t<style type=\"text\/css\">\n\t\t\t#gallery-1 {\n\t\t\t\tmargin: auto;\n\t\t\t}\n\t\t\t#gallery-1 .gallery-item {\n\t\t\t\tfloat: left;\n\t\t\t\tmargin-top: 10px;\n\t\t\t\ttext-align: center;\n\t\t\t\twidth: 25%;\n\t\t\t}\n\t\t\t#gallery-1 img {\n\t\t\t\tborder: 2px solid #cfcfcf;\n\t\t\t}\n\t\t\t#gallery-1 .gallery-caption {\n\t\t\t\tmargin-left: 0;\n\t\t\t}\n\t\t\t\/* see gallery_shortcode() in wp-includes\/media.php *\/\n\t\t<\/style>\n\t\t<div id='gallery-1' class='gallery galleryid-1696 gallery-columns-4 gallery-size-thumbnail'><dl class='gallery-item'>\n\t\t\t<dt class='gallery-icon landscape'>\n\t\t\t\t<a data-elementor-open-lightbox=\"yes\" data-elementor-lightbox-slideshow=\"910ec0c\" data-elementor-lightbox-title=\"pedro lopes-min\" href='https:\/\/w3.ese.ipsantarem.pt\/literaciadigital\/wp-content\/uploads\/2019\/03\/pedro-lopes-min.png' title=\"\" data-rl_title=\"\" class=\"rl-gallery-link\" data-rl_caption=\"\" data-rel=\"lightbox-image-bGlnaHRib3gtZ2FsbGVyeS0x\" data-rl_title=\"\" data-rl_caption=\"\"><img width=\"150\" height=\"150\" src=\"https:\/\/w3.ese.ipsantarem.pt\/literaciadigital\/wp-content\/uploads\/2019\/03\/pedro-lopes-min-150x150.png\" class=\"attachment-thumbnail size-thumbnail\" alt=\"\" loading=\"lazy\" aria-describedby=\"gallery-1-1640\" srcset=\"https:\/\/w3.ese.ipsantarem.pt\/literaciadigital\/wp-content\/uploads\/2019\/03\/pedro-lopes-min-150x150.png 150w, https:\/\/w3.ese.ipsantarem.pt\/literaciadigital\/wp-content\/uploads\/2019\/03\/pedro-lopes-min-160x160.png 160w\" sizes=\"(max-width: 150px) 100vw, 150px\" \/><\/a>\n\t\t\t<\/dt>\n\t\t\t\t<dd class='wp-caption-text gallery-caption' id='gallery-1-1640'>\n\t\t\t\tPedro Lopes\n\t\t\t\t<\/dd><\/dl><dl class='gallery-item'>\n\t\t\t<dt class='gallery-icon landscape'>\n\t\t\t\t<a data-elementor-open-lightbox=\"yes\" data-elementor-lightbox-slideshow=\"910ec0c\" data-elementor-lightbox-title=\"luisa mota-min\" href='https:\/\/w3.ese.ipsantarem.pt\/literaciadigital\/wp-content\/uploads\/2019\/03\/luisa-mota-min.png' title=\"\" data-rl_title=\"\" class=\"rl-gallery-link\" data-rl_caption=\"\" data-rel=\"lightbox-image-bGlnaHRib3gtZ2FsbGVyeS0x\" data-rl_title=\"\" data-rl_caption=\"\"><img width=\"150\" height=\"150\" src=\"https:\/\/w3.ese.ipsantarem.pt\/literaciadigital\/wp-content\/uploads\/2019\/03\/luisa-mota-min-150x150.png\" class=\"attachment-thumbnail size-thumbnail\" alt=\"\" loading=\"lazy\" aria-describedby=\"gallery-1-1642\" srcset=\"https:\/\/w3.ese.ipsantarem.pt\/literaciadigital\/wp-content\/uploads\/2019\/03\/luisa-mota-min-150x150.png 150w, https:\/\/w3.ese.ipsantarem.pt\/literaciadigital\/wp-content\/uploads\/2019\/03\/luisa-mota-min-160x160.png 160w\" sizes=\"(max-width: 150px) 100vw, 150px\" \/><\/a>\n\t\t\t<\/dt>\n\t\t\t\t<dd class='wp-caption-text gallery-caption' id='gallery-1-1642'>\n\t\t\t\tMaria Lu\u00edsa Mota\n\t\t\t\t<\/dd><\/dl><dl class='gallery-item'>\n\t\t\t<dt class='gallery-icon landscape'>\n\t\t\t\t<a data-elementor-open-lightbox=\"yes\" data-elementor-lightbox-slideshow=\"910ec0c\" data-elementor-lightbox-title=\"preciosa ferreira-min\" href='https:\/\/w3.ese.ipsantarem.pt\/literaciadigital\/wp-content\/uploads\/2019\/03\/preciosa-ferreira-min.png' title=\"\" data-rl_title=\"\" class=\"rl-gallery-link\" data-rl_caption=\"\" data-rel=\"lightbox-image-bGlnaHRib3gtZ2FsbGVyeS0x\" data-rl_title=\"\" data-rl_caption=\"\"><img width=\"150\" height=\"150\" src=\"https:\/\/w3.ese.ipsantarem.pt\/literaciadigital\/wp-content\/uploads\/2019\/03\/preciosa-ferreira-min-150x150.png\" class=\"attachment-thumbnail size-thumbnail\" alt=\"\" loading=\"lazy\" aria-describedby=\"gallery-1-1638\" srcset=\"https:\/\/w3.ese.ipsantarem.pt\/literaciadigital\/wp-content\/uploads\/2019\/03\/preciosa-ferreira-min-150x150.png 150w, https:\/\/w3.ese.ipsantarem.pt\/literaciadigital\/wp-content\/uploads\/2019\/03\/preciosa-ferreira-min-160x160.png 160w\" sizes=\"(max-width: 150px) 100vw, 150px\" \/><\/a>\n\t\t\t<\/dt>\n\t\t\t\t<dd class='wp-caption-text gallery-caption' id='gallery-1-1638'>\n\t\t\t\tMaria Preciosa\n\t\t\t\t<\/dd><\/dl><dl class='gallery-item'>\n\t\t\t<dt class='gallery-icon landscape'>\n\t\t\t\t<a data-elementor-open-lightbox=\"yes\" data-elementor-lightbox-slideshow=\"910ec0c\" data-elementor-lightbox-title=\"Webp.net-resizeimage\" href='https:\/\/w3.ese.ipsantarem.pt\/literaciadigital\/wp-content\/uploads\/2019\/08\/Webp.net-resizeimage.png' title=\"\" data-rl_title=\"\" class=\"rl-gallery-link\" data-rl_caption=\"\" data-rel=\"lightbox-image-bGlnaHRib3gtZ2FsbGVyeS0x\" data-rl_title=\"\" data-rl_caption=\"\"><img width=\"150\" height=\"150\" src=\"https:\/\/w3.ese.ipsantarem.pt\/literaciadigital\/wp-content\/uploads\/2019\/08\/Webp.net-resizeimage-150x150.png\" class=\"attachment-thumbnail size-thumbnail\" alt=\"\" loading=\"lazy\" aria-describedby=\"gallery-1-1701\" srcset=\"https:\/\/w3.ese.ipsantarem.pt\/literaciadigital\/wp-content\/uploads\/2019\/08\/Webp.net-resizeimage-150x150.png 150w, https:\/\/w3.ese.ipsantarem.pt\/literaciadigital\/wp-content\/uploads\/2019\/08\/Webp.net-resizeimage-160x160.png 160w\" sizes=\"(max-width: 150px) 100vw, 150px\" \/><\/a>\n\t\t\t<\/dt>\n\t\t\t\t<dd class='wp-caption-text gallery-caption' id='gallery-1-1701'>\n\t\t\t\tIn\u00eas Alves\n\t\t\t\t<\/dd><\/dl><br style=\"clear: both\" \/><dl class='gallery-item'>\n\t\t\t<dt class='gallery-icon landscape'>\n\t\t\t\t<a data-elementor-open-lightbox=\"yes\" data-elementor-lightbox-slideshow=\"910ec0c\" data-elementor-lightbox-title=\"sofia santos2-min\" href='https:\/\/w3.ese.ipsantarem.pt\/literaciadigital\/wp-content\/uploads\/2019\/03\/sofia-santos2-min.png' title=\"\" data-rl_title=\"\" class=\"rl-gallery-link\" data-rl_caption=\"\" data-rel=\"lightbox-image-bGlnaHRib3gtZ2FsbGVyeS0x\" data-rl_title=\"\" data-rl_caption=\"\"><img width=\"150\" height=\"150\" src=\"https:\/\/w3.ese.ipsantarem.pt\/literaciadigital\/wp-content\/uploads\/2019\/03\/sofia-santos2-min-150x150.png\" class=\"attachment-thumbnail size-thumbnail\" alt=\"\" loading=\"lazy\" aria-describedby=\"gallery-1-1635\" srcset=\"https:\/\/w3.ese.ipsantarem.pt\/literaciadigital\/wp-content\/uploads\/2019\/03\/sofia-santos2-min-150x150.png 150w, https:\/\/w3.ese.ipsantarem.pt\/literaciadigital\/wp-content\/uploads\/2019\/03\/sofia-santos2-min-160x160.png 160w\" sizes=\"(max-width: 150px) 100vw, 150px\" \/><\/a>\n\t\t\t<\/dt>\n\t\t\t\t<dd class='wp-caption-text gallery-caption' id='gallery-1-1635'>\n\t\t\t\tSofia Santos\n\t\t\t\t<\/dd><\/dl><dl class='gallery-item'>\n\t\t\t<dt class='gallery-icon landscape'>\n\t\t\t\t<a data-elementor-open-lightbox=\"yes\" data-elementor-lightbox-slideshow=\"910ec0c\" data-elementor-lightbox-title=\"Webp.net-resizeimage\" href='https:\/\/w3.ese.ipsantarem.pt\/literaciadigital\/wp-content\/uploads\/2019\/08\/Webp.net-resizeimage-1.png' title=\"\" data-rl_title=\"\" class=\"rl-gallery-link\" data-rl_caption=\"\" data-rel=\"lightbox-image-bGlnaHRib3gtZ2FsbGVyeS0x\" data-rl_title=\"\" data-rl_caption=\"\"><img width=\"150\" height=\"150\" src=\"https:\/\/w3.ese.ipsantarem.pt\/literaciadigital\/wp-content\/uploads\/2019\/08\/Webp.net-resizeimage-1-150x150.png\" class=\"attachment-thumbnail size-thumbnail\" alt=\"\" loading=\"lazy\" aria-describedby=\"gallery-1-1703\" srcset=\"https:\/\/w3.ese.ipsantarem.pt\/literaciadigital\/wp-content\/uploads\/2019\/08\/Webp.net-resizeimage-1-150x150.png 150w, https:\/\/w3.ese.ipsantarem.pt\/literaciadigital\/wp-content\/uploads\/2019\/08\/Webp.net-resizeimage-1-160x160.png 160w\" sizes=\"(max-width: 150px) 100vw, 150px\" \/><\/a>\n\t\t\t<\/dt>\n\t\t\t\t<dd class='wp-caption-text gallery-caption' id='gallery-1-1703'>\n\t\t\t\tDaniela Maur\u00edcio\n\t\t\t\t<\/dd><\/dl><dl class='gallery-item'>\n\t\t\t<dt class='gallery-icon landscape'>\n\t\t\t\t<a data-elementor-open-lightbox=\"yes\" data-elementor-lightbox-slideshow=\"910ec0c\" data-elementor-lightbox-title=\"pilar\" href='https:\/\/w3.ese.ipsantarem.pt\/literaciadigital\/wp-content\/uploads\/2019\/08\/pilar.png' title=\"\" data-rl_title=\"\" class=\"rl-gallery-link\" data-rl_caption=\"\" data-rel=\"lightbox-image-bGlnaHRib3gtZ2FsbGVyeS0x\" data-rl_title=\"\" data-rl_caption=\"\"><img width=\"150\" height=\"150\" src=\"https:\/\/w3.ese.ipsantarem.pt\/literaciadigital\/wp-content\/uploads\/2019\/08\/pilar-150x150.png\" class=\"attachment-thumbnail size-thumbnail\" alt=\"\" loading=\"lazy\" aria-describedby=\"gallery-1-1702\" srcset=\"https:\/\/w3.ese.ipsantarem.pt\/literaciadigital\/wp-content\/uploads\/2019\/08\/pilar-150x150.png 150w, https:\/\/w3.ese.ipsantarem.pt\/literaciadigital\/wp-content\/uploads\/2019\/08\/pilar-160x160.png 160w\" sizes=\"(max-width: 150px) 100vw, 150px\" \/><\/a>\n\t\t\t<\/dt>\n\t\t\t\t<dd class='wp-caption-text gallery-caption' id='gallery-1-1702'>\n\t\t\t\tPilar Silva Santos\n\t\t\t\t<\/dd><\/dl><dl class='gallery-item'>\n\t\t\t<dt class='gallery-icon landscape'>\n\t\t\t\t<a data-elementor-open-lightbox=\"yes\" data-elementor-lightbox-slideshow=\"910ec0c\" data-elementor-lightbox-title=\"catarina guimaraes-min\" href='https:\/\/w3.ese.ipsantarem.pt\/literaciadigital\/wp-content\/uploads\/2019\/03\/catarina-guimaraes-min.png' title=\"\" data-rl_title=\"\" class=\"rl-gallery-link\" data-rl_caption=\"\" data-rel=\"lightbox-image-bGlnaHRib3gtZ2FsbGVyeS0x\" data-rl_title=\"\" data-rl_caption=\"\"><img width=\"150\" height=\"150\" src=\"https:\/\/w3.ese.ipsantarem.pt\/literaciadigital\/wp-content\/uploads\/2019\/03\/catarina-guimaraes-min-150x150.png\" class=\"attachment-thumbnail size-thumbnail\" alt=\"\" loading=\"lazy\" aria-describedby=\"gallery-1-1647\" srcset=\"https:\/\/w3.ese.ipsantarem.pt\/literaciadigital\/wp-content\/uploads\/2019\/03\/catarina-guimaraes-min-150x150.png 150w, https:\/\/w3.ese.ipsantarem.pt\/literaciadigital\/wp-content\/uploads\/2019\/03\/catarina-guimaraes-min-160x160.png 160w\" sizes=\"(max-width: 150px) 100vw, 150px\" \/><\/a>\n\t\t\t<\/dt>\n\t\t\t\t<dd class='wp-caption-text gallery-caption' id='gallery-1-1647'>\n\t\t\t\tCatarina Guimar\u00e3es\n\t\t\t\t<\/dd><\/dl><br style=\"clear: both\" \/><dl class='gallery-item'>\n\t\t\t<dt class='gallery-icon landscape'>\n\t\t\t\t<a data-elementor-open-lightbox=\"yes\" data-elementor-lightbox-slideshow=\"910ec0c\" data-elementor-lightbox-title=\"maria dias-min\" href='https:\/\/w3.ese.ipsantarem.pt\/literaciadigital\/wp-content\/uploads\/2019\/03\/maria-dias-min.png' title=\"\" data-rl_title=\"\" class=\"rl-gallery-link\" data-rl_caption=\"\" data-rel=\"lightbox-image-bGlnaHRib3gtZ2FsbGVyeS0x\" data-rl_title=\"\" data-rl_caption=\"\"><img width=\"150\" height=\"150\" src=\"https:\/\/w3.ese.ipsantarem.pt\/literaciadigital\/wp-content\/uploads\/2019\/03\/maria-dias-min-150x150.png\" class=\"attachment-thumbnail size-thumbnail\" alt=\"\" loading=\"lazy\" aria-describedby=\"gallery-1-1643\" srcset=\"https:\/\/w3.ese.ipsantarem.pt\/literaciadigital\/wp-content\/uploads\/2019\/03\/maria-dias-min-150x150.png 150w, https:\/\/w3.ese.ipsantarem.pt\/literaciadigital\/wp-content\/uploads\/2019\/03\/maria-dias-min-160x160.png 160w\" sizes=\"(max-width: 150px) 100vw, 150px\" \/><\/a>\n\t\t\t<\/dt>\n\t\t\t\t<dd class='wp-caption-text gallery-caption' id='gallery-1-1643'>\n\t\t\t\tMaria Dias\n\t\t\t\t<\/dd><\/dl><dl class='gallery-item'>\n\t\t\t<dt class='gallery-icon landscape'>\n\t\t\t\t<a data-elementor-open-lightbox=\"yes\" data-elementor-lightbox-slideshow=\"910ec0c\" data-elementor-lightbox-title=\"rodrigo-min\" href='https:\/\/w3.ese.ipsantarem.pt\/literaciadigital\/wp-content\/uploads\/2019\/03\/rodrigo-min.png' title=\"\" data-rl_title=\"\" class=\"rl-gallery-link\" data-rl_caption=\"\" data-rel=\"lightbox-image-bGlnaHRib3gtZ2FsbGVyeS0x\" data-rl_title=\"\" data-rl_caption=\"\"><img width=\"150\" height=\"150\" src=\"https:\/\/w3.ese.ipsantarem.pt\/literaciadigital\/wp-content\/uploads\/2019\/03\/rodrigo-min-150x150.png\" class=\"attachment-thumbnail size-thumbnail\" alt=\"\" loading=\"lazy\" aria-describedby=\"gallery-1-1636\" srcset=\"https:\/\/w3.ese.ipsantarem.pt\/literaciadigital\/wp-content\/uploads\/2019\/03\/rodrigo-min-150x150.png 150w, https:\/\/w3.ese.ipsantarem.pt\/literaciadigital\/wp-content\/uploads\/2019\/03\/rodrigo-min-300x300.png 300w, https:\/\/w3.ese.ipsantarem.pt\/literaciadigital\/wp-content\/uploads\/2019\/03\/rodrigo-min-768x765.png 768w, https:\/\/w3.ese.ipsantarem.pt\/literaciadigital\/wp-content\/uploads\/2019\/03\/rodrigo-min-1024x1019.png 1024w, https:\/\/w3.ese.ipsantarem.pt\/literaciadigital\/wp-content\/uploads\/2019\/03\/rodrigo-min-600x597.png 600w, https:\/\/w3.ese.ipsantarem.pt\/literaciadigital\/wp-content\/uploads\/2019\/03\/rodrigo-min-160x160.png 160w\" sizes=\"(max-width: 150px) 100vw, 150px\" \/><\/a>\n\t\t\t<\/dt>\n\t\t\t\t<dd class='wp-caption-text gallery-caption' id='gallery-1-1636'>\n\t\t\t\tRodrigo Andrade\n\t\t\t\t<\/dd><\/dl><dl class='gallery-item'>\n\t\t\t<dt class='gallery-icon landscape'>\n\t\t\t\t<a data-elementor-open-lightbox=\"yes\" data-elementor-lightbox-slideshow=\"910ec0c\" data-elementor-lightbox-title=\"diogo-min\" href='https:\/\/w3.ese.ipsantarem.pt\/literaciadigital\/wp-content\/uploads\/2019\/03\/diogo-min.png' title=\"\" data-rl_title=\"\" class=\"rl-gallery-link\" data-rl_caption=\"\" data-rel=\"lightbox-image-bGlnaHRib3gtZ2FsbGVyeS0x\" data-rl_title=\"\" data-rl_caption=\"\"><img width=\"150\" height=\"150\" src=\"https:\/\/w3.ese.ipsantarem.pt\/literaciadigital\/wp-content\/uploads\/2019\/03\/diogo-min-150x150.png\" class=\"attachment-thumbnail size-thumbnail\" alt=\"\" loading=\"lazy\" aria-describedby=\"gallery-1-1645\" srcset=\"https:\/\/w3.ese.ipsantarem.pt\/literaciadigital\/wp-content\/uploads\/2019\/03\/diogo-min-150x150.png 150w, https:\/\/w3.ese.ipsantarem.pt\/literaciadigital\/wp-content\/uploads\/2019\/03\/diogo-min-160x160.png 160w\" sizes=\"(max-width: 150px) 100vw, 150px\" \/><\/a>\n\t\t\t<\/dt>\n\t\t\t\t<dd class='wp-caption-text gallery-caption' id='gallery-1-1645'>\n\t\t\t\tDiogo Bernardo \n\t\t\t\t<\/dd><\/dl>\n\t\t\t<br style='clear: both' \/>\n\t\t<\/div>\n\t\t<\/div>\n\t\t\t\t<\/div>\n\t\t\t\t<\/div>\n\t\t\t\t\t\t<\/div>\n\t\t\t\t\t<\/div>\n\t\t<\/div>\n\t\t\t\t\t\t\t\t<\/div>\n\t\t\t\t\t<\/div>\n\t\t<\/section>\n\t\t\t\t\t\t<\/div>\n\t\t\t\t\t\t<\/div>\n\t\t\t\t\t<\/div>\n\t\t","protected":false},"excerpt":{"rendered":"<p>Alunos do Ano Letivo 2018-2020 Pedro Lopes Maria Lu\u00edsa Mota Maria Preciosa In\u00eas Alves Sofia Santos Daniela Maur\u00edcio Pilar Silva Santos Catarina Guimar\u00e3es Maria Dias Rodrigo Andrade Diogo Bernardo<\/p>\n","protected":false},"author":1,"featured_media":0,"parent":0,"menu_order":0,"comment_status":"closed","ping_status":"closed","template":"page-templates\/template-pagebuilder-full-width.php","meta":[],"_links":{"self":[{"href":"https:\/\/w3.ese.ipsantarem.pt\/literaciadigital\/wp-json\/wp\/v2\/pages\/1696"}],"collection":[{"href":"https:\/\/w3.ese.ipsantarem.pt\/literaciadigital\/wp-json\/wp\/v2\/pages"}],"about":[{"href":"https:\/\/w3.ese.ipsantarem.pt\/literaciadigital\/wp-json\/wp\/v2\/types\/page"}],"author":[{"embeddable":true,"href":"https:\/\/w3.ese.ipsantarem.pt\/literaciadigital\/wp-json\/wp\/v2\/users\/1"}],"replies":[{"embeddable":true,"href":"https:\/\/w3.ese.ipsantarem.pt\/literaciadigital\/wp-json\/wp\/v2\/comments?post=1696"}],"version-history":[{"count":7,"href":"https:\/\/w3.ese.ipsantarem.pt\/literaciadigital\/wp-json\/wp\/v2\/pages\/1696\/revisions"}],"predecessor-version":[{"id":1709,"href":"https:\/\/w3.ese.ipsantarem.pt\/literaciadigital\/wp-json\/wp\/v2\/pages\/1696\/revisions\/1709"}],"wp:attachment":[{"href":"https:\/\/w3.ese.ipsantarem.pt\/literaciadigital\/wp-json\/wp\/v2\/media?parent=1696"}],"curies":[{"name":"wp","href":"https:\/\/api.w.org\/{rel}","templated":true}]}}