{"id":2,"date":"2018-09-17T14:15:21","date_gmt":"2018-09-17T14:15:21","guid":{"rendered":"http:\/\/w3.ese.ipsantarem.pt\/literaciadigital\/?page_id=2"},"modified":"2019-02-11T14:59:53","modified_gmt":"2019-02-11T14:59:53","slug":"aplicativo","status":"publish","type":"page","link":"https:\/\/w3.ese.ipsantarem.pt\/literaciadigital\/aplicativo\/","title":{"rendered":"Requisitos"},"content":{"rendered":"<p><strong>Requisitos de acesso e admiss\u00e3o<\/strong><\/p>\n<ol>\n<li>Certificado de educa\u00e7\u00e3o<\/li>\n<li>Certificado de incapacidade intelectual<\/li>\n<li>Avalia\u00e7\u00e3o Psicopedag\u00f3gica<\/li>\n<\/ol>\n<p><strong>Crit\u00e9rios de sele\u00e7\u00e3o<\/strong><\/p>\n<ul>\n<li>Ter mais de 18 anos de idade.<\/li>\n<li>Ter uma taxa de invalidez intelectual igual ou superior a 60%.<\/li>\n<li>Demonstre comportamento socialmente ajustado (n\u00e3o manifeste problemas comportamentais).<\/li>\n<li>Possuem habilidades instrumentais b\u00e1sicas, como leitura, escrita e c\u00e1lculo.<\/li>\n<li>Autonomia na mobilidade.<\/li>\n<li>Para fazer o pr\u00e9-registo, \u00e9 essencial que o candidato e sua fam\u00edlia tenham uma entrevista pr\u00e9via com um profissional da escola de educa\u00e7\u00e3o.<\/li>\n<\/ul>\n<p><strong>Dura\u00e7\u00e3o<\/strong><\/p>\n<p>2 anos na escola<\/p>\n<p><strong>N\u00famero de alunos<\/strong><\/p>\n<p>11<\/p>\n","protected":false},"excerpt":{"rendered":"<p>Requisitos de acesso e admiss\u00e3o Certificado de educa\u00e7\u00e3o Certificado de incapacidade intelectual Avalia\u00e7\u00e3o Psicopedag\u00f3gica Crit\u00e9rios de sele\u00e7\u00e3o Ter mais de 18 anos de idade. Ter uma taxa de invalidez intelectual igual ou superior a 60%. Demonstre comportamento socialmente ajustado (n\u00e3o manifeste problemas comportamentais). Possuem habilidades instrumentais b\u00e1sicas, como leitura, escrita [&hellip;]<\/p>\n","protected":false},"author":1,"featured_media":688,"parent":0,"menu_order":0,"comment_status":"closed","ping_status":"open","template":"","meta":[],"_links":{"self":[{"href":"https:\/\/w3.ese.ipsantarem.pt\/literaciadigital\/wp-json\/wp\/v2\/pages\/2"}],"collection":[{"href":"https:\/\/w3.ese.ipsantarem.pt\/literaciadigital\/wp-json\/wp\/v2\/pages"}],"about":[{"href":"https:\/\/w3.ese.ipsantarem.pt\/literaciadigital\/wp-json\/wp\/v2\/types\/page"}],"author":[{"embeddable":true,"href":"https:\/\/w3.ese.ipsantarem.pt\/literaciadigital\/wp-json\/wp\/v2\/users\/1"}],"replies":[{"embeddable":true,"href":"https:\/\/w3.ese.ipsantarem.pt\/literaciadigital\/wp-json\/wp\/v2\/comments?post=2"}],"version-history":[{"count":5,"href":"https:\/\/w3.ese.ipsantarem.pt\/literaciadigital\/wp-json\/wp\/v2\/pages\/2\/revisions"}],"predecessor-version":[{"id":1029,"href":"https:\/\/w3.ese.ipsantarem.pt\/literaciadigital\/wp-json\/wp\/v2\/pages\/2\/revisions\/1029"}],"wp:featuredmedia":[{"embeddable":true,"href":"https:\/\/w3.ese.ipsantarem.pt\/literaciadigital\/wp-json\/wp\/v2\/media\/688"}],"wp:attachment":[{"href":"https:\/\/w3.ese.ipsantarem.pt\/literaciadigital\/wp-json\/wp\/v2\/media?parent=2"}],"curies":[{"name":"wp","href":"https:\/\/api.w.org\/{rel}","templated":true}]}}