{"id":2017,"date":"2021-01-11T16:11:49","date_gmt":"2021-01-11T16:11:49","guid":{"rendered":"http:\/\/w3.ese.ipsantarem.pt\/literaciadigital\/?page_id=2017"},"modified":"2023-04-11T15:23:39","modified_gmt":"2023-04-11T15:23:39","slug":"webinars","status":"publish","type":"page","link":"https:\/\/w3.ese.ipsantarem.pt\/literaciadigital\/webinars\/","title":{"rendered":"Eventos"},"content":{"rendered":"\t\t<div data-elementor-type=\"wp-page\" data-elementor-id=\"2017\" class=\"elementor elementor-2017\" data-elementor-settings=\"[]\">\n\t\t\t\t\t\t<div class=\"elementor-inner\">\n\t\t\t\t\t\t\t<div class=\"elementor-section-wrap\">\n\t\t\t\t\t\t\t<section class=\"elementor-section elementor-top-section elementor-element elementor-element-1c27413 elementor-section-boxed elementor-section-height-default elementor-section-height-default\" data-id=\"1c27413\" data-element_type=\"section\">\n\t\t\t\t\t\t<div class=\"elementor-container elementor-column-gap-default\">\n\t\t\t\t\t\t\t<div class=\"elementor-row\">\n\t\t\t\t\t<div class=\"elementor-column elementor-col-100 elementor-top-column elementor-element elementor-element-bebba24\" data-id=\"bebba24\" data-element_type=\"column\">\n\t\t\t<div class=\"elementor-column-wrap\">\n\t\t\t\t\t\t\t<div class=\"elementor-widget-wrap\">\n\t\t\t\t\t\t\t\t<\/div>\n\t\t\t\t\t<\/div>\n\t\t<\/div>\n\t\t\t\t\t\t\t\t<\/div>\n\t\t\t\t\t<\/div>\n\t\t<\/section>\n\t\t\t\t<section class=\"elementor-section elementor-top-section elementor-element elementor-element-7403591 elementor-section-boxed elementor-section-height-default elementor-section-height-default\" data-id=\"7403591\" data-element_type=\"section\">\n\t\t\t\t\t\t<div class=\"elementor-container elementor-column-gap-default\">\n\t\t\t\t\t\t\t<div class=\"elementor-row\">\n\t\t\t\t\t<div class=\"elementor-column elementor-col-50 elementor-top-column elementor-element elementor-element-5276489\" data-id=\"5276489\" data-element_type=\"column\">\n\t\t\t<div class=\"elementor-column-wrap elementor-element-populated\">\n\t\t\t\t\t\t\t<div class=\"elementor-widget-wrap\">\n\t\t\t\t\t\t<div class=\"elementor-element elementor-element-483e66f elementor-invisible elementor-widget elementor-widget-image\" data-id=\"483e66f\" data-element_type=\"widget\" data-settings=\"{&quot;_animation&quot;:&quot;fadeInDown&quot;}\" data-widget_type=\"image.default\">\n\t\t\t\t<div class=\"elementor-widget-container\">\n\t\t\t\t\t\t\t\t<div class=\"elementor-image\">\n\t\t\t\t\t\t\t\t\t\t\t\t<img width=\"724\" height=\"1024\" src=\"https:\/\/w3.ese.ipsantarem.pt\/literaciadigital\/wp-content\/uploads\/2023\/04\/42213544_247282482645590_931219072358547456_n-724x1024.jpg\" class=\"attachment-large size-large\" alt=\"\" loading=\"lazy\" srcset=\"https:\/\/w3.ese.ipsantarem.pt\/literaciadigital\/wp-content\/uploads\/2023\/04\/42213544_247282482645590_931219072358547456_n-724x1024.jpg 724w, https:\/\/w3.ese.ipsantarem.pt\/literaciadigital\/wp-content\/uploads\/2023\/04\/42213544_247282482645590_931219072358547456_n-212x300.jpg 212w, https:\/\/w3.ese.ipsantarem.pt\/literaciadigital\/wp-content\/uploads\/2023\/04\/42213544_247282482645590_931219072358547456_n-768x1086.jpg 768w, https:\/\/w3.ese.ipsantarem.pt\/literaciadigital\/wp-content\/uploads\/2023\/04\/42213544_247282482645590_931219072358547456_n-1086x1536.jpg 1086w, https:\/\/w3.ese.ipsantarem.pt\/literaciadigital\/wp-content\/uploads\/2023\/04\/42213544_247282482645590_931219072358547456_n.jpg 1448w\" sizes=\"(max-width: 724px) 100vw, 724px\" \/>\t\t\t\t\t\t\t\t\t\t\t\t\t\t<\/div>\n\t\t\t\t\t\t<\/div>\n\t\t\t\t<\/div>\n\t\t\t\t<div class=\"elementor-element elementor-element-2596e4a elementor-widget elementor-widget-heading\" data-id=\"2596e4a\" data-element_type=\"widget\" data-widget_type=\"heading.default\">\n\t\t\t\t<div class=\"elementor-widget-container\">\n\t\t\t<h5 class=\"elementor-heading-title elementor-size-default\">28 Set 2018 | <br>OPEN DAY<\/h5>\t\t<\/div>\n\t\t\t\t<\/div>\n\t\t\t\t\t\t<\/div>\n\t\t\t\t\t<\/div>\n\t\t<\/div>\n\t\t\t\t<div class=\"elementor-column elementor-col-50 elementor-top-column elementor-element elementor-element-db6df8d\" data-id=\"db6df8d\" data-element_type=\"column\">\n\t\t\t<div class=\"elementor-column-wrap elementor-element-populated\">\n\t\t\t\t\t\t\t<div class=\"elementor-widget-wrap\">\n\t\t\t\t\t\t<div class=\"elementor-element elementor-element-7d43228 elementor-invisible elementor-widget elementor-widget-image\" data-id=\"7d43228\" data-element_type=\"widget\" data-settings=\"{&quot;_animation&quot;:&quot;fadeInDown&quot;}\" data-widget_type=\"image.default\">\n\t\t\t\t<div class=\"elementor-widget-container\">\n\t\t\t\t\t\t\t\t<div class=\"elementor-image\">\n\t\t\t\t\t\t\t\t\t\t\t\t<img width=\"750\" height=\"450\" src=\"https:\/\/w3.ese.ipsantarem.pt\/literaciadigital\/wp-content\/uploads\/2020\/11\/Convite_Webinar_DepoisdoEst\u00e1gio.png\" class=\"attachment-large size-large\" alt=\"\" loading=\"lazy\" srcset=\"https:\/\/w3.ese.ipsantarem.pt\/literaciadigital\/wp-content\/uploads\/2020\/11\/Convite_Webinar_DepoisdoEst\u00e1gio.png 1000w, https:\/\/w3.ese.ipsantarem.pt\/literaciadigital\/wp-content\/uploads\/2020\/11\/Convite_Webinar_DepoisdoEst\u00e1gio-300x180.png 300w, https:\/\/w3.ese.ipsantarem.pt\/literaciadigital\/wp-content\/uploads\/2020\/11\/Convite_Webinar_DepoisdoEst\u00e1gio-768x461.png 768w\" sizes=\"(max-width: 750px) 100vw, 750px\" \/>\t\t\t\t\t\t\t\t\t\t\t\t\t\t<\/div>\n\t\t\t\t\t\t<\/div>\n\t\t\t\t<\/div>\n\t\t\t\t<div class=\"elementor-element elementor-element-856e884 elementor-widget elementor-widget-heading\" data-id=\"856e884\" data-element_type=\"widget\" data-widget_type=\"heading.default\">\n\t\t\t\t<div class=\"elementor-widget-container\">\n\t\t\t<h5 class=\"elementor-heading-title elementor-size-default\">20 Nov 2020 | <br>Depois do Est\u00e1gio... Cen\u00e1rios de Integra\u00e7\u00e3o no Mercado Laboral<\/h5>\t\t<\/div>\n\t\t\t\t<\/div>\n\t\t\t\t\t\t<\/div>\n\t\t\t\t\t<\/div>\n\t\t<\/div>\n\t\t\t\t\t\t\t\t<\/div>\n\t\t\t\t\t<\/div>\n\t\t<\/section>\n\t\t\t\t<section class=\"elementor-section elementor-top-section elementor-element elementor-element-f6203f8 elementor-section-boxed elementor-section-height-default elementor-section-height-default\" data-id=\"f6203f8\" data-element_type=\"section\">\n\t\t\t\t\t\t<div class=\"elementor-container elementor-column-gap-default\">\n\t\t\t\t\t\t\t<div class=\"elementor-row\">\n\t\t\t\t\t<div class=\"elementor-column elementor-col-50 elementor-top-column elementor-element elementor-element-72c8ab2\" data-id=\"72c8ab2\" data-element_type=\"column\">\n\t\t\t<div class=\"elementor-column-wrap elementor-element-populated\">\n\t\t\t\t\t\t\t<div class=\"elementor-widget-wrap\">\n\t\t\t\t\t\t<div class=\"elementor-element elementor-element-ebd8200 elementor-invisible elementor-widget elementor-widget-image\" data-id=\"ebd8200\" data-element_type=\"widget\" data-settings=\"{&quot;_animation&quot;:&quot;fadeInDown&quot;}\" data-widget_type=\"image.default\">\n\t\t\t\t<div class=\"elementor-widget-container\">\n\t\t\t\t\t\t\t\t<div class=\"elementor-image\">\n\t\t\t\t\t\t\t\t\t\t\t\t<img width=\"750\" height=\"192\" src=\"https:\/\/w3.ese.ipsantarem.pt\/literaciadigital\/wp-content\/uploads\/2023\/04\/51097648_292131961493975_8807036886641016832_n-1024x262.jpg\" class=\"attachment-large size-large\" alt=\"\" loading=\"lazy\" srcset=\"https:\/\/w3.ese.ipsantarem.pt\/literaciadigital\/wp-content\/uploads\/2023\/04\/51097648_292131961493975_8807036886641016832_n-1024x262.jpg 1024w, https:\/\/w3.ese.ipsantarem.pt\/literaciadigital\/wp-content\/uploads\/2023\/04\/51097648_292131961493975_8807036886641016832_n-300x77.jpg 300w, https:\/\/w3.ese.ipsantarem.pt\/literaciadigital\/wp-content\/uploads\/2023\/04\/51097648_292131961493975_8807036886641016832_n-768x196.jpg 768w, https:\/\/w3.ese.ipsantarem.pt\/literaciadigital\/wp-content\/uploads\/2023\/04\/51097648_292131961493975_8807036886641016832_n-1536x393.jpg 1536w, https:\/\/w3.ese.ipsantarem.pt\/literaciadigital\/wp-content\/uploads\/2023\/04\/51097648_292131961493975_8807036886641016832_n-2048x523.jpg 2048w\" sizes=\"(max-width: 750px) 100vw, 750px\" \/>\t\t\t\t\t\t\t\t\t\t\t\t\t\t<\/div>\n\t\t\t\t\t\t<\/div>\n\t\t\t\t<\/div>\n\t\t\t\t<div class=\"elementor-element elementor-element-63d09a6 elementor-widget elementor-widget-heading\" data-id=\"63d09a6\" data-element_type=\"widget\" data-widget_type=\"heading.default\">\n\t\t\t\t<div class=\"elementor-widget-container\">\n\t\t\t<h5 class=\"elementor-heading-title elementor-size-default\">30 Jan 2019 | <br>Projetos... Intera\u00e7\u00f5es de Vida... em Educa\u00e7\u00e3o Inclusiva<\/h5>\t\t<\/div>\n\t\t\t\t<\/div>\n\t\t\t\t\t\t<\/div>\n\t\t\t\t\t<\/div>\n\t\t<\/div>\n\t\t\t\t<div class=\"elementor-column elementor-col-50 elementor-top-column elementor-element elementor-element-8e89959\" data-id=\"8e89959\" data-element_type=\"column\">\n\t\t\t<div class=\"elementor-column-wrap elementor-element-populated\">\n\t\t\t\t\t\t\t<div class=\"elementor-widget-wrap\">\n\t\t\t\t\t\t<div class=\"elementor-element elementor-element-26f19b4 elementor-invisible elementor-widget elementor-widget-image\" data-id=\"26f19b4\" data-element_type=\"widget\" data-settings=\"{&quot;_animation&quot;:&quot;fadeInDown&quot;}\" data-widget_type=\"image.default\">\n\t\t\t\t<div class=\"elementor-widget-container\">\n\t\t\t\t\t\t\t\t<div class=\"elementor-image\">\n\t\t\t\t\t\t\t\t\t\t\t\t<img width=\"750\" height=\"236\" src=\"https:\/\/w3.ese.ipsantarem.pt\/literaciadigital\/wp-content\/uploads\/2023\/04\/61232442_340046256702545_6325937251582738432_n-1024x322.jpg\" class=\"attachment-large size-large\" alt=\"\" loading=\"lazy\" srcset=\"https:\/\/w3.ese.ipsantarem.pt\/literaciadigital\/wp-content\/uploads\/2023\/04\/61232442_340046256702545_6325937251582738432_n-1024x322.jpg 1024w, https:\/\/w3.ese.ipsantarem.pt\/literaciadigital\/wp-content\/uploads\/2023\/04\/61232442_340046256702545_6325937251582738432_n-300x94.jpg 300w, https:\/\/w3.ese.ipsantarem.pt\/literaciadigital\/wp-content\/uploads\/2023\/04\/61232442_340046256702545_6325937251582738432_n-768x241.jpg 768w, https:\/\/w3.ese.ipsantarem.pt\/literaciadigital\/wp-content\/uploads\/2023\/04\/61232442_340046256702545_6325937251582738432_n-1536x482.jpg 1536w, https:\/\/w3.ese.ipsantarem.pt\/literaciadigital\/wp-content\/uploads\/2023\/04\/61232442_340046256702545_6325937251582738432_n.jpg 1764w\" sizes=\"(max-width: 750px) 100vw, 750px\" \/>\t\t\t\t\t\t\t\t\t\t\t\t\t\t<\/div>\n\t\t\t\t\t\t<\/div>\n\t\t\t\t<\/div>\n\t\t\t\t<div class=\"elementor-element elementor-element-4a5d6e5 elementor-widget elementor-widget-heading\" data-id=\"4a5d6e5\" data-element_type=\"widget\" data-widget_type=\"heading.default\">\n\t\t\t\t<div class=\"elementor-widget-container\">\n\t\t\t<h5 class=\"elementor-heading-title elementor-size-default\"><h5 data-elementor-setting-key=\"title\" data-pen-placeholder=\"Type Here...\" style=\"color: rgb(60, 72, 88);\">31 Maio 2019 | <br>INNOVATION AND NETWORKS<\/h5><\/h5>\t\t<\/div>\n\t\t\t\t<\/div>\n\t\t\t\t\t\t<\/div>\n\t\t\t\t\t<\/div>\n\t\t<\/div>\n\t\t\t\t\t\t\t\t<\/div>\n\t\t\t\t\t<\/div>\n\t\t<\/section>\n\t\t\t\t<section class=\"elementor-section elementor-top-section elementor-element elementor-element-d1da666 elementor-section-boxed elementor-section-height-default elementor-section-height-default\" data-id=\"d1da666\" data-element_type=\"section\">\n\t\t\t\t\t\t<div class=\"elementor-container elementor-column-gap-default\">\n\t\t\t\t\t\t\t<div class=\"elementor-row\">\n\t\t\t\t\t<div class=\"elementor-column elementor-col-50 elementor-top-column elementor-element elementor-element-3cd2451\" data-id=\"3cd2451\" data-element_type=\"column\">\n\t\t\t<div class=\"elementor-column-wrap elementor-element-populated\">\n\t\t\t\t\t\t\t<div class=\"elementor-widget-wrap\">\n\t\t\t\t\t\t<div class=\"elementor-element elementor-element-283d938 elementor-invisible elementor-widget elementor-widget-image\" data-id=\"283d938\" data-element_type=\"widget\" data-settings=\"{&quot;_animation&quot;:&quot;fadeInDown&quot;}\" data-widget_type=\"image.default\">\n\t\t\t\t<div class=\"elementor-widget-container\">\n\t\t\t\t\t\t\t\t<div class=\"elementor-image\">\n\t\t\t\t\t\t\t\t\t\t\t\t<img width=\"725\" height=\"1024\" src=\"https:\/\/w3.ese.ipsantarem.pt\/literaciadigital\/wp-content\/uploads\/2023\/04\/82159175_471277413579428_5274826997539799040_n-725x1024.jpg\" class=\"attachment-large size-large\" alt=\"\" loading=\"lazy\" srcset=\"https:\/\/w3.ese.ipsantarem.pt\/literaciadigital\/wp-content\/uploads\/2023\/04\/82159175_471277413579428_5274826997539799040_n-725x1024.jpg 725w, https:\/\/w3.ese.ipsantarem.pt\/literaciadigital\/wp-content\/uploads\/2023\/04\/82159175_471277413579428_5274826997539799040_n-212x300.jpg 212w, https:\/\/w3.ese.ipsantarem.pt\/literaciadigital\/wp-content\/uploads\/2023\/04\/82159175_471277413579428_5274826997539799040_n-768x1085.jpg 768w, https:\/\/w3.ese.ipsantarem.pt\/literaciadigital\/wp-content\/uploads\/2023\/04\/82159175_471277413579428_5274826997539799040_n-1087x1536.jpg 1087w, https:\/\/w3.ese.ipsantarem.pt\/literaciadigital\/wp-content\/uploads\/2023\/04\/82159175_471277413579428_5274826997539799040_n.jpg 1449w\" sizes=\"(max-width: 725px) 100vw, 725px\" \/>\t\t\t\t\t\t\t\t\t\t\t\t\t\t<\/div>\n\t\t\t\t\t\t<\/div>\n\t\t\t\t<\/div>\n\t\t\t\t<div class=\"elementor-element elementor-element-5c29b09 elementor-widget elementor-widget-heading\" data-id=\"5c29b09\" data-element_type=\"widget\" data-widget_type=\"heading.default\">\n\t\t\t\t<div class=\"elementor-widget-container\">\n\t\t\t<h5 class=\"elementor-heading-title elementor-size-default\">17 Jan 2020 | <br>Concerto Solid\u00e1rio com Jos\u00e9 Cid<\/h5>\t\t<\/div>\n\t\t\t\t<\/div>\n\t\t\t\t\t\t<\/div>\n\t\t\t\t\t<\/div>\n\t\t<\/div>\n\t\t\t\t<div class=\"elementor-column elementor-col-50 elementor-top-column elementor-element elementor-element-227784a\" data-id=\"227784a\" data-element_type=\"column\">\n\t\t\t<div class=\"elementor-column-wrap elementor-element-populated\">\n\t\t\t\t\t\t\t<div class=\"elementor-widget-wrap\">\n\t\t\t\t\t\t<div class=\"elementor-element elementor-element-0c604ce elementor-invisible elementor-widget elementor-widget-image\" data-id=\"0c604ce\" data-element_type=\"widget\" data-settings=\"{&quot;_animation&quot;:&quot;fadeInDown&quot;}\" data-widget_type=\"image.default\">\n\t\t\t\t<div class=\"elementor-widget-container\">\n\t\t\t\t\t\t\t\t<div class=\"elementor-image\">\n\t\t\t\t\t\t\t\t\t\t\t\t<img width=\"724\" height=\"1024\" src=\"https:\/\/w3.ese.ipsantarem.pt\/literaciadigital\/wp-content\/uploads\/2023\/04\/85091293_494719717901864_6647339068910731264_n-724x1024.jpg\" class=\"attachment-large size-large\" alt=\"\" loading=\"lazy\" srcset=\"https:\/\/w3.ese.ipsantarem.pt\/literaciadigital\/wp-content\/uploads\/2023\/04\/85091293_494719717901864_6647339068910731264_n-724x1024.jpg 724w, https:\/\/w3.ese.ipsantarem.pt\/literaciadigital\/wp-content\/uploads\/2023\/04\/85091293_494719717901864_6647339068910731264_n-212x300.jpg 212w, https:\/\/w3.ese.ipsantarem.pt\/literaciadigital\/wp-content\/uploads\/2023\/04\/85091293_494719717901864_6647339068910731264_n-768x1086.jpg 768w, https:\/\/w3.ese.ipsantarem.pt\/literaciadigital\/wp-content\/uploads\/2023\/04\/85091293_494719717901864_6647339068910731264_n-1087x1536.jpg 1087w, https:\/\/w3.ese.ipsantarem.pt\/literaciadigital\/wp-content\/uploads\/2023\/04\/85091293_494719717901864_6647339068910731264_n.jpg 1240w\" sizes=\"(max-width: 724px) 100vw, 724px\" \/>\t\t\t\t\t\t\t\t\t\t\t\t\t\t<\/div>\n\t\t\t\t\t\t<\/div>\n\t\t\t\t<\/div>\n\t\t\t\t<div class=\"elementor-element elementor-element-63b21c9 elementor-widget elementor-widget-heading\" data-id=\"63b21c9\" data-element_type=\"widget\" data-widget_type=\"heading.default\">\n\t\t\t\t<div class=\"elementor-widget-container\">\n\t\t\t<h5 class=\"elementor-heading-title elementor-size-default\">17 Fev 2020 | Job Matching<\/h5>\t\t<\/div>\n\t\t\t\t<\/div>\n\t\t\t\t\t\t<\/div>\n\t\t\t\t\t<\/div>\n\t\t<\/div>\n\t\t\t\t\t\t\t\t<\/div>\n\t\t\t\t\t<\/div>\n\t\t<\/section>\n\t\t\t\t<section class=\"elementor-section elementor-top-section elementor-element elementor-element-9214dcc elementor-section-boxed elementor-section-height-default elementor-section-height-default\" data-id=\"9214dcc\" data-element_type=\"section\">\n\t\t\t\t\t\t<div class=\"elementor-container elementor-column-gap-default\">\n\t\t\t\t\t\t\t<div class=\"elementor-row\">\n\t\t\t\t\t<div class=\"elementor-column elementor-col-50 elementor-top-column elementor-element elementor-element-0690386\" data-id=\"0690386\" data-element_type=\"column\">\n\t\t\t<div class=\"elementor-column-wrap elementor-element-populated\">\n\t\t\t\t\t\t\t<div class=\"elementor-widget-wrap\">\n\t\t\t\t\t\t<div class=\"elementor-element elementor-element-84723e2 elementor-invisible elementor-widget elementor-widget-image\" data-id=\"84723e2\" data-element_type=\"widget\" data-settings=\"{&quot;_animation&quot;:&quot;fadeInDown&quot;}\" data-widget_type=\"image.default\">\n\t\t\t\t<div class=\"elementor-widget-container\">\n\t\t\t\t\t\t\t\t<div class=\"elementor-image\">\n\t\t\t\t\t\t\t\t\t\t\t\t<img width=\"724\" height=\"1024\" src=\"https:\/\/w3.ese.ipsantarem.pt\/literaciadigital\/wp-content\/uploads\/2023\/04\/25thJuneEvent-724x1024.png\" class=\"attachment-large size-large\" alt=\"\" loading=\"lazy\" srcset=\"https:\/\/w3.ese.ipsantarem.pt\/literaciadigital\/wp-content\/uploads\/2023\/04\/25thJuneEvent-724x1024.png 724w, https:\/\/w3.ese.ipsantarem.pt\/literaciadigital\/wp-content\/uploads\/2023\/04\/25thJuneEvent-212x300.png 212w, https:\/\/w3.ese.ipsantarem.pt\/literaciadigital\/wp-content\/uploads\/2023\/04\/25thJuneEvent-768x1086.png 768w, https:\/\/w3.ese.ipsantarem.pt\/literaciadigital\/wp-content\/uploads\/2023\/04\/25thJuneEvent-1086x1536.png 1086w, https:\/\/w3.ese.ipsantarem.pt\/literaciadigital\/wp-content\/uploads\/2023\/04\/25thJuneEvent-1449x2048.png 1449w\" sizes=\"(max-width: 724px) 100vw, 724px\" \/>\t\t\t\t\t\t\t\t\t\t\t\t\t\t<\/div>\n\t\t\t\t\t\t<\/div>\n\t\t\t\t<\/div>\n\t\t\t\t<div class=\"elementor-element elementor-element-1424c52 elementor-widget elementor-widget-heading\" data-id=\"1424c52\" data-element_type=\"widget\" data-widget_type=\"heading.default\">\n\t\t\t\t<div class=\"elementor-widget-container\">\n\t\t\t<h5 class=\"elementor-heading-title elementor-size-default\">25 Jun 2021 |<br>Literacia Digital para o Mercado de Trabalho<\/h5>\t\t<\/div>\n\t\t\t\t<\/div>\n\t\t\t\t\t\t<\/div>\n\t\t\t\t\t<\/div>\n\t\t<\/div>\n\t\t\t\t<div class=\"elementor-column elementor-col-50 elementor-top-column elementor-element elementor-element-6a70f1f\" data-id=\"6a70f1f\" data-element_type=\"column\">\n\t\t\t<div class=\"elementor-column-wrap elementor-element-populated\">\n\t\t\t\t\t\t\t<div class=\"elementor-widget-wrap\">\n\t\t\t\t\t\t<div class=\"elementor-element elementor-element-cc292f6 elementor-invisible elementor-widget elementor-widget-image\" data-id=\"cc292f6\" data-element_type=\"widget\" data-settings=\"{&quot;_animation&quot;:&quot;fadeInDown&quot;}\" data-widget_type=\"image.default\">\n\t\t\t\t<div class=\"elementor-widget-container\">\n\t\t\t\t\t\t\t\t<div class=\"elementor-image\">\n\t\t\t\t\t\t\t\t\t\t\t\t<img width=\"750\" height=\"750\" src=\"https:\/\/w3.ese.ipsantarem.pt\/literaciadigital\/wp-content\/uploads\/2023\/04\/c70ea242-ef87-401b-99a6-8f994e01f2c2-1024x1024.png\" class=\"attachment-large size-large\" alt=\"\" loading=\"lazy\" srcset=\"https:\/\/w3.ese.ipsantarem.pt\/literaciadigital\/wp-content\/uploads\/2023\/04\/c70ea242-ef87-401b-99a6-8f994e01f2c2-1024x1024.png 1024w, https:\/\/w3.ese.ipsantarem.pt\/literaciadigital\/wp-content\/uploads\/2023\/04\/c70ea242-ef87-401b-99a6-8f994e01f2c2-300x300.png 300w, https:\/\/w3.ese.ipsantarem.pt\/literaciadigital\/wp-content\/uploads\/2023\/04\/c70ea242-ef87-401b-99a6-8f994e01f2c2-150x150.png 150w, https:\/\/w3.ese.ipsantarem.pt\/literaciadigital\/wp-content\/uploads\/2023\/04\/c70ea242-ef87-401b-99a6-8f994e01f2c2-768x768.png 768w, https:\/\/w3.ese.ipsantarem.pt\/literaciadigital\/wp-content\/uploads\/2023\/04\/c70ea242-ef87-401b-99a6-8f994e01f2c2-1536x1536.png 1536w, https:\/\/w3.ese.ipsantarem.pt\/literaciadigital\/wp-content\/uploads\/2023\/04\/c70ea242-ef87-401b-99a6-8f994e01f2c2-2048x2048.png 2048w\" sizes=\"(max-width: 750px) 100vw, 750px\" \/>\t\t\t\t\t\t\t\t\t\t\t\t\t\t<\/div>\n\t\t\t\t\t\t<\/div>\n\t\t\t\t<\/div>\n\t\t\t\t<div class=\"elementor-element elementor-element-550c2de elementor-widget elementor-widget-heading\" data-id=\"550c2de\" data-element_type=\"widget\" data-widget_type=\"heading.default\">\n\t\t\t\t<div class=\"elementor-widget-container\">\n\t\t\t<h5 class=\"elementor-heading-title elementor-size-default\">21 Mar 2022 | <br>Webinar Curso LDMT<\/h5>\t\t<\/div>\n\t\t\t\t<\/div>\n\t\t\t\t\t\t<\/div>\n\t\t\t\t\t<\/div>\n\t\t<\/div>\n\t\t\t\t\t\t\t\t<\/div>\n\t\t\t\t\t<\/div>\n\t\t<\/section>\n\t\t\t\t\t\t<\/div>\n\t\t\t\t\t\t<\/div>\n\t\t\t\t\t<\/div>\n\t\t","protected":false},"excerpt":{"rendered":"<p>28 Set 2018 | OPEN DAY 20 Nov 2020 | Depois do Est\u00e1gio&#8230; Cen\u00e1rios de Integra\u00e7\u00e3o no Mercado Laboral 30 Jan 2019 | Projetos&#8230; Intera\u00e7\u00f5es de Vida&#8230; em Educa\u00e7\u00e3o Inclusiva 31 Maio 2019 | INNOVATION AND NETWORKS 17 Jan 2020 | Concerto Solid\u00e1rio com Jos\u00e9 Cid 17 Fev 2020 | [&hellip;]<\/p>\n","protected":false},"author":1,"featured_media":0,"parent":0,"menu_order":0,"comment_status":"closed","ping_status":"closed","template":"","meta":[],"_links":{"self":[{"href":"https:\/\/w3.ese.ipsantarem.pt\/literaciadigital\/wp-json\/wp\/v2\/pages\/2017"}],"collection":[{"href":"https:\/\/w3.ese.ipsantarem.pt\/literaciadigital\/wp-json\/wp\/v2\/pages"}],"about":[{"href":"https:\/\/w3.ese.ipsantarem.pt\/literaciadigital\/wp-json\/wp\/v2\/types\/page"}],"author":[{"embeddable":true,"href":"https:\/\/w3.ese.ipsantarem.pt\/literaciadigital\/wp-json\/wp\/v2\/users\/1"}],"replies":[{"embeddable":true,"href":"https:\/\/w3.ese.ipsantarem.pt\/literaciadigital\/wp-json\/wp\/v2\/comments?post=2017"}],"version-history":[{"count":20,"href":"https:\/\/w3.ese.ipsantarem.pt\/literaciadigital\/wp-json\/wp\/v2\/pages\/2017\/revisions"}],"predecessor-version":[{"id":2189,"href":"https:\/\/w3.ese.ipsantarem.pt\/literaciadigital\/wp-json\/wp\/v2\/pages\/2017\/revisions\/2189"}],"wp:attachment":[{"href":"https:\/\/w3.ese.ipsantarem.pt\/literaciadigital\/wp-json\/wp\/v2\/media?parent=2017"}],"curies":[{"name":"wp","href":"https:\/\/api.w.org\/{rel}","templated":true}]}}