{"id":404,"date":"2018-09-26T09:32:26","date_gmt":"2018-09-26T09:32:26","guid":{"rendered":"http:\/\/w3.ese.ipsantarem.pt\/literaciadigital\/?page_id=404"},"modified":"2018-10-01T17:59:28","modified_gmt":"2018-10-01T17:59:28","slug":"documentos","status":"publish","type":"page","link":"https:\/\/w3.ese.ipsantarem.pt\/literaciadigital\/documentos\/","title":{"rendered":"Documentos"},"content":{"rendered":"<p><strong>Apresenta\u00e7\u00e3o da forma\u00e7\u00e3o ao p\u00fablico, no dia 28 de Setembro de 2018, na Escola Superior de Educa\u00e7\u00e3o de Santar\u00e9m:<\/strong><\/p>\n<p style=\"text-align: center;\"><iframe loading=\"lazy\" width=\"560\" height=\"315\" src=\"https:\/\/www.youtube.com\/embed\/9ikgbgz4bG0\" frameborder=\"0\" allow=\"autoplay; encrypted-media\" allowfullscreen=\"allowfullscreen\"><\/iframe><\/p>\n","protected":false},"excerpt":{"rendered":"<p>Apresenta\u00e7\u00e3o da forma\u00e7\u00e3o ao p\u00fablico, no dia 28 de Setembro de 2018, na Escola Superior de Educa\u00e7\u00e3o de Santar\u00e9m:<\/p>\n","protected":false},"author":1,"featured_media":0,"parent":0,"menu_order":0,"comment_status":"closed","ping_status":"closed","template":"","meta":[],"_links":{"self":[{"href":"https:\/\/w3.ese.ipsantarem.pt\/literaciadigital\/wp-json\/wp\/v2\/pages\/404"}],"collection":[{"href":"https:\/\/w3.ese.ipsantarem.pt\/literaciadigital\/wp-json\/wp\/v2\/pages"}],"about":[{"href":"https:\/\/w3.ese.ipsantarem.pt\/literaciadigital\/wp-json\/wp\/v2\/types\/page"}],"author":[{"embeddable":true,"href":"https:\/\/w3.ese.ipsantarem.pt\/literaciadigital\/wp-json\/wp\/v2\/users\/1"}],"replies":[{"embeddable":true,"href":"https:\/\/w3.ese.ipsantarem.pt\/literaciadigital\/wp-json\/wp\/v2\/comments?post=404"}],"version-history":[{"count":3,"href":"https:\/\/w3.ese.ipsantarem.pt\/literaciadigital\/wp-json\/wp\/v2\/pages\/404\/revisions"}],"predecessor-version":[{"id":468,"href":"https:\/\/w3.ese.ipsantarem.pt\/literaciadigital\/wp-json\/wp\/v2\/pages\/404\/revisions\/468"}],"wp:attachment":[{"href":"https:\/\/w3.ese.ipsantarem.pt\/literaciadigital\/wp-json\/wp\/v2\/media?parent=404"}],"curies":[{"name":"wp","href":"https:\/\/api.w.org\/{rel}","templated":true}]}}