{"id":513,"date":"2018-10-09T08:39:39","date_gmt":"2018-10-09T08:39:39","guid":{"rendered":"http:\/\/w3.ese.ipsantarem.pt\/literaciadigital\/?page_id=513"},"modified":"2021-08-16T15:16:56","modified_gmt":"2021-08-16T15:16:56","slug":"513-2","status":"publish","type":"page","link":"https:\/\/w3.ese.ipsantarem.pt\/literaciadigital\/513-2\/","title":{"rendered":"Not\u00edcias"},"content":{"rendered":"\t\t<div data-elementor-type=\"wp-post\" data-elementor-id=\"513\" class=\"elementor elementor-513\" data-elementor-settings=\"[]\">\n\t\t\t\t\t\t<div class=\"elementor-inner\">\n\t\t\t\t\t\t\t<div class=\"elementor-section-wrap\">\n\t\t\t\t\t\t\t<section class=\"elementor-section elementor-top-section elementor-element elementor-element-b62cd68 elementor-section-boxed elementor-section-height-default elementor-section-height-default\" data-id=\"b62cd68\" data-element_type=\"section\">\n\t\t\t\t\t\t<div class=\"elementor-container elementor-column-gap-default\">\n\t\t\t\t\t\t\t<div class=\"elementor-row\">\n\t\t\t\t\t<div class=\"elementor-column elementor-col-100 elementor-top-column elementor-element elementor-element-3d20b489\" data-id=\"3d20b489\" data-element_type=\"column\">\n\t\t\t<div class=\"elementor-column-wrap elementor-element-populated\">\n\t\t\t\t\t\t\t<div class=\"elementor-widget-wrap\">\n\t\t\t\t\t\t<div class=\"elementor-element elementor-element-71a62bb5 elementor-widget elementor-widget-shortcode\" data-id=\"71a62bb5\" data-element_type=\"widget\" data-widget_type=\"shortcode.default\">\n\t\t\t\t<div class=\"elementor-widget-container\">\n\t\t\t\t\t<div class=\"elementor-shortcode\">        <div data-options='{\"id\":\"520\",\"lazy_load\":\"no\",\"masonry_enable\":\"no\",\"view_type\":\"grid\"}' id=\"post-grid-520\" class=\"post-grid grid\">\r\n                <div class=\"grid-items\">\r\n            \r\n    <div class=\"item item-2092 skin flat even 0 \">\r\n                <div class=\"layer-wrapper layout-\">\r\n                <div class=\"layer-media\"><a href=\"https:\/\/drive.google.com\/file\/d\/1U9UZZSkByku1mWWbVSsW8PPp10JEHbFv\/view?usp=sharing\"><img alt=\"\" src=\"https:\/\/w3.ese.ipsantarem.pt\/literaciadigital\/wp-content\/uploads\/2021\/08\/noticia_tap-300x213.png\" \/><\/a><\/div>\r\n        <div class=\"layer-content\">\r\n            <div class=\"element element_0  title \">\r\n                    <a target=\"\" href=\"https:\/\/w3.ese.ipsantarem.pt\/literaciadigital\/tap-apoia-formacao-inovadora-a-jovens-com-necessidades-educativas-especiais\/\">\u201cTAP apoia forma\u00e7\u00e3o inovadora a jovens com necessidades educativas especiais\u201d<\/a>\r\n\r\n\t\t\r\n\r\n    <\/div>\r\n        <div class=\"element element_1  excerpt \">\r\n                    <\/div>\r\n                <a class=\"element element_2  read_more \" target=\"\" href=\"https:\/\/w3.ese.ipsantarem.pt\/literaciadigital\/tap-apoia-formacao-inovadora-a-jovens-com-necessidades-educativas-especiais\/\"><\/a>\r\n\t\r\n        <\/div>\r\n            <\/div>\r\n    <\/div>\r\n    \r\n    <div class=\"item item-1990 skin flat odd 1 \">\r\n                <div class=\"layer-wrapper layout-\">\r\n                <div class=\"layer-media\"><a href=\"https:\/\/w3.ese.ipsantarem.pt\/literaciadigital\/webinar-depois-do-estagio-cenarios-de-integracao-no-mercado-laboral\/\"><img src=\"http:\/\/w3.ese.ipsantarem.pt\/literaciadigital\/wp-content\/uploads\/2020\/11\/Convite_Webinar_DepoisdoEst\u00e1gio.png\" \/><\/a><\/div>\r\n        <div class=\"layer-content\">\r\n            <div class=\"element element_0  title \">\r\n                    <a target=\"\" href=\"https:\/\/w3.ese.ipsantarem.pt\/literaciadigital\/webinar-depois-do-estagio-cenarios-de-integracao-no-mercado-laboral\/\">Webinar | &quot;Depois do Est\u00e1gio... Cen\u00e1rios de Integra\u00e7\u00e3o no Mercado Laboral&quot;<\/a>\r\n\r\n\t\t\r\n\r\n    <\/div>\r\n        <div class=\"element element_1  excerpt \">\r\n        Realiza-se dia 20 de novembro pelas 10h00, o webinar \"Depois do Est\u00e1gio\u2026 Cen\u00e1rios de Integra\u00e7\u00e3o no Mercado Laboral\" dinamizado pela            <\/div>\r\n                <a class=\"element element_2  read_more \" target=\"\" href=\"https:\/\/w3.ese.ipsantarem.pt\/literaciadigital\/webinar-depois-do-estagio-cenarios-de-integracao-no-mercado-laboral\/\"><\/a>\r\n\t\r\n        <\/div>\r\n            <\/div>\r\n    <\/div>\r\n    \r\n    <div class=\"item item-1828 skin flat even 2 \">\r\n                <div class=\"layer-wrapper layout-\">\r\n                <div class=\"layer-media\"><a href=\"https:\/\/w3.ese.ipsantarem.pt\/literaciadigital\/evento_job-matching\/\"><img src=\"http:\/\/w3.ese.ipsantarem.pt\/literaciadigital\/wp-content\/uploads\/2020\/01\/Formac\u0327a\u0303o17defevereiro-724x1024.jpg\" \/><\/a><\/div>\r\n        <div class=\"layer-content\">\r\n            <div class=\"element element_0  title \">\r\n                    <a target=\"\" href=\"https:\/\/w3.ese.ipsantarem.pt\/literaciadigital\/evento_job-matching\/\">Evento_Job Matching<\/a>\r\n\r\n\t\t\r\n\r\n    <\/div>\r\n        <div class=\"element element_1  excerpt \">\r\n                    <\/div>\r\n                <a class=\"element element_2  read_more \" target=\"\" href=\"https:\/\/w3.ese.ipsantarem.pt\/literaciadigital\/evento_job-matching\/\"><\/a>\r\n\t\r\n        <\/div>\r\n            <\/div>\r\n    <\/div>\r\n    \r\n    <div class=\"item item-1153 skin flat odd 3 \">\r\n                <div class=\"layer-wrapper layout-\">\r\n                <div class=\"layer-media\"><a href=\"https:\/\/w3.ese.ipsantarem.pt\/literaciadigital\/literacia-digital-passa-pelo-estudio-fccn\/\"><img alt=\"\" src=\"https:\/\/w3.ese.ipsantarem.pt\/literaciadigital\/wp-content\/uploads\/2018\/12\/IMG_9488-300x225.jpg\" \/><\/a><\/div>\r\n        <div class=\"layer-content\">\r\n            <div class=\"element element_0  title \">\r\n                    <a target=\"\" href=\"https:\/\/w3.ese.ipsantarem.pt\/literaciadigital\/literacia-digital-passa-pelo-estudio-fccn\/\">LITERACIA DIGITAL PASSA PELO EST\u00daDIO FCCN<\/a>\r\n\r\n\t\t\r\n\r\n    <\/div>\r\n        <div class=\"element element_1  excerpt \">\r\n        Projeto \u201cLiteracia Digital para o Mercado de Trabalho\u201d&nbsp;\u00e9 da responsabilidade do Instituto Polit\u00e9cnico de Santar\u00e9m. Atrav\u00e9s desta primeira edi\u00e7\u00e3o do            <\/div>\r\n                <a class=\"element element_2  read_more \" target=\"\" href=\"https:\/\/w3.ese.ipsantarem.pt\/literaciadigital\/literacia-digital-passa-pelo-estudio-fccn\/\"><\/a>\r\n\t\r\n        <\/div>\r\n            <\/div>\r\n    <\/div>\r\n    \r\n    <div class=\"item item-1001 skin flat even 4 \">\r\n                <div class=\"layer-wrapper layout-\">\r\n                <div class=\"layer-media\"><a href=\"https:\/\/w3.ese.ipsantarem.pt\/literaciadigital\/politecnico-de-santarem-abre-curso-para-estudantes-com-deficiencia-intelectual\/\"><img alt=\"\" src=\"https:\/\/w3.ese.ipsantarem.pt\/literaciadigital\/wp-content\/uploads\/2018\/12\/DSC_1430-300x200.jpg\" \/><\/a><\/div>\r\n        <div class=\"layer-content\">\r\n            <div class=\"element element_0  title \">\r\n                    <a target=\"\" href=\"https:\/\/w3.ese.ipsantarem.pt\/literaciadigital\/politecnico-de-santarem-abre-curso-para-estudantes-com-deficiencia-intelectual\/\">Polit\u00e9cnico de Santar\u00e9m abre curso para estudantes com defici\u00eancia intelectual<\/a>\r\n\r\n\t\t\r\n\r\n    <\/div>\r\n        <div class=\"element element_1  excerpt \">\r\n        A Escola Superior de Educa\u00e7\u00e3o de Santar\u00e9m (ESES), que faz parte do Instituto Polit\u00e9cnico, abriu este ano letivo uma forma\u00e7\u00e3o            <\/div>\r\n                <a class=\"element element_2  read_more \" target=\"\" href=\"https:\/\/w3.ese.ipsantarem.pt\/literaciadigital\/politecnico-de-santarem-abre-curso-para-estudantes-com-deficiencia-intelectual\/\"><\/a>\r\n\t\r\n        <\/div>\r\n            <\/div>\r\n    <\/div>\r\n    \r\n    <div class=\"item item-993 skin flat odd 5 \">\r\n                <div class=\"layer-wrapper layout-\">\r\n                <div class=\"layer-media\"><a href=\"https:\/\/w3.ese.ipsantarem.pt\/literaciadigital\/porque-a-pilar-existe\/\"><img alt=\"\" src=\"https:\/\/w3.ese.ipsantarem.pt\/literaciadigital\/wp-content\/uploads\/2019\/02\/DSC_2116-300x200.jpg\" \/><\/a><\/div>\r\n        <div class=\"layer-content\">\r\n            <div class=\"element element_0  title \">\r\n                    <a target=\"\" href=\"https:\/\/w3.ese.ipsantarem.pt\/literaciadigital\/porque-a-pilar-existe\/\">Porque a Pilar existe<\/a>\r\n\r\n\t\t\r\n\r\n    <\/div>\r\n        <div class=\"element element_1  excerpt \">\r\n        Onze jovens que optam por estudar no Polit\u00e9cnico de Santar\u00e9m n\u00e3o fariam hist\u00f3ria se n\u00e3o tivessem uma caracter\u00edstica comum: todos            <\/div>\r\n                <a class=\"element element_2  read_more \" target=\"\" href=\"https:\/\/w3.ese.ipsantarem.pt\/literaciadigital\/porque-a-pilar-existe\/\"><\/a>\r\n\t\r\n        <\/div>\r\n            <\/div>\r\n    <\/div>\r\n    \r\n    <div class=\"item item-986 skin flat even 6 \">\r\n                <div class=\"layer-wrapper layout-\">\r\n                <div class=\"layer-media\"><a href=\"https:\/\/w3.ese.ipsantarem.pt\/literaciadigital\/literacia-digital-para-o-mercado-de-trabalho-2\/\"><img alt=\"\" src=\"https:\/\/w3.ese.ipsantarem.pt\/literaciadigital\/wp-content\/uploads\/2019\/02\/DSC_2122-300x200.jpg\" \/><\/a><\/div>\r\n        <div class=\"layer-content\">\r\n            <div class=\"element element_0  title \">\r\n                    <a target=\"\" href=\"https:\/\/w3.ese.ipsantarem.pt\/literaciadigital\/literacia-digital-para-o-mercado-de-trabalho-2\/\">Literacia Digital para o Mercado de Trabalho<\/a>\r\n\r\n\t\t\r\n\r\n    <\/div>\r\n        <div class=\"element element_1  excerpt \">\r\n        A primeira edi\u00e7\u00e3o do Curso \u201cLiteracia Digital para o Mercado de Trabalho\u201d para jovens com necessidades educativas especiais vai ter            <\/div>\r\n                <a class=\"element element_2  read_more \" target=\"\" href=\"https:\/\/w3.ese.ipsantarem.pt\/literaciadigital\/literacia-digital-para-o-mercado-de-trabalho-2\/\"><\/a>\r\n\t\r\n        <\/div>\r\n            <\/div>\r\n    <\/div>\r\n    \r\n    <div class=\"item item-979 skin flat odd 7 \">\r\n                <div class=\"layer-wrapper layout-\">\r\n                <div class=\"layer-media\"><a href=\"https:\/\/w3.ese.ipsantarem.pt\/literaciadigital\/mais-literacia-para-o-mercado-de-trabalho\/\"><img alt=\"\" src=\"https:\/\/w3.ese.ipsantarem.pt\/literaciadigital\/wp-content\/uploads\/2019\/02\/Maria-Potes-Barba-912x513-300x169.jpg\" \/><\/a><\/div>\r\n        <div class=\"layer-content\">\r\n            <div class=\"element element_0  title \">\r\n                    <a target=\"\" href=\"https:\/\/w3.ese.ipsantarem.pt\/literaciadigital\/mais-literacia-para-o-mercado-de-trabalho\/\">Mais literacia para o mercado de trabalho<\/a>\r\n\r\n\t\t\r\n\r\n    <\/div>\r\n        <div class=\"element element_1  excerpt \">\r\n        Literacia Digital para o Mercado de Trabalho \u00e9 o projeto desenvolvido pela professora do Instituto Polit\u00e9cnico de Santar\u00e9m, que est\u00e1            <\/div>\r\n                <a class=\"element element_2  read_more \" target=\"\" href=\"https:\/\/w3.ese.ipsantarem.pt\/literaciadigital\/mais-literacia-para-o-mercado-de-trabalho\/\"><\/a>\r\n\t\r\n        <\/div>\r\n            <\/div>\r\n    <\/div>\r\n    \r\n    <div class=\"item item-972 skin flat even 8 \">\r\n                <div class=\"layer-wrapper layout-\">\r\n                <div class=\"layer-media\"><a href=\"https:\/\/w3.ese.ipsantarem.pt\/literaciadigital\/ensino-superior-arranca-este-ano-lectivo-o-primeiro-curso-para-deficientes-em-santarem\/\"><img alt=\"\" src=\"https:\/\/w3.ese.ipsantarem.pt\/literaciadigital\/wp-content\/uploads\/2019\/02\/transferir-300x200.jpeg\" \/><\/a><\/div>\r\n        <div class=\"layer-content\">\r\n            <div class=\"element element_0  title \">\r\n                    <a target=\"\" href=\"https:\/\/w3.ese.ipsantarem.pt\/literaciadigital\/ensino-superior-arranca-este-ano-lectivo-o-primeiro-curso-para-deficientes-em-santarem\/\">Ensino Superior. Arranca este ano lectivo o primeiro curso para deficientes em Santar\u00e9m<\/a>\r\n\r\n\t\t\r\n\r\n    <\/div>\r\n        <div class=\"element element_1  excerpt \">\r\n        A Escola Superior de Educa\u00e7\u00e3o do Instituto Polit\u00e9cnico de Santar\u00e9m vai ter pela primeira vez em Portugal um curso destinado            <\/div>\r\n                <a class=\"element element_2  read_more \" target=\"\" href=\"https:\/\/w3.ese.ipsantarem.pt\/literaciadigital\/ensino-superior-arranca-este-ano-lectivo-o-primeiro-curso-para-deficientes-em-santarem\/\"><\/a>\r\n\t\r\n        <\/div>\r\n            <\/div>\r\n    <\/div>\r\n    \r\n    <div class=\"item item-961 skin flat odd 9 \">\r\n                <div class=\"layer-wrapper layout-\">\r\n                <div class=\"layer-media\"><a href=\"https:\/\/w3.ese.ipsantarem.pt\/literaciadigital\/1a-edicao-do-curso-literacia-digital-para-o-mercado-de-trabalho-para-jovens-com-necessidades-educativas-especiais\/\"><img alt=\"\" src=\"https:\/\/w3.ese.ipsantarem.pt\/literaciadigital\/wp-content\/uploads\/2018\/12\/DSC_1392-300x200.jpg\" \/><\/a><\/div>\r\n        <div class=\"layer-content\">\r\n            <div class=\"element element_0  title \">\r\n                    <a target=\"\" href=\"https:\/\/w3.ese.ipsantarem.pt\/literaciadigital\/1a-edicao-do-curso-literacia-digital-para-o-mercado-de-trabalho-para-jovens-com-necessidades-educativas-especiais\/\">1\u00aa EDI\u00c7\u00c3O DO CURSO \u201cLITERACIA DIGITAL PARA O MERCADO DE TRABALHO\u201d PARA JOVENS COM NECESSIDADES EDUCATIVAS ESPECIAIS<\/a>\r\n\r\n\t\t\r\n\r\n    <\/div>\r\n        <div class=\"element element_1  excerpt \">\r\n        O acesso de jovens com as Necessidades Educativas Especiais ao Ensino Superior e o enquadramento de estudantes com a Dificuldade            <\/div>\r\n                <a class=\"element element_2  read_more \" target=\"\" href=\"https:\/\/w3.ese.ipsantarem.pt\/literaciadigital\/1a-edicao-do-curso-literacia-digital-para-o-mercado-de-trabalho-para-jovens-com-necessidades-educativas-especiais\/\"><\/a>\r\n\t\r\n        <\/div>\r\n            <\/div>\r\n    <\/div>\r\n            <\/div>\r\n            <div class=\"pagination\">\r\n            <div class=\"paginate\">\r\n        <span aria-current=\"page\" class=\"page-numbers current\">1<\/span>\n<a class=\"page-numbers\" href=\"https:\/\/w3.ese.ipsantarem.pt\/literaciadigital\/wp-json\/wp\/v2\/pages\/513\/page\/2\/\">2<\/a>\n<a class=\"next page-numbers\" href=\"https:\/\/w3.ese.ipsantarem.pt\/literaciadigital\/wp-json\/wp\/v2\/pages\/513\/page\/2\/\">Pr\u00f3ximo \u00bb<\/a>    <\/div>\r\n    <style type=\"text\/css\">\r\n        #post-grid-520 .pagination .page-numbers{\r\n            font-size:17px;\r\n            color:#646464;\r\n            background:#646464;\r\n        }\r\n        #post-grid-520 .pagination .page-numbers:hover,\r\n        #post-grid-520 .pagination .page-numbers.current{\r\n            background:#4b4b4b;\r\n        }\r\n    <\/style>\r\n        <\/div>\r\n        <style type=\"text\/css\">\r\n                        #post-grid-520 .element_0{display: block;font-size: 21px;line-height: normal;padding: 5px 10px;text-align: left;}\r\n                                #post-grid-520 .element_1{display: block;font-size: 12px;padding: 5px 10px;text-align: left;}\r\n                                #post-grid-520 .element_2{display: block;font-size: 12px;font-weight: bold;padding: 0 10px;text-align: left;}\r\n                #post-grid-520 .element_0:hover{}#post-grid-520 .element_1:hover{}#post-grid-520 .element_2:hover{}    <\/style>\r\n    \r\n                    <style type=\"text\/css\">\r\n            \/*Write your CSS code here*\/        <\/style>\r\n    \r\n        <script>\r\n                    \/*Write your js code here*\/            <\/script>\r\n        <style type=\"text\/css\">\r\n        #post-grid-520 {\r\n                    padding:10px;\r\n                            background-color: #fff;\r\n                                }\r\n        #post-grid-520 .grid-items{\r\n                    text-align: center;\r\n                }\r\n        #post-grid-520 .item{\r\n                    margin:10px;\r\n                                    background:#fff;\r\n                }\r\n        #post-grid-520  .item .layer-media{\r\n            height:auto;        }\r\n        @media only screen and ( min-width: 0px ) and ( max-width: 767px ) {\r\n\r\n            #post-grid-520 .grid-items{\r\n                        }\r\n\r\n\r\n            #post-grid-520 .item{\r\n                            width:90%;\r\n                        height:auto;            }\r\n        }\r\n        @media only screen and ( min-width: 768px ) and ( max-width: 1023px ) {\r\n            #post-grid-520 .grid-items{\r\n                        }\r\n\r\n            #post-grid-520 .item{\r\n                            width:280px;\r\n                        max-height:auto;            }\r\n        }\r\n        @media only screen and (min-width: 1024px ){\r\n\r\n            #post-grid-520 .grid-items{\r\n                        }\r\n\r\n\r\n            #post-grid-520 .item{\r\n                            width:280px;\r\n                        height:auto;            }\r\n        }\r\n\r\n        \r\n\r\n    <\/style>\r\n        <\/div>\r\n    <\/div>\n\t\t\t\t<\/div>\n\t\t\t\t<\/div>\n\t\t\t\t\t\t<\/div>\n\t\t\t\t\t<\/div>\n\t\t<\/div>\n\t\t\t\t\t\t\t\t<\/div>\n\t\t\t\t\t<\/div>\n\t\t<\/section>\n\t\t\t\t\t\t<\/div>\n\t\t\t\t\t\t<\/div>\n\t\t\t\t\t<\/div>\n\t\t","protected":false},"excerpt":{"rendered":"","protected":false},"author":1,"featured_media":831,"parent":0,"menu_order":0,"comment_status":"closed","ping_status":"closed","template":"","meta":[],"_links":{"self":[{"href":"https:\/\/w3.ese.ipsantarem.pt\/literaciadigital\/wp-json\/wp\/v2\/pages\/513"}],"collection":[{"href":"https:\/\/w3.ese.ipsantarem.pt\/literaciadigital\/wp-json\/wp\/v2\/pages"}],"about":[{"href":"https:\/\/w3.ese.ipsantarem.pt\/literaciadigital\/wp-json\/wp\/v2\/types\/page"}],"author":[{"embeddable":true,"href":"https:\/\/w3.ese.ipsantarem.pt\/literaciadigital\/wp-json\/wp\/v2\/users\/1"}],"replies":[{"embeddable":true,"href":"https:\/\/w3.ese.ipsantarem.pt\/literaciadigital\/wp-json\/wp\/v2\/comments?post=513"}],"version-history":[{"count":7,"href":"https:\/\/w3.ese.ipsantarem.pt\/literaciadigital\/wp-json\/wp\/v2\/pages\/513\/revisions"}],"predecessor-version":[{"id":1771,"href":"https:\/\/w3.ese.ipsantarem.pt\/literaciadigital\/wp-json\/wp\/v2\/pages\/513\/revisions\/1771"}],"wp:featuredmedia":[{"embeddable":true,"href":"https:\/\/w3.ese.ipsantarem.pt\/literaciadigital\/wp-json\/wp\/v2\/media\/831"}],"wp:attachment":[{"href":"https:\/\/w3.ese.ipsantarem.pt\/literaciadigital\/wp-json\/wp\/v2\/media?parent=513"}],"curies":[{"name":"wp","href":"https:\/\/api.w.org\/{rel}","templated":true}]}}