{"id":774,"date":"2020-11-29T13:22:40","date_gmt":"2020-11-29T12:22:40","guid":{"rendered":"http:\/\/w3.ese.ipsantarem.pt\/pe\/?page_id=774"},"modified":"2024-10-07T12:41:14","modified_gmt":"2024-10-07T11:41:14","slug":"helpdesk","status":"publish","type":"page","link":"https:\/\/w3.ese.ipsantarem.pt\/pe\/helpdesk\/","title":{"rendered":"HelpDesk"},"content":{"rendered":"\t\t<div data-elementor-type=\"wp-page\" data-elementor-id=\"774\" class=\"elementor elementor-774\">\n\t\t\t\t\t\t<section class=\"elementor-section elementor-top-section elementor-element elementor-element-80a58c9 elementor-section-boxed elementor-section-height-default elementor-section-height-default\" data-id=\"80a58c9\" data-element_type=\"section\" data-settings=\"{&quot;background_background&quot;:&quot;classic&quot;}\">\n\t\t\t\t\t\t<div class=\"elementor-container elementor-column-gap-default\">\n\t\t\t\t\t<div class=\"elementor-column elementor-col-50 elementor-top-column elementor-element elementor-element-37af0cb\" data-id=\"37af0cb\" data-element_type=\"column\">\n\t\t\t<div class=\"elementor-widget-wrap elementor-element-populated\">\n\t\t\t\t\t\t<div class=\"elementor-element elementor-element-050b3d3 elementor-widget elementor-widget-menu-anchor\" data-id=\"050b3d3\" data-element_type=\"widget\" data-widget_type=\"menu-anchor.default\">\n\t\t\t\t<div class=\"elementor-widget-container\">\n\t\t\t\t\t\t\t<div class=\"elementor-menu-anchor\" id=\"recursos\"><\/div>\n\t\t\t\t\t\t<\/div>\n\t\t\t\t<\/div>\n\t\t\t\t<div class=\"elementor-element elementor-element-6d7b2c4 elementor-widget elementor-widget-heading\" data-id=\"6d7b2c4\" data-element_type=\"widget\" data-widget_type=\"heading.default\">\n\t\t\t\t<div class=\"elementor-widget-container\">\n\t\t\t\t\t<h2 class=\"elementor-heading-title elementor-size-default\"><a href=\"https:\/\/w3.ese.ipsantarem.pt\/pe\/helpdesk\">HelpDesk<\/a><\/h2>\t\t\t\t<\/div>\n\t\t\t\t<\/div>\n\t\t\t\t\t<\/div>\n\t\t<\/div>\n\t\t\t\t<div class=\"elementor-column elementor-col-50 elementor-top-column elementor-element elementor-element-0c1b34d\" data-id=\"0c1b34d\" data-element_type=\"column\">\n\t\t\t<div class=\"elementor-widget-wrap elementor-element-populated\">\n\t\t\t\t\t\t<div class=\"elementor-element elementor-element-85c5206 elementor-widget elementor-widget-menu-anchor\" data-id=\"85c5206\" data-element_type=\"widget\" data-widget_type=\"menu-anchor.default\">\n\t\t\t\t<div class=\"elementor-widget-container\">\n\t\t\t\t\t\t\t<div class=\"elementor-menu-anchor\" id=\"inicio\"><\/div>\n\t\t\t\t\t\t<\/div>\n\t\t\t\t<\/div>\n\t\t\t\t<div class=\"elementor-element elementor-element-0f69bae elementor-widget elementor-widget-image\" data-id=\"0f69bae\" data-element_type=\"widget\" data-widget_type=\"image.default\">\n\t\t\t\t<div class=\"elementor-widget-container\">\n\t\t\t\t\t\t\t\t\t\t\t\t\t\t\t<img fetchpriority=\"high\" decoding=\"async\" width=\"532\" height=\"216\" src=\"https:\/\/w3.ese.ipsantarem.pt\/pe\/wp-content\/uploads\/2023\/01\/logo-branco.png\" class=\"attachment-large size-large wp-image-1539\" alt=\"Logotipo ESE | IPSantar\u00e9m\" srcset=\"https:\/\/w3.ese.ipsantarem.pt\/pe\/wp-content\/uploads\/2023\/01\/logo-branco.png 532w, https:\/\/w3.ese.ipsantarem.pt\/pe\/wp-content\/uploads\/2023\/01\/logo-branco-300x122.png 300w\" sizes=\"(max-width: 532px) 100vw, 532px\" \/>\t\t\t\t\t\t\t\t\t\t\t\t\t\t\t<\/div>\n\t\t\t\t<\/div>\n\t\t\t\t\t<\/div>\n\t\t<\/div>\n\t\t\t\t\t<\/div>\n\t\t<\/section>\n\t\t\t\t<section class=\"elementor-section elementor-top-section elementor-element elementor-element-1d2ee1f elementor-section-boxed elementor-section-height-default elementor-section-height-default\" data-id=\"1d2ee1f\" data-element_type=\"section\" data-settings=\"{&quot;background_background&quot;:&quot;classic&quot;}\">\n\t\t\t\t\t\t<div class=\"elementor-container elementor-column-gap-default\">\n\t\t\t\t\t<div class=\"elementor-column elementor-col-100 elementor-top-column elementor-element elementor-element-482a5cc\" data-id=\"482a5cc\" data-element_type=\"column\">\n\t\t\t<div class=\"elementor-widget-wrap elementor-element-populated\">\n\t\t\t\t\t\t<div class=\"elementor-element elementor-element-23d8b8e elementor-widget elementor-widget-text-editor\" data-id=\"23d8b8e\" data-element_type=\"widget\" data-widget_type=\"text-editor.default\">\n\t\t\t\t<div class=\"elementor-widget-container\">\n\t\t\t\t\t\t\t\t\t<p style=\"text-align: center;\"><span style=\"color: #ffffff;\"><span style=\"color: #333333;\"><a style=\"color: #333333;\" href=\"https:\/\/w3.ese.ipsantarem.pt\/pe\/helpdesk\/#inicio\">IN\u00cdCIO\u00a0<\/a><\/span> <strong><span style=\"color: #000000;\">|<\/span><\/strong>\u00a0 <a style=\"color: #ffffff;\" href=\"https:\/\/w3.ese.ipsantarem.pt\/pe\/recursos\/#inicio\">RECURSOS<\/a>\u00a0 <strong><span style=\"color: #000000;\">|<\/span><\/strong>\u00a0 <a style=\"color: #ffffff;\" href=\"https:\/\/w3.ese.ipsantarem.pt\/pe\/tutoriais\">TUTORIAIS<\/a>\u00a0 <\/span><\/p>\t\t\t\t\t\t\t\t<\/div>\n\t\t\t\t<\/div>\n\t\t\t\t\t<\/div>\n\t\t<\/div>\n\t\t\t\t\t<\/div>\n\t\t<\/section>\n\t\t\t\t<section class=\"elementor-section elementor-top-section elementor-element elementor-element-788ac96 elementor-section-full_width elementor-section-stretched elementor-section-height-default elementor-section-height-default\" data-id=\"788ac96\" data-element_type=\"section\" data-settings=\"{&quot;background_background&quot;:&quot;classic&quot;,&quot;stretch_section&quot;:&quot;section-stretched&quot;}\">\n\t\t\t\t\t\t<div class=\"elementor-container elementor-column-gap-default\">\n\t\t\t\t\t<div class=\"elementor-column elementor-col-100 elementor-top-column elementor-element elementor-element-e5bf20d\" data-id=\"e5bf20d\" data-element_type=\"column\">\n\t\t\t<div class=\"elementor-widget-wrap elementor-element-populated\">\n\t\t\t\t\t\t<div class=\"elementor-element elementor-element-f659ca6 elementor-widget elementor-widget-image\" data-id=\"f659ca6\" data-element_type=\"widget\" data-widget_type=\"image.default\">\n\t\t\t\t<div class=\"elementor-widget-container\">\n\t\t\t\t\t\t\t\t\t\t\t\t\t\t\t<img decoding=\"async\" width=\"1920\" height=\"250\" src=\"https:\/\/w3.ese.ipsantarem.pt\/pe\/wp-content\/uploads\/2023\/01\/4-1.png\" class=\"attachment-full size-full wp-image-1674\" alt=\"imagem de figura feminina a teclar\" srcset=\"https:\/\/w3.ese.ipsantarem.pt\/pe\/wp-content\/uploads\/2023\/01\/4-1.png 1920w, https:\/\/w3.ese.ipsantarem.pt\/pe\/wp-content\/uploads\/2023\/01\/4-1-300x39.png 300w, https:\/\/w3.ese.ipsantarem.pt\/pe\/wp-content\/uploads\/2023\/01\/4-1-1024x133.png 1024w, https:\/\/w3.ese.ipsantarem.pt\/pe\/wp-content\/uploads\/2023\/01\/4-1-768x100.png 768w, https:\/\/w3.ese.ipsantarem.pt\/pe\/wp-content\/uploads\/2023\/01\/4-1-1536x200.png 1536w, https:\/\/w3.ese.ipsantarem.pt\/pe\/wp-content\/uploads\/2023\/01\/4-1-1200x156.png 1200w\" sizes=\"(max-width: 1920px) 100vw, 1920px\" \/>\t\t\t\t\t\t\t\t\t\t\t\t\t\t\t<\/div>\n\t\t\t\t<\/div>\n\t\t\t\t\t<\/div>\n\t\t<\/div>\n\t\t\t\t\t<\/div>\n\t\t<\/section>\n\t\t\t\t<section class=\"elementor-section elementor-top-section elementor-element elementor-element-959f4fd elementor-section-boxed elementor-section-height-default elementor-section-height-default\" data-id=\"959f4fd\" data-element_type=\"section\" data-settings=\"{&quot;background_background&quot;:&quot;classic&quot;}\">\n\t\t\t\t\t\t<div class=\"elementor-container elementor-column-gap-default\">\n\t\t\t\t\t<div class=\"elementor-column elementor-col-33 elementor-top-column elementor-element elementor-element-7c66dba\" data-id=\"7c66dba\" data-element_type=\"column\" data-settings=\"{&quot;background_background&quot;:&quot;classic&quot;}\">\n\t\t\t<div class=\"elementor-widget-wrap elementor-element-populated\">\n\t\t\t\t\t\t<div class=\"elementor-element elementor-element-8cbfc9f elementor-widget elementor-widget-text-editor\" data-id=\"8cbfc9f\" data-element_type=\"widget\" data-widget_type=\"text-editor.default\">\n\t\t\t\t<div class=\"elementor-widget-container\">\n\t\t\t\t\t\t\t\t\t<p>Sobre n\u00f3s<\/p>\t\t\t\t\t\t\t\t<\/div>\n\t\t\t\t<\/div>\n\t\t\t\t<div class=\"elementor-element elementor-element-5c8c7a1 elementor-widget elementor-widget-text-editor\" data-id=\"5c8c7a1\" data-element_type=\"widget\" data-widget_type=\"text-editor.default\">\n\t\t\t\t<div class=\"elementor-widget-container\">\n\t\t\t\t\t\t\t\t\t<p>O Servi\u00e7o de Help Desk tem como objectivo prestar apoio t\u00e9cnico, procurando dar resposta \u00e0s d\u00favidas dos utilizadores e aos problemas t\u00e9cnicos de utiliza\u00e7\u00e3o e configura\u00e7\u00e3o dos recursos inform\u00e1ticos. Este deve ser o elo de comunica\u00e7\u00e3o utilizado para esclarecimentos ou resolu\u00e7\u00e3o de problemas.<\/p>\t\t\t\t\t\t\t\t<\/div>\n\t\t\t\t<\/div>\n\t\t\t\t\t<\/div>\n\t\t<\/div>\n\t\t\t\t<div class=\"elementor-column elementor-col-33 elementor-top-column elementor-element elementor-element-39943c9\" data-id=\"39943c9\" data-element_type=\"column\" data-settings=\"{&quot;background_background&quot;:&quot;classic&quot;}\">\n\t\t\t<div class=\"elementor-widget-wrap elementor-element-populated\">\n\t\t\t\t\t\t<div class=\"elementor-element elementor-element-57e91c3 elementor-widget elementor-widget-text-editor\" data-id=\"57e91c3\" data-element_type=\"widget\" data-widget_type=\"text-editor.default\">\n\t\t\t\t<div class=\"elementor-widget-container\">\n\t\t\t\t\t\t\t\t\t<p>Ajuda<\/p>\t\t\t\t\t\t\t\t<\/div>\n\t\t\t\t<\/div>\n\t\t\t\t<div class=\"elementor-element elementor-element-f20a7d3 elementor-widget elementor-widget-text-editor\" data-id=\"f20a7d3\" data-element_type=\"widget\" data-widget_type=\"text-editor.default\">\n\t\t\t\t<div class=\"elementor-widget-container\">\n\t\t\t\t\t\t\t\t\t<p>Em caso de d\u00favida\/problema na utiliza\u00e7\u00e3o dos recursos inform\u00e1ticos da ESES envie mail para:<br \/><span style=\"color: #00ccff;\"><a style=\"color: #00ccff;\" href=\"mailto:helpdesk@ese.ipsantarem.pt\" target=\"_self\" data-content=\"helpdesk@ese.ipsantarem.pt\" data-type=\"mail\"><span class=\"color_18\"><strong>helpdesk@ese.ipsantarem.pt<\/strong><\/span><\/a><\/span><br \/>Refira a dificuldade encontrada e indique:<br \/>N\u00ba de estudante\u00a0<br \/>Curso<\/p>\t\t\t\t\t\t\t\t<\/div>\n\t\t\t\t<\/div>\n\t\t\t\t\t<\/div>\n\t\t<\/div>\n\t\t\t\t<div class=\"elementor-column elementor-col-33 elementor-top-column elementor-element elementor-element-be3b4de\" data-id=\"be3b4de\" data-element_type=\"column\" data-settings=\"{&quot;background_background&quot;:&quot;classic&quot;}\">\n\t\t\t<div class=\"elementor-widget-wrap elementor-element-populated\">\n\t\t\t\t\t\t<div class=\"elementor-element elementor-element-6414e93 elementor-widget elementor-widget-text-editor\" data-id=\"6414e93\" data-element_type=\"widget\" data-widget_type=\"text-editor.default\">\n\t\t\t\t<div class=\"elementor-widget-container\">\n\t\t\t\t\t\t\t\t\t<p>Equipa<\/p>\t\t\t\t\t\t\t\t<\/div>\n\t\t\t\t<\/div>\n\t\t\t\t<div class=\"elementor-element elementor-element-624fb97 elementor-widget elementor-widget-text-editor\" data-id=\"624fb97\" data-element_type=\"widget\" data-widget_type=\"text-editor.default\">\n\t\t\t\t<div class=\"elementor-widget-container\">\n\t\t\t\t\t\t\t\t\t<p class=\"font_7\"><strong>Ana Dias<\/strong><br \/><em>Especialista de Inform\u00e1tica<\/em><\/p><p class=\"font_7\"><strong>Helena Mascarenhas<\/strong><br \/><em>T\u00e9cnica de Inform\u00e1tica<\/em><\/p>\t\t\t\t\t\t\t\t<\/div>\n\t\t\t\t<\/div>\n\t\t\t\t\t<\/div>\n\t\t<\/div>\n\t\t\t\t\t<\/div>\n\t\t<\/section>\n\t\t\t\t<section class=\"elementor-section elementor-top-section elementor-element elementor-element-8db7ad0 elementor-section-boxed elementor-section-height-default elementor-section-height-default\" data-id=\"8db7ad0\" data-element_type=\"section\" data-settings=\"{&quot;background_background&quot;:&quot;classic&quot;}\">\n\t\t\t\t\t\t<div class=\"elementor-container elementor-column-gap-default\">\n\t\t\t\t\t<div class=\"elementor-column elementor-col-50 elementor-top-column elementor-element elementor-element-aef00b9\" data-id=\"aef00b9\" data-element_type=\"column\">\n\t\t\t<div class=\"elementor-widget-wrap elementor-element-populated\">\n\t\t\t\t\t\t<div class=\"elementor-element elementor-element-ed3c731 elementor-widget elementor-widget-text-editor\" data-id=\"ed3c731\" data-element_type=\"widget\" data-widget_type=\"text-editor.default\">\n\t\t\t\t<div class=\"elementor-widget-container\">\n\t\t\t\t\t\t\t\t\t<p>helpdesk@ese.ipsantarem.pt<\/p>\t\t\t\t\t\t\t\t<\/div>\n\t\t\t\t<\/div>\n\t\t\t\t\t<\/div>\n\t\t<\/div>\n\t\t\t\t<div class=\"elementor-column elementor-col-50 elementor-top-column elementor-element elementor-element-4292ad1\" data-id=\"4292ad1\" data-element_type=\"column\">\n\t\t\t<div class=\"elementor-widget-wrap elementor-element-populated\">\n\t\t\t\t\t\t<div class=\"elementor-element elementor-element-8942a48 elementor-align-center elementor-widget elementor-widget-button\" data-id=\"8942a48\" data-element_type=\"widget\" data-widget_type=\"button.default\">\n\t\t\t\t<div class=\"elementor-widget-container\">\n\t\t\t\t\t\t\t\t\t<div class=\"elementor-button-wrapper\">\n\t\t\t\t\t<a class=\"elementor-button elementor-button-link elementor-size-xs\" href=\"https:\/\/academicos.ipsantarem.pt\" target=\"_blank\">\n\t\t\t\t\t\t<span class=\"elementor-button-content-wrapper\">\n\t\t\t\t\t\t\t\t\t<span class=\"elementor-button-text\">PORTAL ACAD\u00c9MICO<\/span>\n\t\t\t\t\t<\/span>\n\t\t\t\t\t<\/a>\n\t\t\t\t<\/div>\n\t\t\t\t\t\t\t\t<\/div>\n\t\t\t\t<\/div>\n\t\t\t\t\t<\/div>\n\t\t<\/div>\n\t\t\t\t\t<\/div>\n\t\t<\/section>\n\t\t\t\t<section class=\"elementor-section elementor-top-section elementor-element elementor-element-74af668 elementor-section-boxed elementor-section-height-default elementor-section-height-default\" data-id=\"74af668\" data-element_type=\"section\" data-settings=\"{&quot;background_background&quot;:&quot;classic&quot;}\">\n\t\t\t\t\t\t<div class=\"elementor-container elementor-column-gap-default\">\n\t\t\t\t\t<div class=\"elementor-column elementor-col-100 elementor-top-column elementor-element elementor-element-4d6df1f\" data-id=\"4d6df1f\" data-element_type=\"column\">\n\t\t\t<div class=\"elementor-widget-wrap elementor-element-populated\">\n\t\t\t\t\t\t<section class=\"elementor-section elementor-inner-section elementor-element elementor-element-8d15e1e elementor-section-boxed elementor-section-height-default elementor-section-height-default\" data-id=\"8d15e1e\" data-element_type=\"section\">\n\t\t\t\t\t\t<div class=\"elementor-container elementor-column-gap-default\">\n\t\t\t\t\t<div class=\"elementor-column elementor-col-16 elementor-inner-column elementor-element elementor-element-159905a\" data-id=\"159905a\" data-element_type=\"column\">\n\t\t\t<div class=\"elementor-widget-wrap elementor-element-populated\">\n\t\t\t\t\t\t<div class=\"elementor-element elementor-element-a9838b1 elementor-widget elementor-widget-text-editor\" data-id=\"a9838b1\" data-element_type=\"widget\" data-widget_type=\"text-editor.default\">\n\t\t\t\t<div class=\"elementor-widget-container\">\n\t\t\t\t\t\t\t\t\t<p>Desenvolvido por rui.lopes \u2022 janeiro 2023<\/p>\t\t\t\t\t\t\t\t<\/div>\n\t\t\t\t<\/div>\n\t\t\t\t\t<\/div>\n\t\t<\/div>\n\t\t\t\t<div class=\"elementor-column elementor-col-16 elementor-inner-column elementor-element elementor-element-29840c2\" data-id=\"29840c2\" data-element_type=\"column\">\n\t\t\t<div class=\"elementor-widget-wrap\">\n\t\t\t\t\t\t\t<\/div>\n\t\t<\/div>\n\t\t\t\t<div class=\"elementor-column elementor-col-16 elementor-inner-column elementor-element elementor-element-8bf8dc6\" data-id=\"8bf8dc6\" data-element_type=\"column\">\n\t\t\t<div class=\"elementor-widget-wrap\">\n\t\t\t\t\t\t\t<\/div>\n\t\t<\/div>\n\t\t\t\t<div class=\"elementor-column elementor-col-16 elementor-inner-column elementor-element elementor-element-f78fb8e\" data-id=\"f78fb8e\" data-element_type=\"column\">\n\t\t\t<div class=\"elementor-widget-wrap elementor-element-populated\">\n\t\t\t\t\t\t<div class=\"elementor-element elementor-element-27aa3be elementor-widget elementor-widget-image\" data-id=\"27aa3be\" data-element_type=\"widget\" data-widget_type=\"image.default\">\n\t\t\t\t<div class=\"elementor-widget-container\">\n\t\t\t\t\t\t\t\t\t\t\t\t\t\t\t\t<a href=\"https:\/\/infociips.ipsantarem.pt\/\" target=\"_blank\">\n\t\t\t\t\t\t\t<img decoding=\"async\" width=\"580\" height=\"66\" src=\"https:\/\/w3.ese.ipsantarem.pt\/pe\/wp-content\/uploads\/2020\/11\/logo_info_cips-1024x116.png\" class=\"attachment-large size-large wp-image-825\" alt=\"INFOCI IPSantar\u00e9m\" srcset=\"https:\/\/w3.ese.ipsantarem.pt\/pe\/wp-content\/uploads\/2020\/11\/logo_info_cips-1024x116.png 1024w, https:\/\/w3.ese.ipsantarem.pt\/pe\/wp-content\/uploads\/2020\/11\/logo_info_cips-300x34.png 300w, https:\/\/w3.ese.ipsantarem.pt\/pe\/wp-content\/uploads\/2020\/11\/logo_info_cips-768x87.png 768w, https:\/\/w3.ese.ipsantarem.pt\/pe\/wp-content\/uploads\/2020\/11\/logo_info_cips.png 1068w\" sizes=\"(max-width: 580px) 100vw, 580px\" \/>\t\t\t\t\t\t\t\t<\/a>\n\t\t\t\t\t\t\t\t\t\t\t\t\t\t\t<\/div>\n\t\t\t\t<\/div>\n\t\t\t\t\t<\/div>\n\t\t<\/div>\n\t\t\t\t<div class=\"elementor-column elementor-col-16 elementor-inner-column elementor-element elementor-element-aaa8827\" data-id=\"aaa8827\" data-element_type=\"column\">\n\t\t\t<div class=\"elementor-widget-wrap elementor-element-populated\">\n\t\t\t\t\t\t<div class=\"elementor-element elementor-element-783dce4 elementor-widget elementor-widget-image\" data-id=\"783dce4\" data-element_type=\"widget\" data-widget_type=\"image.default\">\n\t\t\t\t<div class=\"elementor-widget-container\">\n\t\t\t\t\t\t\t\t\t\t\t\t\t\t\t\t<a href=\"https:\/\/eduroam.pt\/\" target=\"_blank\">\n\t\t\t\t\t\t\t<img loading=\"lazy\" decoding=\"async\" width=\"516\" height=\"187\" src=\"https:\/\/w3.ese.ipsantarem.pt\/pe\/wp-content\/uploads\/2020\/11\/eduroam-1.png\" class=\"attachment-large size-large wp-image-849\" alt=\"Eduroam\" srcset=\"https:\/\/w3.ese.ipsantarem.pt\/pe\/wp-content\/uploads\/2020\/11\/eduroam-1.png 516w, https:\/\/w3.ese.ipsantarem.pt\/pe\/wp-content\/uploads\/2020\/11\/eduroam-1-300x109.png 300w\" sizes=\"(max-width: 516px) 100vw, 516px\" \/>\t\t\t\t\t\t\t\t<\/a>\n\t\t\t\t\t\t\t\t\t\t\t\t\t\t\t<\/div>\n\t\t\t\t<\/div>\n\t\t\t\t\t<\/div>\n\t\t<\/div>\n\t\t\t\t<div class=\"elementor-column elementor-col-16 elementor-inner-column elementor-element elementor-element-ad06fba\" data-id=\"ad06fba\" data-element_type=\"column\">\n\t\t\t<div class=\"elementor-widget-wrap\">\n\t\t\t\t\t\t\t<\/div>\n\t\t<\/div>\n\t\t\t\t\t<\/div>\n\t\t<\/section>\n\t\t\t\t\t<\/div>\n\t\t<\/div>\n\t\t\t\t\t<\/div>\n\t\t<\/section>\n\t\t\t\t<\/div>\n\t\t","protected":false},"excerpt":{"rendered":"<p>HelpDesk IN\u00cdCIO\u00a0 |\u00a0 RECURSOS\u00a0 |\u00a0 TUTORIAIS\u00a0 Sobre n\u00f3s O Servi\u00e7o de Help Desk tem como objectivo prestar apoio t\u00e9cnico, procurando dar resposta \u00e0s d\u00favidas dos utilizadores e aos problemas t\u00e9cnicos de utiliza\u00e7\u00e3o e configura\u00e7\u00e3o dos recursos inform\u00e1ticos. Este deve ser o elo de comunica\u00e7\u00e3o utilizado para esclarecimentos ou resolu\u00e7\u00e3o de problemas. Ajuda Em caso de [&hellip;]<\/p>\n","protected":false},"author":1,"featured_media":0,"parent":0,"menu_order":0,"comment_status":"closed","ping_status":"closed","template":"elementor_canvas","meta":{"footnotes":""},"class_list":["post-774","page","type-page","status-publish","hentry"],"_links":{"self":[{"href":"https:\/\/w3.ese.ipsantarem.pt\/pe\/wp-json\/wp\/v2\/pages\/774","targetHints":{"allow":["GET"]}}],"collection":[{"href":"https:\/\/w3.ese.ipsantarem.pt\/pe\/wp-json\/wp\/v2\/pages"}],"about":[{"href":"https:\/\/w3.ese.ipsantarem.pt\/pe\/wp-json\/wp\/v2\/types\/page"}],"author":[{"embeddable":true,"href":"https:\/\/w3.ese.ipsantarem.pt\/pe\/wp-json\/wp\/v2\/users\/1"}],"replies":[{"embeddable":true,"href":"https:\/\/w3.ese.ipsantarem.pt\/pe\/wp-json\/wp\/v2\/comments?post=774"}],"version-history":[{"count":278,"href":"https:\/\/w3.ese.ipsantarem.pt\/pe\/wp-json\/wp\/v2\/pages\/774\/revisions"}],"predecessor-version":[{"id":2148,"href":"https:\/\/w3.ese.ipsantarem.pt\/pe\/wp-json\/wp\/v2\/pages\/774\/revisions\/2148"}],"wp:attachment":[{"href":"https:\/\/w3.ese.ipsantarem.pt\/pe\/wp-json\/wp\/v2\/media?parent=774"}],"curies":[{"name":"wp","href":"https:\/\/api.w.org\/{rel}","templated":true}]}}